{"id":638,"date":"2019-03-13T09:41:18","date_gmt":"2019-03-13T09:41:18","guid":{"rendered":"https:\/\/www.banysarabs.cat\/horaris-i-preus\/"},"modified":"2023-10-09T00:28:09","modified_gmt":"2023-10-08T22:28:09","slug":"horaris-i-preus","status":"publish","type":"page","link":"https:\/\/www.banysarabs.cat\/fr\/horaris-i-preus\/","title":{"rendered":"Horaires et prix"},"content":{"rendered":"<div class=\"wpb-content-wrapper\">[vc_row full_width=\u00a0\u00bbstretch_row\u00a0\u00bb bg_type=\u00a0\u00bbimage\u00a0\u00bb parallax_style=\u00a0\u00bbvcpb-default\u00a0\u00bb bg_image_new=\u00a0\u00bbid^217|url^https:\/\/www.banysarabs.cat\/wp-content\/uploads\/2019\/03\/horaris.jpg|caption^null|alt^null|title^horaris|description^null\u00a0\u00bb bg_image_repeat=\u00a0\u00bbno-repeat\u00a0\u00bb el_class=\u00a0\u00bbfilaprimera\u00a0\u00bb css=\u00a0\u00bb.vc_custom_1553516682982{margin-bottom: 0px !important;padding-bottom: 0px !important;}\u00a0\u00bb][vc_column]<div class=\"ult-spacer spacer-69e49da95205c\" data-id=\"69e49da95205c\" data-height=\"245\" data-height-mobile=\"245\" data-height-tab=\"245\" data-height-tab-portrait=\"\" data-height-mobile-landscape=\"\" style=\"clear:both;display:block;\"><\/div><div id=\"ultimate-heading-15069e49da9520ee\" class=\"uvc-heading ult-adjust-bottom-margin ultimate-heading-15069e49da9520ee uvc-5748 \" data-hspacer=\"no_spacer\"  data-halign=\"center\" style=\"text-align:center\"><div class=\"uvc-heading-spacer no_spacer\" style=\"top\"><\/div><div class=\"uvc-sub-heading ult-responsive\"  data-ultimate-target='.uvc-heading.ultimate-heading-15069e49da9520ee .uvc-sub-heading '  data-responsive-json-new='{\"font-size\":\"desktop:60px;\",\"line-height\":\"\"}'  style=\"font-weight:normal;color:#ffffff;\">\n<p style=\"text-align: center;\"><span style=\"color: #ffffff; letter-spacing: 6px; font-weight: 300;\"> HORAIRES ET PRIX <\/span><\/p>\n<\/div><\/div><div class=\"ult-spacer spacer-69e49da952165\" data-id=\"69e49da952165\" data-height=\"300\" data-height-mobile=\"300\" data-height-tab=\"300\" data-height-tab-portrait=\"\" data-height-mobile-landscape=\"\" style=\"clear:both;display:block;\"><\/div>[\/vc_column][\/vc_row][vc_row full_width=\u00a0\u00bbstretch_row\u00a0\u00bb content_placement=\u00a0\u00bbtop\u00a0\u00bb bg_type=\u00a0\u00bbbg_color\u00a0\u00bb css=\u00a0\u00bb.vc_custom_1553518416300{margin-top: 6px !important;margin-right: 0px !important;margin-bottom: 0px !important;margin-left: 0px !important;padding-bottom: 0px !important;}\u00a0\u00bb bg_color_value=\u00a0\u00bb#e7e7e2&Prime;][vc_column]<div class=\"ult-spacer spacer-69e49da9521ae\" data-id=\"69e49da9521ae\" data-height=\"42\" data-height-mobile=\"42\" data-height-tab=\"42\" data-height-tab-portrait=\"\" data-height-mobile-landscape=\"\" style=\"clear:both;display:block;\"><\/div><div id=\"ultimate-heading-542569e49da952221\" class=\"uvc-heading ult-adjust-bottom-margin ultimate-heading-542569e49da952221 uvc-5837 titol\" data-hspacer=\"no_spacer\"  data-halign=\"center\" style=\"text-align:center\"><div class=\"uvc-heading-spacer no_spacer\" style=\"top\"><\/div><div class=\"uvc-sub-heading ult-responsive\"  data-ultimate-target='.uvc-heading.ultimate-heading-542569e49da952221 .uvc-sub-heading '  data-responsive-json-new='{\"font-size\":\"desktop:36px;\",\"line-height\":\"\"}'  style=\"font-family:&#039;Arapey&#039;;font-style:italic;font-weight:normal;color:#0a0a0a;\">\n<p style=\"text-align: center;\">\u00b7 Prix \u00b7<\/p>\n<\/div><\/div><div class=\"ult-spacer spacer-69e49da95229c\" data-id=\"69e49da95229c\" data-height=\"19\" data-height-mobile=\"19\" data-height-tab=\"19\" data-height-tab-portrait=\"\" data-height-mobile-landscape=\"\" style=\"clear:both;display:block;\"><\/div>[vc_row_inner css=\u00a0\u00bb.vc_custom_1552481913065{padding-right: 85px !important;padding-left: 85px !important;}\u00a0\u00bb][vc_column_inner width=\u00a0\u00bb1\/3&Prime;]<div id=\"ultimate-heading-85669e49da9522f3\" class=\"uvc-heading ult-adjust-bottom-margin ultimate-heading-85669e49da9522f3 uvc-9911 titol\" data-hspacer=\"no_spacer\"  data-halign=\"center\" style=\"text-align:center\"><div class=\"uvc-heading-spacer no_spacer\" style=\"top\"><\/div><div class=\"uvc-sub-heading ult-responsive\"  data-ultimate-target='.uvc-heading.ultimate-heading-85669e49da9522f3 .uvc-sub-heading '  data-responsive-json-new='{\"font-size\":\"desktop:20px;\",\"line-height\":\"\"}'  style=\"font-family:&#039;Vollkorn SC&#039;;font-weight:normal;font-style:normal;color:#0a0a0a;\">\n<p style=\"text-align: center;\">\u2013 Tarif r\u00e9duit \u2013<\/p>\n<\/div><\/div>[vc_column_text css=\u00a0\u00bb.vc_custom_1592564354992{margin-top: 17px !important;}\u00a0\u00bb]\n<p style=\"text-align: center;\"><span style=\"color: #706964;\">1 euro par personne pour les \u00e9tudiants, groupes d&rsquo;\u00e9tudiants (jusqu&rsquo;\u00e0 un maximum de 30 euros par groupe), groupes de plus de 15 personnes, enfants de moins de 16 ans, ch\u00f4meurs, familles nombreuses et familles monoparentales.<\/span><\/p>\n[\/vc_column_text][\/vc_column_inner][vc_column_inner width=\u00a0\u00bb1\/3&Prime;]<div id=\"ultimate-heading-548369e49da952369\" class=\"uvc-heading ult-adjust-bottom-margin ultimate-heading-548369e49da952369 uvc-4603 titol\" data-hspacer=\"no_spacer\"  data-halign=\"center\" style=\"text-align:center\"><div class=\"uvc-heading-spacer no_spacer\" style=\"top\"><\/div><div class=\"uvc-sub-heading ult-responsive\"  data-ultimate-target='.uvc-heading.ultimate-heading-548369e49da952369 .uvc-sub-heading '  data-responsive-json-new='{\"font-size\":\"desktop:20px;\",\"line-height\":\"\"}'  style=\"font-family:&#039;Vollkorn SC&#039;;font-weight:normal;font-style:normal;color:#0a0a0a;\">\n<p style=\"text-align: center;\">\u2013 Entr\u00e9e \u2013<\/p>\n<\/div><\/div>[vc_column_text css=\u00a0\u00bb.vc_custom_1592564364921{margin-top: 17px !important;}\u00a0\u00bb]\n<p style=\"text-align: center;\"><span style=\"color: #706964;\"> 3 euros par personne<\/span><\/p>\n[\/vc_column_text][\/vc_column_inner][vc_column_inner width=\u00a0\u00bb1\/3&Prime;]<div id=\"ultimate-heading-338169e49da9523dd\" class=\"uvc-heading ult-adjust-bottom-margin ultimate-heading-338169e49da9523dd uvc-6609 titol\" data-hspacer=\"no_spacer\"  data-halign=\"center\" style=\"text-align:center\"><div class=\"uvc-heading-spacer no_spacer\" style=\"top\"><\/div><div class=\"uvc-sub-heading ult-responsive\"  data-ultimate-target='.uvc-heading.ultimate-heading-338169e49da9523dd .uvc-sub-heading '  data-responsive-json-new='{\"font-size\":\"desktop:20px;\",\"line-height\":\"\"}'  style=\"font-family:&#039;Vollkorn SC&#039;;font-weight:normal;font-style:normal;color:#0a0a0a;\">\n<p style=\"text-align: center;\">\u2013 Entr\u00e9e Plus de 65 ans \u2013<\/p>\n<\/div><\/div>[vc_column_text css=\u00a0\u00bb.vc_custom_1592564499750{margin-top: 17px !important;}\u00a0\u00bb]\n<p style=\"text-align: center;\"><span style=\"color: #706964;\"> 2 euros par personne<\/span><\/p>\n[\/vc_column_text]<div id=\"ultimate-heading-113469e49da952451\" class=\"uvc-heading ult-adjust-bottom-margin ultimate-heading-113469e49da952451 uvc-5272 titol\" data-hspacer=\"no_spacer\"  data-halign=\"center\" style=\"text-align:center\"><div class=\"uvc-heading-spacer no_spacer\" style=\"top\"><\/div><div class=\"uvc-sub-heading ult-responsive\"  data-ultimate-target='.uvc-heading.ultimate-heading-113469e49da952451 .uvc-sub-heading '  data-responsive-json-new='{\"font-size\":\"desktop:20px;\",\"line-height\":\"\"}'  style=\"font-family:&#039;Vollkorn SC&#039;;font-weight:normal;font-style:normal;color:#0a0a0a;\">\n<p style=\"text-align: center;\">\u2013 Entr\u00e9e Moins de 6 ans \u2013<\/p>\n<\/div><\/div>[vc_column_text css=\u00a0\u00bb.vc_custom_1592564777940{margin-top: 17px !important;}\u00a0\u00bb]\n<p style=\"text-align: center;\"><span style=\"color: #706964;\"><span style=\"caret-color: #706964;\">Gratuit<\/span><\/span><\/p>\n[\/vc_column_text][\/vc_column_inner][\/vc_row_inner]<div class=\"ult-spacer spacer-69e49da9524c1\" data-id=\"69e49da9524c1\" data-height=\"38\" data-height-mobile=\"38\" data-height-tab=\"38\" data-height-tab-portrait=\"\" data-height-mobile-landscape=\"\" style=\"clear:both;display:block;\"><\/div>[\/vc_column][\/vc_row][vc_row full_width=\u00a0\u00bbstretch_row_content\u00a0\u00bb content_placement=\u00a0\u00bbmiddle\u00a0\u00bb bg_type=\u00a0\u00bbbg_color\u00a0\u00bb ult_hide_row=\u00a0\u00bbult_hide_row_value\u00a0\u00bb ult_hide_row_mobile=\u00a0\u00bbmobile\u00a0\u00bb ult_hide_row_mobile_large=\u00a0\u00bbxl_mobile\u00a0\u00bb css=\u00a0\u00bb.vc_custom_1553605299408{margin-top: 0px !important;margin-right: 0px !important;margin-bottom: 0px !important;margin-left: 0px !important;padding-top: 0px !important;padding-right: 0px !important;padding-bottom: 0px !important;padding-left: 0px !important;}\u00a0\u00bb bg_color_value=\u00a0\u00bb#ffffff\u00a0\u00bb][vc_column css=\u00a0\u00bb.vc_custom_1553517549864{margin-top: 0px !important;margin-right: 0px !important;margin-bottom: 0px !important;margin-left: 0px !important;padding-top: 0px !important;padding-right: 0px !important;padding-bottom: 0px !important;padding-left: 0px !important;}\u00a0\u00bb][vc_single_image image=\u00a0\u00bb477&Prime; img_size=\u00a0\u00bbfull\u00a0\u00bb alignment=\u00a0\u00bbcenter\u00a0\u00bb css=\u00a0\u00bb.vc_custom_1553517543355{margin-top: 0px !important;margin-right: 0px !important;margin-bottom: 0px !important;margin-left: 0px !important;padding-top: 0px !important;padding-right: 0px !important;padding-bottom: 0px !important;padding-left: 0px !important;}\u00a0\u00bb][\/vc_column][\/vc_row][vc_row full_width=\u00a0\u00bbstretch_row_content\u00a0\u00bb content_placement=\u00a0\u00bbmiddle\u00a0\u00bb bg_type=\u00a0\u00bbimage\u00a0\u00bb parallax_style=\u00a0\u00bbvcpb-default\u00a0\u00bb bg_image_new=\u00a0\u00bbid^221|url^https:\/\/www.banysarabs.cat\/wp-content\/uploads\/2019\/03\/SEPARATOR.png|caption^null|alt^null|title^SEPARATOR|description^null\u00a0\u00bb bg_image_repeat=\u00a0\u00bbno-repeat\u00a0\u00bb ult_hide_row=\u00a0\u00bbult_hide_row_value\u00a0\u00bb ult_hide_row_large_screen=\u00a0\u00bblarge_screen\u00a0\u00bb ult_hide_row_desktop=\u00a0\u00bbdesktop\u00a0\u00bb ult_hide_row_tablet=\u00a0\u00bbtablet\u00a0\u00bb ult_hide_row_tablet_small=\u00a0\u00bbxs_tablet\u00a0\u00bb css=\u00a0\u00bb.vc_custom_1553605254261{margin-top: 0px !important;margin-right: 0px !important;margin-bottom: 0px !important;margin-left: 0px !important;padding-top: 0px !important;padding-right: 0px !important;padding-bottom: 0px !important;padding-left: 0px !important;}\u00a0\u00bb][vc_column css=\u00a0\u00bb.vc_custom_1553517549864{margin-top: 0px !important;margin-right: 0px !important;margin-bottom: 0px !important;margin-left: 0px !important;padding-top: 0px !important;padding-right: 0px !important;padding-bottom: 0px !important;padding-left: 0px !important;}\u00a0\u00bb]<div class=\"ult-spacer spacer-69e49da952511\" data-id=\"69e49da952511\" data-height=\"65\" data-height-mobile=\"65\" data-height-tab=\"65\" data-height-tab-portrait=\"\" data-height-mobile-landscape=\"\" style=\"clear:both;display:block;\"><\/div>[\/vc_column][\/vc_row][vc_row full_width=\u00a0\u00bbstretch_row\u00a0\u00bb content_placement=\u00a0\u00bbtop\u00a0\u00bb bg_type=\u00a0\u00bbimage\u00a0\u00bb parallax_style=\u00a0\u00bbvcpb-default\u00a0\u00bb bg_image_new=\u00a0\u00bbid^226|url^https:\/\/www.banysarabs.cat\/wp-content\/uploads\/2019\/03\/fonsfialhoraris.png|caption^null|alt^null|title^fonsfialhoraris|description^null\u00a0\u00bb bg_image_repeat=\u00a0\u00bbno-repeat\u00a0\u00bb css=\u00a0\u00bb.vc_custom_1553605088809{margin-top: 0px !important;margin-right: 3px !important;margin-bottom: 0px !important;margin-left: 3px !important;padding-top: 0px !important;padding-right: 56px !important;padding-left: 56px !important;}\u00a0\u00bb][vc_column]<div class=\"ult-spacer spacer-69e49da952550\" data-id=\"69e49da952550\" data-height=\"42\" data-height-mobile=\"42\" data-height-tab=\"42\" data-height-tab-portrait=\"\" data-height-mobile-landscape=\"\" style=\"clear:both;display:block;\"><\/div><div id=\"ultimate-heading-255469e49da9525af\" class=\"uvc-heading ult-adjust-bottom-margin ultimate-heading-255469e49da9525af uvc-5329 titol\" data-hspacer=\"no_spacer\"  data-halign=\"center\" style=\"text-align:center\"><div class=\"uvc-heading-spacer no_spacer\" style=\"top\"><\/div><div class=\"uvc-sub-heading ult-responsive\"  data-ultimate-target='.uvc-heading.ultimate-heading-255469e49da9525af .uvc-sub-heading '  data-responsive-json-new='{\"font-size\":\"desktop:36px;\",\"line-height\":\"\"}'  style=\"font-family:&#039;Arapey&#039;;font-style:italic;font-weight:normal;color:#0a0a0a;\">\n<p style=\"text-align: center;\">\u00b7 Horaires \u00b7<\/p>\n<\/div><\/div><div class=\"ult-spacer spacer-69e49da95261b\" data-id=\"69e49da95261b\" data-height=\"19\" data-height-mobile=\"19\" data-height-tab=\"19\" data-height-tab-portrait=\"\" data-height-mobile-landscape=\"\" style=\"clear:both;display:block;\"><\/div>[vc_row_inner css=\u00a0\u00bb.vc_custom_1552480252732{padding-right: 56px !important;padding-left: 56px !important;}\u00a0\u00bb][vc_column_inner]<div id=\"ultimate-heading-838469e49da95266c\" class=\"uvc-heading ult-adjust-bottom-margin ultimate-heading-838469e49da95266c uvc-1684 titol\" data-hspacer=\"no_spacer\"  data-halign=\"center\" style=\"text-align:center\"><div class=\"uvc-heading-spacer no_spacer\" style=\"top\"><\/div><div class=\"uvc-sub-heading ult-responsive\"  data-ultimate-target='.uvc-heading.ultimate-heading-838469e49da95266c .uvc-sub-heading '  data-responsive-json-new='{\"font-size\":\"desktop:20px;\",\"line-height\":\"\"}'  style=\"font-family:&#039;Vollkorn SC&#039;;font-weight:normal;font-style:normal;color:#0a0a0a;\">\n<p style=\"text-align: center;\">\u2013 Toute l&rsquo;ann\u00e9e \u2013<\/p>\n<\/div><\/div>[vc_column_text css=\u00a0\u00bb.vc_custom_1574247188207{margin-top: 17px !important;}\u00a0\u00bb]\n<p style=\"text-align: center;\"><span style=\"color: #706964;\"> Du lundi au samedi, de 10 \u00e0 18 h<br \/>\nDimanches et jours f\u00e9ri\u00e9s, de 10 \u00e0 14 h <\/span><\/p>\n[\/vc_column_text][\/vc_column_inner][\/vc_row_inner][vc_column_text css=\u00a0\u00bb.vc_custom_1640191121169{margin-top: 2px !important;}\u00a0\u00bb]\n<p style=\"text-align: center;\"><span style=\"color: #000000;\"> *Ferm\u00e9 le 1er et le 6 janvier, et les 24, 25 et 26 d\u00e9cembre <\/span><\/p>\n[\/vc_column_text]<div class=\"ult-spacer spacer-69e49da9526ca\" data-id=\"69e49da9526ca\" data-height=\"28\" data-height-mobile=\"28\" data-height-tab=\"28\" data-height-tab-portrait=\"\" data-height-mobile-landscape=\"\" style=\"clear:both;display:block;\"><\/div>[\/vc_column][\/vc_row][vc_row][vc_column width=\u00a0\u00bb1\/6&Prime;][\/vc_column][vc_column width=\u00a0\u00bb2\/3&Prime;]<div class=\"ult-spacer spacer-69e49da952706\" data-id=\"69e49da952706\" data-height=\"32\" data-height-mobile=\"32\" data-height-tab=\"32\" data-height-tab-portrait=\"\" data-height-mobile-landscape=\"\" style=\"clear:both;display:block;\"><\/div><div id=\"ultimate-heading-187069e49da952755\" class=\"uvc-heading ult-adjust-bottom-margin ultimate-heading-187069e49da952755 uvc-2391 titol\" data-hspacer=\"no_spacer\"  data-halign=\"center\" style=\"text-align:center\"><div class=\"uvc-heading-spacer no_spacer\" style=\"top\"><\/div><div class=\"uvc-sub-heading ult-responsive\"  data-ultimate-target='.uvc-heading.ultimate-heading-187069e49da952755 .uvc-sub-heading '  data-responsive-json-new='{\"font-size\":\"desktop:17px;\",\"line-height\":\"\"}'  style=\"font-family:&#039;Vollkorn SC&#039;;font-weight:normal;font-style:normal;color:#0a0a0a;\">\n<p style=\"text-align: center;\">\u2013 Heures et jours \u2013<\/p>\n<\/div><\/div><div id=\"ultimate-heading-856269e49da9527c5\" class=\"uvc-heading ult-adjust-bottom-margin ultimate-heading-856269e49da9527c5 uvc-8809 titol\" data-hspacer=\"no_spacer\"  data-halign=\"center\" style=\"text-align:center\"><div class=\"uvc-heading-spacer no_spacer\" style=\"top\"><\/div><div class=\"uvc-sub-heading ult-responsive\"  data-ultimate-target='.uvc-heading.ultimate-heading-856269e49da9527c5 .uvc-sub-heading '  data-responsive-json-new='{\"font-size\":\"desktop:36px;\",\"line-height\":\"\"}'  style=\"font-family:&#039;Arapey&#039;;font-style:italic;font-weight:normal;color:#99908a;\">\n<p style=\"text-align: center;\">\u00b7 Visites guid\u00e9es \u00b7<\/p>\n<\/div><\/div><div class=\"ult-spacer spacer-69e49da95281d\" data-id=\"69e49da95281d\" data-height=\"32\" data-height-mobile=\"32\" data-height-tab=\"32\" data-height-tab-portrait=\"\" data-height-mobile-landscape=\"\" style=\"clear:both;display:block;\"><\/div><div class=\"ult-spacer spacer-69e49da952857\" data-id=\"69e49da952857\" data-height=\"42\" data-height-mobile=\"42\" data-height-tab=\"42\" data-height-tab-portrait=\"\" data-height-mobile-landscape=\"\" style=\"clear:both;display:block;\"><\/div>[vc_column_text]\n<div style=\"text-align: center;\"><strong>JORNADES EUROPES DEL PATRIMONI 2023<\/strong><br \/>\n<strong>Visites guiades als Banys \u00c0rabs de Girona<\/strong><\/div>\n<div>\n<p style=\"font-weight: 400; text-align: center;\">Data d&rsquo;inici:\u00a014\/10\/2023<\/p>\n<p style=\"font-weight: 400; text-align: center;\">Data de finalitzaci\u00f3:\u00a015\/10\/2023<\/p>\n<p style=\"font-weight: 400; text-align: center;\">Horari:\u00a0D&rsquo;11:30 h a 13:30 h<\/p>\n<p style=\"font-weight: 400; text-align: center;\">Preu:\u00a0<strong>Gratu\u00eft<\/strong><\/p>\n<p style=\"font-weight: 400; text-align: center;\">Audi\u00e8ncia:\u00a0<strong>P\u00fablic general<\/strong><\/p>\n<p style=\"font-weight: 400; text-align: center;\">Tipus d&rsquo;activitat:\u00a0Visita guiada<\/p>\n<p style=\"font-weight: 400; text-align: center;\"><a href=\"https:\/\/patrimoni.gencat.cat\/ca\/activitat\/visites-guiades-als-banys-arabs-de-girona-0\" target=\"_blank\" rel=\"noopener\">https:\/\/patrimoni.gencat.cat\/ca\/activitat\/visites-guiades-als-banys-arabs-de-girona-0<\/a><\/p>\n<\/div>\n[\/vc_column_text]<div class=\"ult-spacer spacer-69e49da952890\" data-id=\"69e49da952890\" data-height=\"42\" data-height-mobile=\"42\" data-height-tab=\"42\" data-height-tab-portrait=\"\" data-height-mobile-landscape=\"\" style=\"clear:both;display:block;\"><\/div>[\/vc_column][vc_column width=\u00a0\u00bb1\/6&Prime;][\/vc_column][\/vc_row]\n<\/div>","protected":false},"excerpt":{"rendered":"<p>[vc_row full_width=\u00a0\u00bbstretch_row\u00a0\u00bb bg_type=\u00a0\u00bbimage\u00a0\u00bb parallax_style=\u00a0\u00bbvcpb-default\u00a0\u00bb bg_image_new=\u00a0\u00bbid^217|url^https:\/\/www.banysarabs.cat\/wp-content\/uploads\/2019\/03\/horaris.jpg|caption^null|alt^null|title^horaris|description^null\u00a0\u00bb bg_image_repeat=\u00a0\u00bbno-repeat\u00a0\u00bb el_class=\u00a0\u00bbfilaprimera\u00a0\u00bb css=\u00a0\u00bb.vc_custom_1553516682982{margin-bottom: 0px !important;padding-bottom: 0px !important;}\u00a0\u00bb][vc_column][\/vc_column][\/vc_row][vc_row full_width=\u00a0\u00bbstretch_row\u00a0\u00bb content_placement=\u00a0\u00bbtop\u00a0\u00bb bg_type=\u00a0\u00bbbg_color\u00a0\u00bb css=\u00a0\u00bb.vc_custom_1553518416300{margin-top: 6px !important;margin-right: 0px !important;margin-bottom: 0px !important;margin-left: 0px !important;padding-bottom: 0px !important;}\u00a0\u00bb bg_color_value=\u00a0\u00bb#e7e7e2&Prime;][vc_column][vc_row_inner css=\u00a0\u00bb.vc_custom_1552481913065{padding-right: 85px !important;padding-left: 85px !important;}\u00a0\u00bb][vc_column_inner width=\u00a0\u00bb1\/3&Prime;][vc_column_text css=\u00a0\u00bb.vc_custom_1592564354992{margin-top: 17px !important;}\u00a0\u00bb] 1 euro par personne pour les \u00e9tudiants, groupes d&rsquo;\u00e9tudiants (jusqu&rsquo;\u00e0 un maximum de 30 euros par groupe), groupes de plus de 15 personnes, enfants de moins de 16 ans, ch\u00f4meurs, familles nombreuses et familles monoparentales. [\/vc_column_text][\/vc_column_inner][vc_column_inner width=\u00a0\u00bb1\/3&Prime;][vc_column_text css=\u00a0\u00bb.vc_custom_1592564364921{margin-top: 17px !important;}\u00a0\u00bb] 3 euros par personne [\/vc_column_text][\/vc_column_inner][vc_column_inner width=\u00a0\u00bb1\/3&Prime;][vc_column_text css=\u00a0\u00bb.vc_custom_1592564499750{margin-top: 17px !important;}\u00a0\u00bb] 2 euros par personne [\/vc_column_text][vc_column_text css=\u00a0\u00bb.vc_custom_1592564777940{margin-top: 17px !important;}\u00a0\u00bb] Gratuit [\/vc_column_text][\/vc_column_inner][\/vc_row_inner][\/vc_column][\/vc_row][vc_row full_width=\u00a0\u00bbstretch_row_content\u00a0\u00bb content_placement=\u00a0\u00bbmiddle\u00a0\u00bb bg_type=\u00a0\u00bbbg_color\u00a0\u00bb ult_hide_row=\u00a0\u00bbult_hide_row_value\u00a0\u00bb ult_hide_row_mobile=\u00a0\u00bbmobile\u00a0\u00bb ult_hide_row_mobile_large=\u00a0\u00bbxl_mobile\u00a0\u00bb css=\u00a0\u00bb.vc_custom_1553605299408{margin-top: 0px !important;margin-right: 0px !important;margin-bottom: 0px !important;margin-left: 0px !important;padding-top: 0px !important;padding-right: 0px !important;padding-bottom: 0px !important;padding-left: 0px !important;}\u00a0\u00bb bg_color_value=\u00a0\u00bb#ffffff\u00a0\u00bb][vc_column css=\u00a0\u00bb.vc_custom_1553517549864{margin-top: 0px !important;margin-right: 0px !important;margin-bottom: 0px !important;margin-left: 0px !important;padding-top: 0px !important;padding-right: 0px !important;padding-bottom: 0px !important;padding-left: 0px !important;}\u00a0\u00bb][vc_single_image image=\u00a0\u00bb477&Prime; img_size=\u00a0\u00bbfull\u00a0\u00bb alignment=\u00a0\u00bbcenter\u00a0\u00bb css=\u00a0\u00bb.vc_custom_1553517543355{margin-top: 0px !important;margin-right: 0px !important;margin-bottom: 0px !important;margin-left: 0px !important;padding-top: 0px !important;padding-right: 0px !important;padding-bottom: 0px !important;padding-left: 0px !important;}\u00a0\u00bb][\/vc_column][\/vc_row][vc_row full_width=\u00a0\u00bbstretch_row_content\u00a0\u00bb content_placement=\u00a0\u00bbmiddle\u00a0\u00bb bg_type=\u00a0\u00bbimage\u00a0\u00bb parallax_style=\u00a0\u00bbvcpb-default\u00a0\u00bb bg_image_new=\u00a0\u00bbid^221|url^https:\/\/www.banysarabs.cat\/wp-content\/uploads\/2019\/03\/SEPARATOR.png|caption^null|alt^null|title^SEPARATOR|description^null\u00a0\u00bb bg_image_repeat=\u00a0\u00bbno-repeat\u00a0\u00bb ult_hide_row=\u00a0\u00bbult_hide_row_value\u00a0\u00bb ult_hide_row_large_screen=\u00a0\u00bblarge_screen\u00a0\u00bb ult_hide_row_desktop=\u00a0\u00bbdesktop\u00a0\u00bb ult_hide_row_tablet=\u00a0\u00bbtablet\u00a0\u00bb ult_hide_row_tablet_small=\u00a0\u00bbxs_tablet\u00a0\u00bb css=\u00a0\u00bb.vc_custom_1553605254261{margin-top: 0px !important;margin-right: 0px !important;margin-bottom: 0px !important;margin-left: 0px !important;padding-top: 0px !important;padding-right: 0px !important;padding-bottom: 0px !important;padding-left: 0px !important;}\u00a0\u00bb][vc_column css=\u00a0\u00bb.vc_custom_1553517549864{margin-top: 0px !important;margin-right: 0px !important;margin-bottom: 0px !important;margin-left: 0px !important;padding-top: 0px !important;padding-right: 0px !important;padding-bottom: 0px !important;padding-left: 0px !important;}\u00a0\u00bb][\/vc_column][\/vc_row][vc_row full_width=\u00a0\u00bbstretch_row\u00a0\u00bb content_placement=\u00a0\u00bbtop\u00a0\u00bb bg_type=\u00a0\u00bbimage\u00a0\u00bb parallax_style=\u00a0\u00bbvcpb-default\u00a0\u00bb bg_image_new=\u00a0\u00bbid^226|url^https:\/\/www.banysarabs.cat\/wp-content\/uploads\/2019\/03\/fonsfialhoraris.png|caption^null|alt^null|title^fonsfialhoraris|description^null\u00a0\u00bb bg_image_repeat=\u00a0\u00bbno-repeat\u00a0\u00bb css=\u00a0\u00bb.vc_custom_1553605088809{margin-top: 0px !important;margin-right: 3px !important;margin-bottom: 0px !important;margin-left: 3px !important;padding-top: 0px !important;padding-right: 56px !important;padding-left: 56px !important;}\u00a0\u00bb][vc_column][vc_row_inner css=\u00a0\u00bb.vc_custom_1552480252732{padding-right: 56px !important;padding-left: 56px !important;}\u00a0\u00bb][vc_column_inner][vc_column_text css=\u00a0\u00bb.vc_custom_1574247188207{margin-top: 17px !important;}\u00a0\u00bb] Du lundi au samedi, de 10 \u00e0 18 h Dimanches et jours f\u00e9ri\u00e9s, de 10 \u00e0 14 h [\/vc_column_text][\/vc_column_inner][\/vc_row_inner][vc_column_text css=\u00a0\u00bb.vc_custom_1640191121169{margin-top: 2px !important;}\u00a0\u00bb] *Ferm\u00e9 le 1er et le 6 janvier, et les 24, 25 et 26 d\u00e9cembre [\/vc_column_text][\/vc_column][\/vc_row][vc_row][vc_column width=\u00a0\u00bb1\/6&Prime;][\/vc_column][vc_column width=\u00a0\u00bb2\/3&Prime;][vc_column_text] JORNADES EUROPES DEL PATRIMONI 2023 Visites guiades als Banys \u00c0rabs de Girona Data d&rsquo;inici:\u00a014\/10\/2023 Data de finalitzaci\u00f3:\u00a015\/10\/2023 Horari:\u00a0D&rsquo;11:30 h a 13:30 h Preu:\u00a0Gratu\u00eft Audi\u00e8ncia:\u00a0P\u00fablic general Tipus d&rsquo;activitat:\u00a0Visita guiada https:\/\/patrimoni.gencat.cat\/ca\/activitat\/visites-guiades-als-banys-arabs-de-girona-0 [\/vc_column_text][\/vc_column][vc_column width=\u00a0\u00bb1\/6&Prime;][\/vc_column][\/vc_row]<\/p>\n","protected":false},"author":1,"featured_media":0,"parent":0,"menu_order":0,"comment_status":"closed","ping_status":"closed","template":"","meta":{"_acf_changed":false,"footnotes":""},"yst_prominent_words":[],"class_list":["post-638","page","type-page","status-publish","hentry","entry","post-inner"],"acf":[],"_links":{"self":[{"href":"https:\/\/www.banysarabs.cat\/fr\/wp-json\/wp\/v2\/pages\/638","targetHints":{"allow":["GET"]}}],"collection":[{"href":"https:\/\/www.banysarabs.cat\/fr\/wp-json\/wp\/v2\/pages"}],"about":[{"href":"https:\/\/www.banysarabs.cat\/fr\/wp-json\/wp\/v2\/types\/page"}],"author":[{"embeddable":true,"href":"https:\/\/www.banysarabs.cat\/fr\/wp-json\/wp\/v2\/users\/1"}],"replies":[{"embeddable":true,"href":"https:\/\/www.banysarabs.cat\/fr\/wp-json\/wp\/v2\/comments?post=638"}],"version-history":[{"count":16,"href":"https:\/\/www.banysarabs.cat\/fr\/wp-json\/wp\/v2\/pages\/638\/revisions"}],"predecessor-version":[{"id":1475,"href":"https:\/\/www.banysarabs.cat\/fr\/wp-json\/wp\/v2\/pages\/638\/revisions\/1475"}],"wp:attachment":[{"href":"https:\/\/www.banysarabs.cat\/fr\/wp-json\/wp\/v2\/media?parent=638"}],"wp:term":[{"taxonomy":"yst_prominent_words","embeddable":true,"href":"https:\/\/www.banysarabs.cat\/fr\/wp-json\/wp\/v2\/yst_prominent_words?post=638"}],"curies":[{"name":"wp","href":"https:\/\/api.w.org\/{rel}","templated":true}]}}