{"id":618,"date":"2019-03-26T08:49:33","date_gmt":"2019-03-26T08:49:33","guid":{"rendered":"https:\/\/www.banysarabs.cat\/tepidari\/"},"modified":"2019-06-10T08:29:04","modified_gmt":"2019-06-10T08:29:04","slug":"tepidarium","status":"publish","type":"page","link":"https:\/\/www.banysarabs.cat\/fr\/tepidarium\/","title":{"rendered":"TEPIDARIUM"},"content":{"rendered":"<div class=\"wpb-content-wrapper\">[vc_row full_width=\u00a0\u00bbstretch_row\u00a0\u00bb bg_type=\u00a0\u00bbimage\u00a0\u00bb parallax_style=\u00a0\u00bbvcpb-default\u00a0\u00bb bg_image_new=\u00a0\u00bbid^260|url^https:\/\/www.banysarabs.cat\/wp-content\/uploads\/2019\/03\/0000tepid.jpg|caption^null|alt^null|title^0000tepid|description^null\u00a0\u00bb bg_image_repeat=\u00a0\u00bbno-repeat\u00a0\u00bb el_class=\u00a0\u00bbfilaprimera\u00a0\u00bb css=\u00a0\u00bb.vc_custom_1553590161846{margin-top: 0px !important;margin-bottom: 0px !important;padding-top: 0px !important;padding-bottom: 0px !important;}\u00a0\u00bb][vc_column css=\u00a0\u00bb.vc_custom_1553502207797{margin-bottom: 0px !important;padding-bottom: 0px !important;}\u00a0\u00bb]<div class=\"ult-spacer spacer-69e1e50036442\" data-id=\"69e1e50036442\" data-height=\"275\" data-height-mobile=\"275\" data-height-tab=\"275\" data-height-tab-portrait=\"\" data-height-mobile-landscape=\"\" style=\"clear:both;display:block;\"><\/div><div id=\"ultimate-heading-269169e1e500364d4\" class=\"uvc-heading ult-adjust-bottom-margin ultimate-heading-269169e1e500364d4 uvc-2696 \" data-hspacer=\"no_spacer\"  data-halign=\"center\" style=\"text-align:center\"><div class=\"uvc-heading-spacer no_spacer\" style=\"top\"><\/div><div class=\"uvc-sub-heading ult-responsive\"  data-ultimate-target='.uvc-heading.ultimate-heading-269169e1e500364d4 .uvc-sub-heading '  data-responsive-json-new='{\"font-size\":\"desktop:60px;\",\"line-height\":\"\"}'  style=\"font-weight:normal;color:#ffffff;\">\n<p style=\"text-align: center;\"><span style=\"color: #ffffff; letter-spacing: 6px; font-weight: 300;\">TEPIDARIUM<\/span><\/p>\n<\/div><\/div><div class=\"ult-spacer spacer-69e1e50036583\" data-id=\"69e1e50036583\" data-height=\"285\" data-height-mobile=\"285\" data-height-tab=\"285\" data-height-tab-portrait=\"\" data-height-mobile-landscape=\"\" style=\"clear:both;display:block;\"><\/div>[\/vc_column][\/vc_row][vc_row full_width=\u00a0\u00bbstretch_row\u00a0\u00bb bg_type=\u00a0\u00bbbg_color\u00a0\u00bb css=\u00a0\u00bb.vc_custom_1553588786383{margin-top: 4px !important;margin-bottom: 0px !important;padding-top: 0px !important;padding-bottom: 0px !important;}\u00a0\u00bb bg_color_value=\u00a0\u00bb#b2aea8&Prime; el_class=\u00a0\u00bbfilasegona\u00a0\u00bb][vc_column css=\u00a0\u00bb.vc_custom_1553502260803{margin-top: 0px !important;margin-bottom: 0px !important;padding-top: 0px !important;padding-bottom: 0px !important;}\u00a0\u00bb]<div class=\"ult-spacer spacer-69e1e5003660b\" data-id=\"69e1e5003660b\" data-height=\"88\" data-height-mobile=\"88\" data-height-tab=\"88\" data-height-tab-portrait=\"\" data-height-mobile-landscape=\"\" style=\"clear:both;display:block;\"><\/div><div id=\"ultimate-heading-219969e1e500366fd\" class=\"uvc-heading ult-adjust-bottom-margin ultimate-heading-219969e1e500366fd uvc-7160 titol\" data-hspacer=\"no_spacer\"  data-halign=\"center\" style=\"text-align:center\"><div class=\"uvc-heading-spacer no_spacer\" style=\"top\"><\/div><div class=\"uvc-sub-heading ult-responsive\"  data-ultimate-target='.uvc-heading.ultimate-heading-219969e1e500366fd .uvc-sub-heading '  data-responsive-json-new='{\"font-size\":\"desktop:17px;\",\"line-height\":\"\"}'  style=\"font-family:&#039;Vollkorn SC&#039;;font-weight:normal;font-style:normal;color:#0a0a0a;\">\n<p style=\"text-align: center;\">\u2013 Les Bains Arabes \u2013<\/p>\n<\/div><\/div><div id=\"ultimate-heading-791069e1e5003683d\" class=\"uvc-heading ult-adjust-bottom-margin ultimate-heading-791069e1e5003683d uvc-7470 titol\" data-hspacer=\"no_spacer\"  data-halign=\"center\" style=\"text-align:center\"><div class=\"uvc-heading-spacer no_spacer\" style=\"top\"><\/div><div class=\"uvc-sub-heading ult-responsive\"  data-ultimate-target='.uvc-heading.ultimate-heading-791069e1e5003683d .uvc-sub-heading '  data-responsive-json-new='{\"font-size\":\"desktop:36px;\",\"line-height\":\"\"}'  style=\"font-family:&#039;Arapey&#039;;font-style:italic;font-weight:normal;color:#ffffff;\">\u00b7 Tepidarium \u00b7<\/div><\/div><div class=\"ult-spacer spacer-69e1e500368a9\" data-id=\"69e1e500368a9\" data-height=\"32\" data-height-mobile=\"32\" data-height-tab=\"32\" data-height-tab-portrait=\"\" data-height-mobile-landscape=\"\" style=\"clear:both;display:block;\"><\/div>[vc_row_inner][vc_column_inner width=\u00a0\u00bb1\/6&Prime;][\/vc_column_inner][vc_column_inner width=\u00a0\u00bb2\/6&Prime;][vc_column_text]La salle ti\u00e8de ou tepidarium se trouvait forc\u00e9ment en un point interm\u00e9diaire du parcours, entre la zone la plus chaude et la plus froide. Il s\u2019agit d\u2019une salle plus vaste, la seconde en termes de surface apr\u00e8s l\u2019apodyterium. Les utilisateurs s\u2019y remettaient de l\u2019extr\u00eame chaleur (s\u2019ils venaient du caldarium) ou du froid intense (s\u2019ils venaient du frigidarium), et ils pouvaient y converser, s\u2019y faire masser, voire manger et boire.[\/vc_column_text][\/vc_column_inner][vc_column_inner width=\u00a0\u00bb2\/6&Prime;][vc_column_text]Le sol communiquait par en-dessous avec l\u2019hypocauste du caldarium, afin d\u2019y maintenir une temp\u00e9rature agr\u00e9able. La salle, couverte d\u2019une vo\u00fbte en berceau, pr\u00e9sente en son secteur sud une galerie \u00e0 trois arcs soutenus par des colonnes, et un sol l\u00e9g\u00e8rement sur\u00e9lev\u00e9. Compte tenu des dimensions et de la disposition des lieux, il semblerait que les nonnes capucines (anciennes propri\u00e9taires) en avaient fait la cuisine de leur couvent.<span class=\"Apple-converted-space\">\u00a0<\/span>[\/vc_column_text][\/vc_column_inner][vc_column_inner width=\u00a0\u00bb1\/6&Prime;][\/vc_column_inner][\/vc_row_inner][vc_single_image image=\u00a0\u00bb472&Prime; img_size=\u00a0\u00bbfull\u00a0\u00bb alignment=\u00a0\u00bbcenter\u00a0\u00bb]<div class=\"ult-spacer spacer-69e1e500368ea\" data-id=\"69e1e500368ea\" data-height=\"47\" data-height-mobile=\"47\" data-height-tab=\"47\" data-height-tab-portrait=\"\" data-height-mobile-landscape=\"\" style=\"clear:both;display:block;\"><\/div>[\/vc_column][\/vc_row][vc_row full_width=\u00a0\u00bbstretch_row\u00a0\u00bb bg_type=\u00a0\u00bbbg_color\u00a0\u00bb css=\u00a0\u00bb.vc_custom_1553589084311{margin-top: -5px !important;margin-bottom: 0px !important;padding-top: 0px !important;padding-bottom: 0px !important;}\u00a0\u00bb bg_color_value=\u00a0\u00bb#ffffff\u00a0\u00bb el_class=\u00a0\u00bbfilatercera\u00a0\u00bb][vc_column css=\u00a0\u00bb.vc_custom_1553502264611{margin-top: 0px !important;padding-top: 0px !important;}\u00a0\u00bb]<div class=\"ult-spacer spacer-69e1e50036927\" data-id=\"69e1e50036927\" data-height=\"47\" data-height-mobile=\"47\" data-height-tab=\"47\" data-height-tab-portrait=\"\" data-height-mobile-landscape=\"\" style=\"clear:both;display:block;\"><\/div>[vc_row_inner][vc_column_inner width=\u00a0\u00bb1\/12&Prime;][\/vc_column_inner][vc_column_inner width=\u00a0\u00bb5\/12&Prime;][vc_single_image image=\u00a0\u00bb459&Prime; img_size=\u00a0\u00bbfull\u00a0\u00bb alignment=\u00a0\u00bbcenter\u00a0\u00bb][\/vc_column_inner][vc_column_inner width=\u00a0\u00bb5\/12&Prime;]<div class=\"ult-spacer spacer-69e1e50036962\" data-id=\"69e1e50036962\" data-height=\"30\" data-height-mobile=\"30\" data-height-tab=\"30\" data-height-tab-portrait=\"\" data-height-mobile-landscape=\"\" style=\"clear:both;display:block;\"><\/div><div id=\"ultimate-heading-227969e1e500369b9\" class=\"uvc-heading ult-adjust-bottom-margin ultimate-heading-227969e1e500369b9 uvc-8221 titol\" data-hspacer=\"no_spacer\"  data-halign=\"left\" style=\"text-align:left\"><div class=\"uvc-heading-spacer no_spacer\" style=\"top\"><\/div><div class=\"uvc-sub-heading ult-responsive\"  data-ultimate-target='.uvc-heading.ultimate-heading-227969e1e500369b9 .uvc-sub-heading '  data-responsive-json-new='{\"font-size\":\"desktop:27px;\",\"line-height\":\"\"}'  style=\"font-family:&#039;Arapey&#039;;font-style:italic;font-weight:normal;color:#0a0a0a;margin-top:36px;\">La salle ti\u00e8de o\u00f9 les utilisateurs recevaient<br \/>\ndes massages, d\u00e9battaient et se reposaient.<\/div><\/div>[\/vc_column_inner][vc_column_inner width=\u00a0\u00bb1\/12&Prime;][\/vc_column_inner][\/vc_row_inner]<div class=\"ult-spacer spacer-69e1e50036a19\" data-id=\"69e1e50036a19\" data-height=\"32\" data-height-mobile=\"32\" data-height-tab=\"32\" data-height-tab-portrait=\"\" data-height-mobile-landscape=\"\" style=\"clear:both;display:block;\"><\/div>[\/vc_column][\/vc_row]\n<\/div>","protected":false},"excerpt":{"rendered":"<p>[vc_row full_width=\u00a0\u00bbstretch_row\u00a0\u00bb bg_type=\u00a0\u00bbimage\u00a0\u00bb parallax_style=\u00a0\u00bbvcpb-default\u00a0\u00bb bg_image_new=\u00a0\u00bbid^260|url^https:\/\/www.banysarabs.cat\/wp-content\/uploads\/2019\/03\/0000tepid.jpg|caption^null|alt^null|title^0000tepid|description^null\u00a0\u00bb bg_image_repeat=\u00a0\u00bbno-repeat\u00a0\u00bb el_class=\u00a0\u00bbfilaprimera\u00a0\u00bb css=\u00a0\u00bb.vc_custom_1553590161846{margin-top: 0px !important;margin-bottom: 0px !important;padding-top: 0px !important;padding-bottom: 0px !important;}\u00a0\u00bb][vc_column css=\u00a0\u00bb.vc_custom_1553502207797{margin-bottom: 0px !important;padding-bottom: 0px !important;}\u00a0\u00bb][\/vc_column][\/vc_row][vc_row full_width=\u00a0\u00bbstretch_row\u00a0\u00bb bg_type=\u00a0\u00bbbg_color\u00a0\u00bb css=\u00a0\u00bb.vc_custom_1553588786383{margin-top: 4px !important;margin-bottom: 0px !important;padding-top: 0px !important;padding-bottom: 0px !important;}\u00a0\u00bb bg_color_value=\u00a0\u00bb#b2aea8&Prime; el_class=\u00a0\u00bbfilasegona\u00a0\u00bb][vc_column css=\u00a0\u00bb.vc_custom_1553502260803{margin-top: 0px !important;margin-bottom: 0px !important;padding-top: 0px !important;padding-bottom: 0px !important;}\u00a0\u00bb][vc_row_inner][vc_column_inner width=\u00a0\u00bb1\/6&Prime;][\/vc_column_inner][vc_column_inner width=\u00a0\u00bb2\/6&Prime;][vc_column_text]La salle ti\u00e8de ou tepidarium se trouvait forc\u00e9ment en un point interm\u00e9diaire du parcours, entre la zone la plus chaude et la plus froide. Il s\u2019agit d\u2019une salle plus vaste, la seconde en termes de surface apr\u00e8s l\u2019apodyterium. Les utilisateurs s\u2019y remettaient de l\u2019extr\u00eame chaleur (s\u2019ils venaient du caldarium) ou du froid intense (s\u2019ils venaient du frigidarium), et ils pouvaient y converser, s\u2019y faire masser, voire manger et boire.[\/vc_column_text][\/vc_column_inner][vc_column_inner width=\u00a0\u00bb2\/6&Prime;][vc_column_text]Le sol communiquait par en-dessous avec l\u2019hypocauste du caldarium, afin d\u2019y maintenir une temp\u00e9rature agr\u00e9able. La salle, couverte d\u2019une vo\u00fbte en berceau, pr\u00e9sente en son secteur sud une galerie \u00e0 trois arcs soutenus par des colonnes, et un sol l\u00e9g\u00e8rement sur\u00e9lev\u00e9. Compte tenu des dimensions et de la disposition des lieux, il semblerait que les nonnes capucines (anciennes propri\u00e9taires) en avaient fait la cuisine de leur couvent.\u00a0[\/vc_column_text][\/vc_column_inner][vc_column_inner width=\u00a0\u00bb1\/6&Prime;][\/vc_column_inner][\/vc_row_inner][vc_single_image image=\u00a0\u00bb472&Prime; img_size=\u00a0\u00bbfull\u00a0\u00bb alignment=\u00a0\u00bbcenter\u00a0\u00bb][\/vc_column][\/vc_row][vc_row full_width=\u00a0\u00bbstretch_row\u00a0\u00bb bg_type=\u00a0\u00bbbg_color\u00a0\u00bb css=\u00a0\u00bb.vc_custom_1553589084311{margin-top: -5px !important;margin-bottom: 0px !important;padding-top: 0px !important;padding-bottom: 0px !important;}\u00a0\u00bb bg_color_value=\u00a0\u00bb#ffffff\u00a0\u00bb el_class=\u00a0\u00bbfilatercera\u00a0\u00bb][vc_column css=\u00a0\u00bb.vc_custom_1553502264611{margin-top: 0px !important;padding-top: 0px !important;}\u00a0\u00bb][vc_row_inner][vc_column_inner width=\u00a0\u00bb1\/12&Prime;][\/vc_column_inner][vc_column_inner width=\u00a0\u00bb5\/12&Prime;][vc_single_image image=\u00a0\u00bb459&Prime; img_size=\u00a0\u00bbfull\u00a0\u00bb alignment=\u00a0\u00bbcenter\u00a0\u00bb][\/vc_column_inner][vc_column_inner width=\u00a0\u00bb5\/12&Prime;][\/vc_column_inner][vc_column_inner width=\u00a0\u00bb1\/12&Prime;][\/vc_column_inner][\/vc_row_inner][\/vc_column][\/vc_row]<\/p>\n","protected":false},"author":1,"featured_media":0,"parent":0,"menu_order":0,"comment_status":"closed","ping_status":"closed","template":"","meta":{"_acf_changed":false,"footnotes":""},"yst_prominent_words":[],"class_list":["post-618","page","type-page","status-publish","hentry","entry","post-inner"],"acf":[],"_links":{"self":[{"href":"https:\/\/www.banysarabs.cat\/fr\/wp-json\/wp\/v2\/pages\/618","targetHints":{"allow":["GET"]}}],"collection":[{"href":"https:\/\/www.banysarabs.cat\/fr\/wp-json\/wp\/v2\/pages"}],"about":[{"href":"https:\/\/www.banysarabs.cat\/fr\/wp-json\/wp\/v2\/types\/page"}],"author":[{"embeddable":true,"href":"https:\/\/www.banysarabs.cat\/fr\/wp-json\/wp\/v2\/users\/1"}],"replies":[{"embeddable":true,"href":"https:\/\/www.banysarabs.cat\/fr\/wp-json\/wp\/v2\/comments?post=618"}],"version-history":[{"count":3,"href":"https:\/\/www.banysarabs.cat\/fr\/wp-json\/wp\/v2\/pages\/618\/revisions"}],"predecessor-version":[{"id":621,"href":"https:\/\/www.banysarabs.cat\/fr\/wp-json\/wp\/v2\/pages\/618\/revisions\/621"}],"wp:attachment":[{"href":"https:\/\/www.banysarabs.cat\/fr\/wp-json\/wp\/v2\/media?parent=618"}],"wp:term":[{"taxonomy":"yst_prominent_words","embeddable":true,"href":"https:\/\/www.banysarabs.cat\/fr\/wp-json\/wp\/v2\/yst_prominent_words?post=618"}],"curies":[{"name":"wp","href":"https:\/\/api.w.org\/{rel}","templated":true}]}}