{"id":613,"date":"2019-03-26T09:19:01","date_gmt":"2019-03-26T09:19:01","guid":{"rendered":"https:\/\/www.banysarabs.cat\/caldari\/"},"modified":"2023-03-07T17:58:04","modified_gmt":"2023-03-07T16:58:04","slug":"caldarium","status":"publish","type":"page","link":"https:\/\/www.banysarabs.cat\/fr\/caldarium\/","title":{"rendered":"CALDARIUM"},"content":{"rendered":"<div class=\"wpb-content-wrapper\">[vc_row full_width=\u00a0\u00bbstretch_row\u00a0\u00bb bg_type=\u00a0\u00bbimage\u00a0\u00bb parallax_style=\u00a0\u00bbvcpb-default\u00a0\u00bb bg_image_new=\u00a0\u00bbid^345|url^https:\/\/www.banysarabs.cat\/wp-content\/uploads\/2019\/04\/caldari.jpg|caption^null|alt^null|title^caldari|description^null\u00a0\u00bb bg_image_repeat=\u00a0\u00bbno-repeat\u00a0\u00bb el_class=\u00a0\u00bbfilaprimera\u00a0\u00bb css=\u00a0\u00bb.vc_custom_1556637381155{margin-top: 0px !important;margin-bottom: 0px !important;padding-top: 0px !important;padding-bottom: 0px !important;}\u00a0\u00bb][vc_column css=\u00a0\u00bb.vc_custom_1553502207797{margin-bottom: 0px !important;padding-bottom: 0px !important;}\u00a0\u00bb]<div class=\"ult-spacer spacer-69da22005aa0e\" data-id=\"69da22005aa0e\" data-height=\"275\" data-height-mobile=\"275\" data-height-tab=\"275\" data-height-tab-portrait=\"\" data-height-mobile-landscape=\"\" style=\"clear:both;display:block;\"><\/div><div id=\"ultimate-heading-721469da22005ac34\" class=\"uvc-heading ult-adjust-bottom-margin ultimate-heading-721469da22005ac34 uvc-7679 \" data-hspacer=\"no_spacer\"  data-halign=\"center\" style=\"text-align:center\"><div class=\"uvc-heading-spacer no_spacer\" style=\"top\"><\/div><div class=\"uvc-sub-heading ult-responsive\"  data-ultimate-target='.uvc-heading.ultimate-heading-721469da22005ac34 .uvc-sub-heading '  data-responsive-json-new='{\"font-size\":\"desktop:60px;\",\"line-height\":\"\"}'  style=\"font-weight:normal;color:#ffffff;\">\n<p style=\"text-align: center;\"><span style=\"color: #ffffff; letter-spacing: 6px; font-weight: 300;\">CALDARIUM<\/span><\/p>\n<\/div><\/div><div class=\"ult-spacer spacer-69da22005ae02\" data-id=\"69da22005ae02\" data-height=\"285\" data-height-mobile=\"285\" data-height-tab=\"285\" data-height-tab-portrait=\"\" data-height-mobile-landscape=\"\" style=\"clear:both;display:block;\"><\/div>[\/vc_column][\/vc_row][vc_row full_width=\u00a0\u00bbstretch_row\u00a0\u00bb bg_type=\u00a0\u00bbbg_color\u00a0\u00bb css=\u00a0\u00bb.vc_custom_1553588786383{margin-top: 4px !important;margin-bottom: 0px !important;padding-top: 0px !important;padding-bottom: 0px !important;}\u00a0\u00bb bg_color_value=\u00a0\u00bb#b2aea8&Prime; el_class=\u00a0\u00bbfilasegona\u00a0\u00bb][vc_column css=\u00a0\u00bb.vc_custom_1553502260803{margin-top: 0px !important;margin-bottom: 0px !important;padding-top: 0px !important;padding-bottom: 0px !important;}\u00a0\u00bb]<div class=\"ult-spacer spacer-69da22005af1c\" data-id=\"69da22005af1c\" data-height=\"88\" data-height-mobile=\"88\" data-height-tab=\"88\" data-height-tab-portrait=\"\" data-height-mobile-landscape=\"\" style=\"clear:both;display:block;\"><\/div><div id=\"ultimate-heading-48169da22005b1db\" class=\"uvc-heading ult-adjust-bottom-margin ultimate-heading-48169da22005b1db uvc-3822 titol\" data-hspacer=\"no_spacer\"  data-halign=\"center\" style=\"text-align:center\"><div class=\"uvc-heading-spacer no_spacer\" style=\"top\"><\/div><div class=\"uvc-sub-heading ult-responsive\"  data-ultimate-target='.uvc-heading.ultimate-heading-48169da22005b1db .uvc-sub-heading '  data-responsive-json-new='{\"font-size\":\"desktop:17px;\",\"line-height\":\"\"}'  style=\"font-family:&#039;Vollkorn SC&#039;;font-weight:normal;font-style:normal;color:#0a0a0a;\">\u2013 Les Bains Arabes \u2013<\/div><\/div><div id=\"ultimate-heading-303769da22005b445\" class=\"uvc-heading ult-adjust-bottom-margin ultimate-heading-303769da22005b445 uvc-8368 titol\" data-hspacer=\"no_spacer\"  data-halign=\"center\" style=\"text-align:center\"><div class=\"uvc-heading-spacer no_spacer\" style=\"top\"><\/div><div class=\"uvc-sub-heading ult-responsive\"  data-ultimate-target='.uvc-heading.ultimate-heading-303769da22005b445 .uvc-sub-heading '  data-responsive-json-new='{\"font-size\":\"desktop:36px;\",\"line-height\":\"\"}'  style=\"font-family:&#039;Arapey&#039;;font-style:italic;font-weight:normal;color:#ffffff;\">\u00b7 Caldarium \u00b7<\/div><\/div><div class=\"ult-spacer spacer-69da22005b601\" data-id=\"69da22005b601\" data-height=\"32\" data-height-mobile=\"32\" data-height-tab=\"32\" data-height-tab-portrait=\"\" data-height-mobile-landscape=\"\" style=\"clear:both;display:block;\"><\/div>[vc_row_inner][vc_column_inner width=\u00a0\u00bb1\/6&Prime;][\/vc_column_inner][vc_column_inner width=\u00a0\u00bb2\/6&Prime;][vc_column_text]C\u2019est l\u2019espace le plus chaud de l\u2019ensemble\u00a0; il pouvait y r\u00e9gner une temp\u00e9rature sup\u00e9rieure \u00e0 40 ou 50 degr\u00e9s centigrades, dans une atmosph\u00e8re satur\u00e9e de vapeur. Aujourd\u2019hui, on le qualifierait de \u00ab\u00a0sauna\u00a0\u00bb. L\u2019air \u00e9tait chauff\u00e9e \u00e0 l\u2019int\u00e9rieur d\u2019un four situ\u00e9 dans une salle attenante, puis envoy\u00e9e vers le caldarium \u00e0 travers un hypocauste, c\u2019est-\u00e0-dire une chambre souterraine connect\u00e9e au four. Le caldarium comportait un petit bassin dans l\u2019angle sud-est de la chambre, peu profond et, comme les bains musulmans, d\u00e9nu\u00e9 de marches pour y descendre.[\/vc_column_text][\/vc_column_inner][vc_column_inner width=\u00a0\u00bb2\/6&Prime;][vc_column_text]Une conduite en c\u00e9ramique vitrifi\u00e9e encastr\u00e9e dans l\u2019un des murs avait pour fonction de faciliter la circulation de l\u2019air chaud en provenance de l\u2019hypocauste.<\/p>\n<p>\u00c0 la fin du XX<sup>e<\/sup> si\u00e8cle, diverses interventions arch\u00e9ologiques ont permis de mesurer la complexit\u00e9 constructive du caldarium, du four et de l\u2019hypocauste, dont le fonctionnement fait aujourd\u2019hui encore l\u2019objet d\u2019un certain nombre d\u2019interrogations.[\/vc_column_text][\/vc_column_inner][vc_column_inner width=\u00a0\u00bb1\/6&Prime;][\/vc_column_inner][\/vc_row_inner][vc_single_image image=\u00a0\u00bb472&Prime; img_size=\u00a0\u00bbfull\u00a0\u00bb alignment=\u00a0\u00bbcenter\u00a0\u00bb]<div class=\"ult-spacer spacer-69da22005b748\" data-id=\"69da22005b748\" data-height=\"47\" data-height-mobile=\"47\" data-height-tab=\"47\" data-height-tab-portrait=\"\" data-height-mobile-landscape=\"\" style=\"clear:both;display:block;\"><\/div>[\/vc_column][\/vc_row][vc_row full_width=\u00a0\u00bbstretch_row\u00a0\u00bb bg_type=\u00a0\u00bbbg_color\u00a0\u00bb css=\u00a0\u00bb.vc_custom_1553589084311{margin-top: -5px !important;margin-bottom: 0px !important;padding-top: 0px !important;padding-bottom: 0px !important;}\u00a0\u00bb bg_color_value=\u00a0\u00bb#ffffff\u00a0\u00bb el_class=\u00a0\u00bbfilatercera\u00a0\u00bb][vc_column css=\u00a0\u00bb.vc_custom_1553502264611{margin-top: 0px !important;padding-top: 0px !important;}\u00a0\u00bb]<div class=\"ult-spacer spacer-69da22005b88d\" data-id=\"69da22005b88d\" data-height=\"47\" data-height-mobile=\"47\" data-height-tab=\"47\" data-height-tab-portrait=\"\" data-height-mobile-landscape=\"\" style=\"clear:both;display:block;\"><\/div>[vc_row_inner][vc_column_inner width=\u00a0\u00bb1\/12&Prime;][\/vc_column_inner][vc_column_inner width=\u00a0\u00bb5\/12&Prime;][vc_single_image image=\u00a0\u00bb457&Prime; img_size=\u00a0\u00bbfull\u00a0\u00bb alignment=\u00a0\u00bbcenter\u00a0\u00bb][\/vc_column_inner][vc_column_inner width=\u00a0\u00bb5\/12&Prime;]<div class=\"ult-spacer spacer-69da22005b9c2\" data-id=\"69da22005b9c2\" data-height=\"30\" data-height-mobile=\"30\" data-height-tab=\"30\" data-height-tab-portrait=\"\" data-height-mobile-landscape=\"\" style=\"clear:both;display:block;\"><\/div><div id=\"ultimate-heading-937569da22005bb6e\" class=\"uvc-heading ult-adjust-bottom-margin ultimate-heading-937569da22005bb6e uvc-6230 titol\" data-hspacer=\"no_spacer\"  data-halign=\"left\" style=\"text-align:left\"><div class=\"uvc-heading-spacer no_spacer\" style=\"top\"><\/div><div class=\"uvc-sub-heading ult-responsive\"  data-ultimate-target='.uvc-heading.ultimate-heading-937569da22005bb6e .uvc-sub-heading '  data-responsive-json-new='{\"font-size\":\"desktop:29px;\",\"line-height\":\"\"}'  style=\"font-family:&#039;Arapey&#039;;font-style:italic;font-weight:normal;color:#0a0a0a;margin-top:36px;\">Cette salle remplie de vapeur \u00e9tait id\u00e9ale<br \/>\npour suer et prendre des bains chauds<\/div><\/div>[\/vc_column_inner][vc_column_inner width=\u00a0\u00bb1\/12&Prime;][\/vc_column_inner][\/vc_row_inner]<div class=\"ult-spacer spacer-69da22005bd98\" data-id=\"69da22005bd98\" data-height=\"32\" data-height-mobile=\"32\" data-height-tab=\"32\" data-height-tab-portrait=\"\" data-height-mobile-landscape=\"\" style=\"clear:both;display:block;\"><\/div>[\/vc_column][\/vc_row]\n<\/div>","protected":false},"excerpt":{"rendered":"<p>[vc_row full_width=\u00a0\u00bbstretch_row\u00a0\u00bb bg_type=\u00a0\u00bbimage\u00a0\u00bb parallax_style=\u00a0\u00bbvcpb-default\u00a0\u00bb bg_image_new=\u00a0\u00bbid^345|url^https:\/\/www.banysarabs.cat\/wp-content\/uploads\/2019\/04\/caldari.jpg|caption^null|alt^null|title^caldari|description^null\u00a0\u00bb bg_image_repeat=\u00a0\u00bbno-repeat\u00a0\u00bb el_class=\u00a0\u00bbfilaprimera\u00a0\u00bb css=\u00a0\u00bb.vc_custom_1556637381155{margin-top: 0px !important;margin-bottom: 0px !important;padding-top: 0px !important;padding-bottom: 0px !important;}\u00a0\u00bb][vc_column css=\u00a0\u00bb.vc_custom_1553502207797{margin-bottom: 0px !important;padding-bottom: 0px !important;}\u00a0\u00bb][\/vc_column][\/vc_row][vc_row full_width=\u00a0\u00bbstretch_row\u00a0\u00bb bg_type=\u00a0\u00bbbg_color\u00a0\u00bb css=\u00a0\u00bb.vc_custom_1553588786383{margin-top: 4px !important;margin-bottom: 0px !important;padding-top: 0px !important;padding-bottom: 0px !important;}\u00a0\u00bb bg_color_value=\u00a0\u00bb#b2aea8&Prime; el_class=\u00a0\u00bbfilasegona\u00a0\u00bb][vc_column css=\u00a0\u00bb.vc_custom_1553502260803{margin-top: 0px !important;margin-bottom: 0px !important;padding-top: 0px !important;padding-bottom: 0px !important;}\u00a0\u00bb][vc_row_inner][vc_column_inner width=\u00a0\u00bb1\/6&Prime;][\/vc_column_inner][vc_column_inner width=\u00a0\u00bb2\/6&Prime;][vc_column_text]C\u2019est l\u2019espace le plus chaud de l\u2019ensemble\u00a0; il pouvait y r\u00e9gner une temp\u00e9rature sup\u00e9rieure \u00e0 40 ou 50 degr\u00e9s centigrades, dans une atmosph\u00e8re satur\u00e9e de vapeur. Aujourd\u2019hui, on le qualifierait de \u00ab\u00a0sauna\u00a0\u00bb. L\u2019air \u00e9tait chauff\u00e9e \u00e0 l\u2019int\u00e9rieur d\u2019un four situ\u00e9 dans une salle attenante, puis envoy\u00e9e vers le caldarium \u00e0 travers un hypocauste, c\u2019est-\u00e0-dire une chambre souterraine connect\u00e9e au four. Le caldarium comportait un petit bassin dans l\u2019angle sud-est de la chambre, peu profond et, comme les bains musulmans, d\u00e9nu\u00e9 de marches pour y descendre.[\/vc_column_text][\/vc_column_inner][vc_column_inner width=\u00a0\u00bb2\/6&Prime;][vc_column_text]Une conduite en c\u00e9ramique vitrifi\u00e9e encastr\u00e9e dans l\u2019un des murs avait pour fonction de faciliter la circulation de l\u2019air chaud en provenance de l\u2019hypocauste. \u00c0 la fin du XXe si\u00e8cle, diverses interventions arch\u00e9ologiques ont permis de mesurer la complexit\u00e9 constructive du caldarium, du four et de l\u2019hypocauste, dont le fonctionnement fait aujourd\u2019hui encore l\u2019objet d\u2019un certain nombre d\u2019interrogations.[\/vc_column_text][\/vc_column_inner][vc_column_inner width=\u00a0\u00bb1\/6&Prime;][\/vc_column_inner][\/vc_row_inner][vc_single_image image=\u00a0\u00bb472&Prime; img_size=\u00a0\u00bbfull\u00a0\u00bb alignment=\u00a0\u00bbcenter\u00a0\u00bb][\/vc_column][\/vc_row][vc_row full_width=\u00a0\u00bbstretch_row\u00a0\u00bb bg_type=\u00a0\u00bbbg_color\u00a0\u00bb css=\u00a0\u00bb.vc_custom_1553589084311{margin-top: -5px !important;margin-bottom: 0px !important;padding-top: 0px !important;padding-bottom: 0px !important;}\u00a0\u00bb bg_color_value=\u00a0\u00bb#ffffff\u00a0\u00bb el_class=\u00a0\u00bbfilatercera\u00a0\u00bb][vc_column css=\u00a0\u00bb.vc_custom_1553502264611{margin-top: 0px !important;padding-top: 0px !important;}\u00a0\u00bb][vc_row_inner][vc_column_inner width=\u00a0\u00bb1\/12&Prime;][\/vc_column_inner][vc_column_inner width=\u00a0\u00bb5\/12&Prime;][vc_single_image image=\u00a0\u00bb457&Prime; img_size=\u00a0\u00bbfull\u00a0\u00bb alignment=\u00a0\u00bbcenter\u00a0\u00bb][\/vc_column_inner][vc_column_inner width=\u00a0\u00bb5\/12&Prime;][\/vc_column_inner][vc_column_inner width=\u00a0\u00bb1\/12&Prime;][\/vc_column_inner][\/vc_row_inner][\/vc_column][\/vc_row]<\/p>\n","protected":false},"author":1,"featured_media":0,"parent":0,"menu_order":0,"comment_status":"closed","ping_status":"closed","template":"","meta":{"_acf_changed":false,"footnotes":""},"yst_prominent_words":[],"class_list":["post-613","page","type-page","status-publish","hentry","entry","post-inner"],"acf":[],"_links":{"self":[{"href":"https:\/\/www.banysarabs.cat\/fr\/wp-json\/wp\/v2\/pages\/613","targetHints":{"allow":["GET"]}}],"collection":[{"href":"https:\/\/www.banysarabs.cat\/fr\/wp-json\/wp\/v2\/pages"}],"about":[{"href":"https:\/\/www.banysarabs.cat\/fr\/wp-json\/wp\/v2\/types\/page"}],"author":[{"embeddable":true,"href":"https:\/\/www.banysarabs.cat\/fr\/wp-json\/wp\/v2\/users\/1"}],"replies":[{"embeddable":true,"href":"https:\/\/www.banysarabs.cat\/fr\/wp-json\/wp\/v2\/comments?post=613"}],"version-history":[{"count":5,"href":"https:\/\/www.banysarabs.cat\/fr\/wp-json\/wp\/v2\/pages\/613\/revisions"}],"predecessor-version":[{"id":1369,"href":"https:\/\/www.banysarabs.cat\/fr\/wp-json\/wp\/v2\/pages\/613\/revisions\/1369"}],"wp:attachment":[{"href":"https:\/\/www.banysarabs.cat\/fr\/wp-json\/wp\/v2\/media?parent=613"}],"wp:term":[{"taxonomy":"yst_prominent_words","embeddable":true,"href":"https:\/\/www.banysarabs.cat\/fr\/wp-json\/wp\/v2\/yst_prominent_words?post=613"}],"curies":[{"name":"wp","href":"https:\/\/api.w.org\/{rel}","templated":true}]}}