{"id":608,"date":"2019-03-26T08:43:41","date_gmt":"2019-03-26T08:43:41","guid":{"rendered":"https:\/\/www.banysarabs.cat\/frigidari\/"},"modified":"2019-06-10T08:20:47","modified_gmt":"2019-06-10T08:20:47","slug":"frigidari","status":"publish","type":"page","link":"https:\/\/www.banysarabs.cat\/fr\/frigidari\/","title":{"rendered":"FRIGIDARIUM"},"content":{"rendered":"<div class=\"wpb-content-wrapper\">[vc_row full_width=\u00a0\u00bbstretch_row\u00a0\u00bb bg_type=\u00a0\u00bbimage\u00a0\u00bb parallax_style=\u00a0\u00bbvcpb-default\u00a0\u00bb bg_image_new=\u00a0\u00bbid^253|url^https:\/\/www.banysarabs.cat\/wp-content\/uploads\/2019\/03\/0000frig.jpg|caption^null|alt^null|title^0000frig|description^null\u00a0\u00bb bg_image_repeat=\u00a0\u00bbno-repeat\u00a0\u00bb el_class=\u00a0\u00bbfilaprimera\u00a0\u00bb css=\u00a0\u00bb.vc_custom_1553589787619{margin-top: 0px !important;margin-bottom: 0px !important;padding-top: 0px !important;padding-bottom: 0px !important;}\u00a0\u00bb][vc_column css=\u00a0\u00bb.vc_custom_1553502207797{margin-bottom: 0px !important;padding-bottom: 0px !important;}\u00a0\u00bb]<div class=\"ult-spacer spacer-69f2858a177fa\" data-id=\"69f2858a177fa\" data-height=\"275\" data-height-mobile=\"275\" data-height-tab=\"275\" data-height-tab-portrait=\"\" data-height-mobile-landscape=\"\" style=\"clear:both;display:block;\"><\/div><div id=\"ultimate-heading-402369f2858a17871\" class=\"uvc-heading ult-adjust-bottom-margin ultimate-heading-402369f2858a17871 uvc-5925 \" data-hspacer=\"no_spacer\"  data-halign=\"center\" style=\"text-align:center\"><div class=\"uvc-heading-spacer no_spacer\" style=\"top\"><\/div><div class=\"uvc-sub-heading ult-responsive\"  data-ultimate-target='.uvc-heading.ultimate-heading-402369f2858a17871 .uvc-sub-heading '  data-responsive-json-new='{\"font-size\":\"desktop:60px;\",\"line-height\":\"\"}'  style=\"font-weight:normal;color:#ffffff;\">\n<p style=\"text-align: center;\"><span style=\"color: #ffffff; letter-spacing: 6px; font-weight: 300;\">FRIGIDARIUM<\/span><\/p>\n<\/div><\/div><div class=\"ult-spacer spacer-69f2858a178da\" data-id=\"69f2858a178da\" data-height=\"285\" data-height-mobile=\"285\" data-height-tab=\"285\" data-height-tab-portrait=\"\" data-height-mobile-landscape=\"\" style=\"clear:both;display:block;\"><\/div>[\/vc_column][\/vc_row][vc_row full_width=\u00a0\u00bbstretch_row\u00a0\u00bb bg_type=\u00a0\u00bbbg_color\u00a0\u00bb css=\u00a0\u00bb.vc_custom_1553588786383{margin-top: 4px !important;margin-bottom: 0px !important;padding-top: 0px !important;padding-bottom: 0px !important;}\u00a0\u00bb bg_color_value=\u00a0\u00bb#b2aea8&Prime; el_class=\u00a0\u00bbfilasegona\u00a0\u00bb][vc_column css=\u00a0\u00bb.vc_custom_1553502260803{margin-top: 0px !important;margin-bottom: 0px !important;padding-top: 0px !important;padding-bottom: 0px !important;}\u00a0\u00bb]<div class=\"ult-spacer spacer-69f2858a1795a\" data-id=\"69f2858a1795a\" data-height=\"88\" data-height-mobile=\"88\" data-height-tab=\"88\" data-height-tab-portrait=\"\" data-height-mobile-landscape=\"\" style=\"clear:both;display:block;\"><\/div><div id=\"ultimate-heading-273769f2858a179d0\" class=\"uvc-heading ult-adjust-bottom-margin ultimate-heading-273769f2858a179d0 uvc-6730 titol\" data-hspacer=\"no_spacer\"  data-halign=\"center\" style=\"text-align:center\"><div class=\"uvc-heading-spacer no_spacer\" style=\"top\"><\/div><div class=\"uvc-sub-heading ult-responsive\"  data-ultimate-target='.uvc-heading.ultimate-heading-273769f2858a179d0 .uvc-sub-heading '  data-responsive-json-new='{\"font-size\":\"desktop:17px;\",\"line-height\":\"\"}'  style=\"font-family:&#039;Vollkorn SC&#039;;font-weight:normal;font-style:normal;color:#0a0a0a;\">\n<p style=\"text-align: center;\">\u2013 Les Bains Arabes \u2013<\/p>\n<\/div><\/div><div id=\"ultimate-heading-679069f2858a17a66\" class=\"uvc-heading ult-adjust-bottom-margin ultimate-heading-679069f2858a17a66 uvc-2733 titol\" data-hspacer=\"no_spacer\"  data-halign=\"center\" style=\"text-align:center\"><div class=\"uvc-heading-spacer no_spacer\" style=\"top\"><\/div><div class=\"uvc-sub-heading ult-responsive\"  data-ultimate-target='.uvc-heading.ultimate-heading-679069f2858a17a66 .uvc-sub-heading '  data-responsive-json-new='{\"font-size\":\"desktop:36px;\",\"line-height\":\"\"}'  style=\"font-family:&#039;Arapey&#039;;font-style:italic;font-weight:normal;color:#ffffff;\">\u00b7 Frigidarium \u00b7<\/div><\/div><div class=\"ult-spacer spacer-69f2858a17ad7\" data-id=\"69f2858a17ad7\" data-height=\"32\" data-height-mobile=\"32\" data-height-tab=\"32\" data-height-tab-portrait=\"\" data-height-mobile-landscape=\"\" style=\"clear:both;display:block;\"><\/div>[vc_row_inner][vc_column_inner width=\u00a0\u00bb1\/6&Prime;][\/vc_column_inner][vc_column_inner width=\u00a0\u00bb2\/6&Prime;][vc_column_text]La salle froide ou frigidarium \u00e9tait la premi\u00e8re de la zone humide des bains. On y p\u00e9n\u00e9trait par deux portes \u00e0 double battant qui se fermaient sous l\u2019action de la gravit\u00e9 et en faisaient un espace pratiquement \u00e9tanche, ce qui permettait d\u2019y maintenir une temp\u00e9rature tr\u00e8s basse.<\/p>\n<p>Suivant la tradition romaine et arabe, les baigneurs s\u2019immergeaient dans le frigidarium \u00e0 la fin de leur visite.<span class=\"Apple-converted-space\">\u00a0<\/span>[\/vc_column_text][\/vc_column_inner][vc_column_inner width=\u00a0\u00bb2\/6&Prime;][vc_column_text]Ici, ils se baignaient dans une eau froide, qu\u2019il n\u2019\u00e9tait pas n\u00e9cessaire de refroidir puisqu\u2019on employait pour cela de l\u2019eau de pluie stock\u00e9e dans une citerne. La piscine \u00e9tait flanqu\u00e9e de deux rebords l\u00e9g\u00e8rement sur\u00e9lev\u00e9s gr\u00e2ce auxquels les utilisateurs pouvaient se prot\u00e9ger de l\u2019humidit\u00e9. La salle, qui est la plus petite de l\u2019ensemble, est couverte d\u2019une fausse vo\u00fbte d\u2019ar\u00eates, soutenue en partie par deux arcades \u00e0 colonnes interm\u00e9diaires, situ\u00e9es sur les c\u00f4t\u00e9s.[\/vc_column_text][\/vc_column_inner][vc_column_inner width=\u00a0\u00bb1\/6&Prime;][\/vc_column_inner][\/vc_row_inner][vc_single_image image=\u00a0\u00bb472&Prime; img_size=\u00a0\u00bbfull\u00a0\u00bb alignment=\u00a0\u00bbcenter\u00a0\u00bb]<div class=\"ult-spacer spacer-69f2858a17b16\" data-id=\"69f2858a17b16\" data-height=\"47\" data-height-mobile=\"47\" data-height-tab=\"47\" data-height-tab-portrait=\"\" data-height-mobile-landscape=\"\" style=\"clear:both;display:block;\"><\/div>[\/vc_column][\/vc_row][vc_row full_width=\u00a0\u00bbstretch_row\u00a0\u00bb bg_type=\u00a0\u00bbbg_color\u00a0\u00bb css=\u00a0\u00bb.vc_custom_1553589084311{margin-top: -5px !important;margin-bottom: 0px !important;padding-top: 0px !important;padding-bottom: 0px !important;}\u00a0\u00bb bg_color_value=\u00a0\u00bb#ffffff\u00a0\u00bb el_class=\u00a0\u00bbfilatercera\u00a0\u00bb][vc_column css=\u00a0\u00bb.vc_custom_1553502264611{margin-top: 0px !important;padding-top: 0px !important;}\u00a0\u00bb]<div class=\"ult-spacer spacer-69f2858a17b5e\" data-id=\"69f2858a17b5e\" data-height=\"47\" data-height-mobile=\"47\" data-height-tab=\"47\" data-height-tab-portrait=\"\" data-height-mobile-landscape=\"\" style=\"clear:both;display:block;\"><\/div>[vc_row_inner][vc_column_inner width=\u00a0\u00bb1\/12&Prime;][\/vc_column_inner][vc_column_inner width=\u00a0\u00bb5\/12&Prime;][vc_single_image image=\u00a0\u00bb464&Prime; img_size=\u00a0\u00bbfull\u00a0\u00bb alignment=\u00a0\u00bbcenter\u00a0\u00bb][\/vc_column_inner][vc_column_inner width=\u00a0\u00bb5\/12&Prime;]<div class=\"ult-spacer spacer-69f2858a17ba5\" data-id=\"69f2858a17ba5\" data-height=\"30\" data-height-mobile=\"30\" data-height-tab=\"30\" data-height-tab-portrait=\"\" data-height-mobile-landscape=\"\" style=\"clear:both;display:block;\"><\/div><div id=\"ultimate-heading-42969f2858a17bf4\" class=\"uvc-heading ult-adjust-bottom-margin ultimate-heading-42969f2858a17bf4 uvc-113 titol\" data-hspacer=\"no_spacer\"  data-halign=\"left\" style=\"text-align:left\"><div class=\"uvc-heading-spacer no_spacer\" style=\"top\"><\/div><div class=\"uvc-sub-heading ult-responsive\"  data-ultimate-target='.uvc-heading.ultimate-heading-42969f2858a17bf4 .uvc-sub-heading '  data-responsive-json-new='{\"font-size\":\"desktop:25px;\",\"line-height\":\"\"}'  style=\"font-family:&#039;Arapey&#039;;font-style:italic;font-weight:normal;color:#0a0a0a;margin-top:36px;\">C\u2019est une salle de passage, la premi\u00e8re quand on<br \/>\np\u00e9n\u00e8tredans le complexe humide des bains.<\/div><\/div>[\/vc_column_inner][vc_column_inner width=\u00a0\u00bb1\/12&Prime;][\/vc_column_inner][\/vc_row_inner]<div class=\"ult-spacer spacer-69f2858a17c49\" data-id=\"69f2858a17c49\" data-height=\"32\" data-height-mobile=\"32\" data-height-tab=\"32\" data-height-tab-portrait=\"\" data-height-mobile-landscape=\"\" style=\"clear:both;display:block;\"><\/div>[\/vc_column][\/vc_row]\n<\/div>","protected":false},"excerpt":{"rendered":"<p>[vc_row full_width=\u00a0\u00bbstretch_row\u00a0\u00bb bg_type=\u00a0\u00bbimage\u00a0\u00bb parallax_style=\u00a0\u00bbvcpb-default\u00a0\u00bb bg_image_new=\u00a0\u00bbid^253|url^https:\/\/www.banysarabs.cat\/wp-content\/uploads\/2019\/03\/0000frig.jpg|caption^null|alt^null|title^0000frig|description^null\u00a0\u00bb bg_image_repeat=\u00a0\u00bbno-repeat\u00a0\u00bb el_class=\u00a0\u00bbfilaprimera\u00a0\u00bb css=\u00a0\u00bb.vc_custom_1553589787619{margin-top: 0px !important;margin-bottom: 0px !important;padding-top: 0px !important;padding-bottom: 0px !important;}\u00a0\u00bb][vc_column css=\u00a0\u00bb.vc_custom_1553502207797{margin-bottom: 0px !important;padding-bottom: 0px !important;}\u00a0\u00bb][\/vc_column][\/vc_row][vc_row full_width=\u00a0\u00bbstretch_row\u00a0\u00bb bg_type=\u00a0\u00bbbg_color\u00a0\u00bb css=\u00a0\u00bb.vc_custom_1553588786383{margin-top: 4px !important;margin-bottom: 0px !important;padding-top: 0px !important;padding-bottom: 0px !important;}\u00a0\u00bb bg_color_value=\u00a0\u00bb#b2aea8&Prime; el_class=\u00a0\u00bbfilasegona\u00a0\u00bb][vc_column css=\u00a0\u00bb.vc_custom_1553502260803{margin-top: 0px !important;margin-bottom: 0px !important;padding-top: 0px !important;padding-bottom: 0px !important;}\u00a0\u00bb][vc_row_inner][vc_column_inner width=\u00a0\u00bb1\/6&Prime;][\/vc_column_inner][vc_column_inner width=\u00a0\u00bb2\/6&Prime;][vc_column_text]La salle froide ou frigidarium \u00e9tait la premi\u00e8re de la zone humide des bains. On y p\u00e9n\u00e9trait par deux portes \u00e0 double battant qui se fermaient sous l\u2019action de la gravit\u00e9 et en faisaient un espace pratiquement \u00e9tanche, ce qui permettait d\u2019y maintenir une temp\u00e9rature tr\u00e8s basse. Suivant la tradition romaine et arabe, les baigneurs s\u2019immergeaient dans le frigidarium \u00e0 la fin de leur visite.\u00a0[\/vc_column_text][\/vc_column_inner][vc_column_inner width=\u00a0\u00bb2\/6&Prime;][vc_column_text]Ici, ils se baignaient dans une eau froide, qu\u2019il n\u2019\u00e9tait pas n\u00e9cessaire de refroidir puisqu\u2019on employait pour cela de l\u2019eau de pluie stock\u00e9e dans une citerne. La piscine \u00e9tait flanqu\u00e9e de deux rebords l\u00e9g\u00e8rement sur\u00e9lev\u00e9s gr\u00e2ce auxquels les utilisateurs pouvaient se prot\u00e9ger de l\u2019humidit\u00e9. La salle, qui est la plus petite de l\u2019ensemble, est couverte d\u2019une fausse vo\u00fbte d\u2019ar\u00eates, soutenue en partie par deux arcades \u00e0 colonnes interm\u00e9diaires, situ\u00e9es sur les c\u00f4t\u00e9s.[\/vc_column_text][\/vc_column_inner][vc_column_inner width=\u00a0\u00bb1\/6&Prime;][\/vc_column_inner][\/vc_row_inner][vc_single_image image=\u00a0\u00bb472&Prime; img_size=\u00a0\u00bbfull\u00a0\u00bb alignment=\u00a0\u00bbcenter\u00a0\u00bb][\/vc_column][\/vc_row][vc_row full_width=\u00a0\u00bbstretch_row\u00a0\u00bb bg_type=\u00a0\u00bbbg_color\u00a0\u00bb css=\u00a0\u00bb.vc_custom_1553589084311{margin-top: -5px !important;margin-bottom: 0px !important;padding-top: 0px !important;padding-bottom: 0px !important;}\u00a0\u00bb bg_color_value=\u00a0\u00bb#ffffff\u00a0\u00bb el_class=\u00a0\u00bbfilatercera\u00a0\u00bb][vc_column css=\u00a0\u00bb.vc_custom_1553502264611{margin-top: 0px !important;padding-top: 0px !important;}\u00a0\u00bb][vc_row_inner][vc_column_inner width=\u00a0\u00bb1\/12&Prime;][\/vc_column_inner][vc_column_inner width=\u00a0\u00bb5\/12&Prime;][vc_single_image image=\u00a0\u00bb464&Prime; img_size=\u00a0\u00bbfull\u00a0\u00bb alignment=\u00a0\u00bbcenter\u00a0\u00bb][\/vc_column_inner][vc_column_inner width=\u00a0\u00bb5\/12&Prime;][\/vc_column_inner][vc_column_inner width=\u00a0\u00bb1\/12&Prime;][\/vc_column_inner][\/vc_row_inner][\/vc_column][\/vc_row]<\/p>\n","protected":false},"author":1,"featured_media":0,"parent":0,"menu_order":0,"comment_status":"closed","ping_status":"closed","template":"","meta":{"_acf_changed":false,"footnotes":""},"yst_prominent_words":[],"class_list":["post-608","page","type-page","status-publish","hentry","entry","post-inner"],"acf":[],"_links":{"self":[{"href":"https:\/\/www.banysarabs.cat\/fr\/wp-json\/wp\/v2\/pages\/608","targetHints":{"allow":["GET"]}}],"collection":[{"href":"https:\/\/www.banysarabs.cat\/fr\/wp-json\/wp\/v2\/pages"}],"about":[{"href":"https:\/\/www.banysarabs.cat\/fr\/wp-json\/wp\/v2\/types\/page"}],"author":[{"embeddable":true,"href":"https:\/\/www.banysarabs.cat\/fr\/wp-json\/wp\/v2\/users\/1"}],"replies":[{"embeddable":true,"href":"https:\/\/www.banysarabs.cat\/fr\/wp-json\/wp\/v2\/comments?post=608"}],"version-history":[{"count":5,"href":"https:\/\/www.banysarabs.cat\/fr\/wp-json\/wp\/v2\/pages\/608\/revisions"}],"predecessor-version":[{"id":787,"href":"https:\/\/www.banysarabs.cat\/fr\/wp-json\/wp\/v2\/pages\/608\/revisions\/787"}],"wp:attachment":[{"href":"https:\/\/www.banysarabs.cat\/fr\/wp-json\/wp\/v2\/media?parent=608"}],"wp:term":[{"taxonomy":"yst_prominent_words","embeddable":true,"href":"https:\/\/www.banysarabs.cat\/fr\/wp-json\/wp\/v2\/yst_prominent_words?post=608"}],"curies":[{"name":"wp","href":"https:\/\/api.w.org\/{rel}","templated":true}]}}