{"id":603,"date":"2019-03-26T08:18:12","date_gmt":"2019-03-26T08:18:12","guid":{"rendered":"https:\/\/www.banysarabs.cat\/apoditeri\/"},"modified":"2019-06-10T08:13:39","modified_gmt":"2019-06-10T08:13:39","slug":"apoditeri","status":"publish","type":"page","link":"https:\/\/www.banysarabs.cat\/fr\/apoditeri\/","title":{"rendered":"Apodyterium"},"content":{"rendered":"<div class=\"wpb-content-wrapper\">[vc_row full_width=\u00a0\u00bbstretch_row\u00a0\u00bb bg_type=\u00a0\u00bbimage\u00a0\u00bb parallax_style=\u00a0\u00bbvcpb-default\u00a0\u00bb bg_image_new=\u00a0\u00bbid^239|url^https:\/\/www.banysarabs.cat\/wp-content\/uploads\/2019\/03\/000apodit.jpg|caption^null|alt^null|title^000apodit|description^null\u00a0\u00bb bg_image_repeat=\u00a0\u00bbno-repeat\u00a0\u00bb el_class=\u00a0\u00bbfilaprimera\u00a0\u00bb css=\u00a0\u00bb.vc_custom_1553588615326{margin-top: 0px !important;margin-bottom: 0px !important;padding-top: 0px !important;padding-bottom: 0px !important;}\u00a0\u00bb][vc_column css=\u00a0\u00bb.vc_custom_1553502207797{margin-bottom: 0px !important;padding-bottom: 0px !important;}\u00a0\u00bb]<div class=\"ult-spacer spacer-69e05e846fb9e\" data-id=\"69e05e846fb9e\" data-height=\"275\" data-height-mobile=\"275\" data-height-tab=\"275\" data-height-tab-portrait=\"\" data-height-mobile-landscape=\"\" style=\"clear:both;display:block;\"><\/div><div id=\"ultimate-heading-610769e05e846fc44\" class=\"uvc-heading ult-adjust-bottom-margin ultimate-heading-610769e05e846fc44 uvc-7762 \" data-hspacer=\"no_spacer\"  data-halign=\"center\" style=\"text-align:center\"><div class=\"uvc-heading-spacer no_spacer\" style=\"top\"><\/div><div class=\"uvc-sub-heading ult-responsive\"  data-ultimate-target='.uvc-heading.ultimate-heading-610769e05e846fc44 .uvc-sub-heading '  data-responsive-json-new='{\"font-size\":\"desktop:60px;\",\"line-height\":\"\"}'  style=\"font-weight:normal;color:#ffffff;\">\n<p style=\"text-align: center;\"><span style=\"color: #ffffff; letter-spacing: 6px; font-weight: 300;\">APODYTERIUM<\/span><\/p>\n<\/div><\/div><div class=\"ult-spacer spacer-69e05e846fcab\" data-id=\"69e05e846fcab\" data-height=\"285\" data-height-mobile=\"285\" data-height-tab=\"285\" data-height-tab-portrait=\"\" data-height-mobile-landscape=\"\" style=\"clear:both;display:block;\"><\/div>[\/vc_column][\/vc_row][vc_row full_width=\u00a0\u00bbstretch_row\u00a0\u00bb bg_type=\u00a0\u00bbbg_color\u00a0\u00bb css=\u00a0\u00bb.vc_custom_1553588786383{margin-top: 4px !important;margin-bottom: 0px !important;padding-top: 0px !important;padding-bottom: 0px !important;}\u00a0\u00bb bg_color_value=\u00a0\u00bb#b2aea8&Prime; el_class=\u00a0\u00bbfilasegona\u00a0\u00bb][vc_column css=\u00a0\u00bb.vc_custom_1553502260803{margin-top: 0px !important;margin-bottom: 0px !important;padding-top: 0px !important;padding-bottom: 0px !important;}\u00a0\u00bb]<div class=\"ult-spacer spacer-69e05e846fcf1\" data-id=\"69e05e846fcf1\" data-height=\"88\" data-height-mobile=\"88\" data-height-tab=\"88\" data-height-tab-portrait=\"\" data-height-mobile-landscape=\"\" style=\"clear:both;display:block;\"><\/div><div id=\"ultimate-heading-44669e05e846fd69\" class=\"uvc-heading ult-adjust-bottom-margin ultimate-heading-44669e05e846fd69 uvc-5673 titol\" data-hspacer=\"no_spacer\"  data-halign=\"center\" style=\"text-align:center\"><div class=\"uvc-heading-spacer no_spacer\" style=\"top\"><\/div><div class=\"uvc-sub-heading ult-responsive\"  data-ultimate-target='.uvc-heading.ultimate-heading-44669e05e846fd69 .uvc-sub-heading '  data-responsive-json-new='{\"font-size\":\"desktop:17px;\",\"line-height\":\"\"}'  style=\"font-family:&#039;Vollkorn SC&#039;;font-weight:normal;font-style:normal;color:#0a0a0a;\">\u2013 Les Bains Arabes \u2013<\/div><\/div><div id=\"ultimate-heading-186369e05e846fdf9\" class=\"uvc-heading ult-adjust-bottom-margin ultimate-heading-186369e05e846fdf9 uvc-9302 titol\" data-hspacer=\"no_spacer\"  data-halign=\"center\" style=\"text-align:center\"><div class=\"uvc-heading-spacer no_spacer\" style=\"top\"><\/div><div class=\"uvc-sub-heading ult-responsive\"  data-ultimate-target='.uvc-heading.ultimate-heading-186369e05e846fdf9 .uvc-sub-heading '  data-responsive-json-new='{\"font-size\":\"desktop:36px;\",\"line-height\":\"\"}'  style=\"font-family:&#039;Arapey&#039;;font-style:italic;font-weight:normal;color:#ffffff;\">\u00b7 Apodyterium \u00b7<\/div><\/div><div class=\"ult-spacer spacer-69e05e846fe5e\" data-id=\"69e05e846fe5e\" data-height=\"32\" data-height-mobile=\"32\" data-height-tab=\"32\" data-height-tab-portrait=\"\" data-height-mobile-landscape=\"\" style=\"clear:both;display:block;\"><\/div>[vc_row_inner][vc_column_inner width=\u00a0\u00bb1\/6&Prime;][\/vc_column_inner][vc_column_inner width=\u00a0\u00bb2\/6&Prime;][vc_column_text]Le vestiaire ou apodyterium est la salle qui a le plus de personnalit\u00e9 de l\u2019ensemble. Les utilisateurs des bains entraient et sortaient en traversant cet espace, ils y conversaient et s\u2019y changeaient. Avec un plan centralis\u00e9 et des contours quadrangulaires, il est pr\u00e9sid\u00e9 par un petit bassin octogonal ceint de colonnes, et il se projette vers l\u2019ext\u00e9rieur par un lanterneau, \u00e9galement octogonal, soutenu par des arcades et des colonnes.[\/vc_column_text][\/vc_column_inner][vc_column_inner width=\u00a0\u00bb2\/6&Prime;][vc_column_text]Les chapiteaux sont profus\u00e9ment agr\u00e9ment\u00e9s de motifs v\u00e9g\u00e9taux et animaux, interpr\u00e9t\u00e9s comme autant de r\u00e9f\u00e9rences symboliques au paradis terrestre chr\u00e9tien. La couverture, principalement construite en pierre volcanique, pr\u00e9sente plusieurs ouvertures dans le style d\u2019Al-Andalus. Par l\u2019apodyterium, on entrait au frigidarium ou on en sortait (selon le sens de la visite). L\u2019apparence actuelle des lieux est le fruit de la restauration pratiqu\u00e9e entre 1929 et 1932, date de leur ouverture au public.<span class=\"Apple-converted-space\">\u00a0<\/span>[\/vc_column_text][\/vc_column_inner][vc_column_inner width=\u00a0\u00bb1\/6&Prime;][\/vc_column_inner][\/vc_row_inner][vc_single_image image=\u00a0\u00bb472&Prime; img_size=\u00a0\u00bbfull\u00a0\u00bb alignment=\u00a0\u00bbcenter\u00a0\u00bb]<div class=\"ult-spacer spacer-69e05e846fead\" data-id=\"69e05e846fead\" data-height=\"47\" data-height-mobile=\"47\" data-height-tab=\"47\" data-height-tab-portrait=\"\" data-height-mobile-landscape=\"\" style=\"clear:both;display:block;\"><\/div>[\/vc_column][\/vc_row][vc_row full_width=\u00a0\u00bbstretch_row\u00a0\u00bb bg_type=\u00a0\u00bbbg_color\u00a0\u00bb css=\u00a0\u00bb.vc_custom_1553589084311{margin-top: -5px !important;margin-bottom: 0px !important;padding-top: 0px !important;padding-bottom: 0px !important;}\u00a0\u00bb bg_color_value=\u00a0\u00bb#ffffff\u00a0\u00bb el_class=\u00a0\u00bbfilatercera\u00a0\u00bb][vc_column css=\u00a0\u00bb.vc_custom_1553502264611{margin-top: 0px !important;padding-top: 0px !important;}\u00a0\u00bb]<div class=\"ult-spacer spacer-69e05e846fee8\" data-id=\"69e05e846fee8\" data-height=\"47\" data-height-mobile=\"47\" data-height-tab=\"47\" data-height-tab-portrait=\"\" data-height-mobile-landscape=\"\" style=\"clear:both;display:block;\"><\/div>[vc_row_inner][vc_column_inner width=\u00a0\u00bb1\/12&Prime;][\/vc_column_inner][vc_column_inner width=\u00a0\u00bb5\/12&Prime;][vc_single_image image=\u00a0\u00bb469&Prime; img_size=\u00a0\u00bbfull\u00a0\u00bb alignment=\u00a0\u00bbcenter\u00a0\u00bb][\/vc_column_inner][vc_column_inner width=\u00a0\u00bb5\/12&Prime;]<div class=\"ult-spacer spacer-69e05e846ff22\" data-id=\"69e05e846ff22\" data-height=\"30\" data-height-mobile=\"30\" data-height-tab=\"30\" data-height-tab-portrait=\"\" data-height-mobile-landscape=\"\" style=\"clear:both;display:block;\"><\/div><div id=\"ultimate-heading-887769e05e846ff75\" class=\"uvc-heading ult-adjust-bottom-margin ultimate-heading-887769e05e846ff75 uvc-945 titol\" data-hspacer=\"no_spacer\"  data-halign=\"left\" style=\"text-align:left\"><div class=\"uvc-heading-spacer no_spacer\" style=\"top\"><\/div><div class=\"uvc-sub-heading ult-responsive\"  data-ultimate-target='.uvc-heading.ultimate-heading-887769e05e846ff75 .uvc-sub-heading '  data-responsive-json-new='{\"font-size\":\"desktop:29px;\",\"line-height\":\"\"}'  style=\"font-family:&#039;Arapey&#039;;font-style:italic;font-weight:normal;color:#0a0a0a;margin-top:36px;\">C\u2019est la salle la plus spacieuse,<br \/>\no\u00f9 avaient lieu les contacts sociaux.<\/div><\/div>[\/vc_column_inner][vc_column_inner width=\u00a0\u00bb1\/12&Prime;][\/vc_column_inner][\/vc_row_inner]<div class=\"ult-spacer spacer-69e05e846ffda\" data-id=\"69e05e846ffda\" data-height=\"32\" data-height-mobile=\"32\" data-height-tab=\"32\" data-height-tab-portrait=\"\" data-height-mobile-landscape=\"\" style=\"clear:both;display:block;\"><\/div>[\/vc_column][\/vc_row]\n<\/div>","protected":false},"excerpt":{"rendered":"<p>[vc_row full_width=\u00a0\u00bbstretch_row\u00a0\u00bb bg_type=\u00a0\u00bbimage\u00a0\u00bb parallax_style=\u00a0\u00bbvcpb-default\u00a0\u00bb bg_image_new=\u00a0\u00bbid^239|url^https:\/\/www.banysarabs.cat\/wp-content\/uploads\/2019\/03\/000apodit.jpg|caption^null|alt^null|title^000apodit|description^null\u00a0\u00bb bg_image_repeat=\u00a0\u00bbno-repeat\u00a0\u00bb el_class=\u00a0\u00bbfilaprimera\u00a0\u00bb css=\u00a0\u00bb.vc_custom_1553588615326{margin-top: 0px !important;margin-bottom: 0px !important;padding-top: 0px !important;padding-bottom: 0px !important;}\u00a0\u00bb][vc_column css=\u00a0\u00bb.vc_custom_1553502207797{margin-bottom: 0px !important;padding-bottom: 0px !important;}\u00a0\u00bb][\/vc_column][\/vc_row][vc_row full_width=\u00a0\u00bbstretch_row\u00a0\u00bb bg_type=\u00a0\u00bbbg_color\u00a0\u00bb css=\u00a0\u00bb.vc_custom_1553588786383{margin-top: 4px !important;margin-bottom: 0px !important;padding-top: 0px !important;padding-bottom: 0px !important;}\u00a0\u00bb bg_color_value=\u00a0\u00bb#b2aea8&Prime; el_class=\u00a0\u00bbfilasegona\u00a0\u00bb][vc_column css=\u00a0\u00bb.vc_custom_1553502260803{margin-top: 0px !important;margin-bottom: 0px !important;padding-top: 0px !important;padding-bottom: 0px !important;}\u00a0\u00bb][vc_row_inner][vc_column_inner width=\u00a0\u00bb1\/6&Prime;][\/vc_column_inner][vc_column_inner width=\u00a0\u00bb2\/6&Prime;][vc_column_text]Le vestiaire ou apodyterium est la salle qui a le plus de personnalit\u00e9 de l\u2019ensemble. Les utilisateurs des bains entraient et sortaient en traversant cet espace, ils y conversaient et s\u2019y changeaient. Avec un plan centralis\u00e9 et des contours quadrangulaires, il est pr\u00e9sid\u00e9 par un petit bassin octogonal ceint de colonnes, et il se projette vers l\u2019ext\u00e9rieur par un lanterneau, \u00e9galement octogonal, soutenu par des arcades et des colonnes.[\/vc_column_text][\/vc_column_inner][vc_column_inner width=\u00a0\u00bb2\/6&Prime;][vc_column_text]Les chapiteaux sont profus\u00e9ment agr\u00e9ment\u00e9s de motifs v\u00e9g\u00e9taux et animaux, interpr\u00e9t\u00e9s comme autant de r\u00e9f\u00e9rences symboliques au paradis terrestre chr\u00e9tien. La couverture, principalement construite en pierre volcanique, pr\u00e9sente plusieurs ouvertures dans le style d\u2019Al-Andalus. Par l\u2019apodyterium, on entrait au frigidarium ou on en sortait (selon le sens de la visite). L\u2019apparence actuelle des lieux est le fruit de la restauration pratiqu\u00e9e entre 1929 et 1932, date de leur ouverture au public.\u00a0[\/vc_column_text][\/vc_column_inner][vc_column_inner width=\u00a0\u00bb1\/6&Prime;][\/vc_column_inner][\/vc_row_inner][vc_single_image image=\u00a0\u00bb472&Prime; img_size=\u00a0\u00bbfull\u00a0\u00bb alignment=\u00a0\u00bbcenter\u00a0\u00bb][\/vc_column][\/vc_row][vc_row full_width=\u00a0\u00bbstretch_row\u00a0\u00bb bg_type=\u00a0\u00bbbg_color\u00a0\u00bb css=\u00a0\u00bb.vc_custom_1553589084311{margin-top: -5px !important;margin-bottom: 0px !important;padding-top: 0px !important;padding-bottom: 0px !important;}\u00a0\u00bb bg_color_value=\u00a0\u00bb#ffffff\u00a0\u00bb el_class=\u00a0\u00bbfilatercera\u00a0\u00bb][vc_column css=\u00a0\u00bb.vc_custom_1553502264611{margin-top: 0px !important;padding-top: 0px !important;}\u00a0\u00bb][vc_row_inner][vc_column_inner width=\u00a0\u00bb1\/12&Prime;][\/vc_column_inner][vc_column_inner width=\u00a0\u00bb5\/12&Prime;][vc_single_image image=\u00a0\u00bb469&Prime; img_size=\u00a0\u00bbfull\u00a0\u00bb alignment=\u00a0\u00bbcenter\u00a0\u00bb][\/vc_column_inner][vc_column_inner width=\u00a0\u00bb5\/12&Prime;][\/vc_column_inner][vc_column_inner width=\u00a0\u00bb1\/12&Prime;][\/vc_column_inner][\/vc_row_inner][\/vc_column][\/vc_row]<\/p>\n","protected":false},"author":1,"featured_media":0,"parent":0,"menu_order":0,"comment_status":"closed","ping_status":"closed","template":"","meta":{"_acf_changed":false,"footnotes":""},"yst_prominent_words":[],"class_list":["post-603","page","type-page","status-publish","hentry","entry","post-inner"],"acf":[],"_links":{"self":[{"href":"https:\/\/www.banysarabs.cat\/fr\/wp-json\/wp\/v2\/pages\/603","targetHints":{"allow":["GET"]}}],"collection":[{"href":"https:\/\/www.banysarabs.cat\/fr\/wp-json\/wp\/v2\/pages"}],"about":[{"href":"https:\/\/www.banysarabs.cat\/fr\/wp-json\/wp\/v2\/types\/page"}],"author":[{"embeddable":true,"href":"https:\/\/www.banysarabs.cat\/fr\/wp-json\/wp\/v2\/users\/1"}],"replies":[{"embeddable":true,"href":"https:\/\/www.banysarabs.cat\/fr\/wp-json\/wp\/v2\/comments?post=603"}],"version-history":[{"count":3,"href":"https:\/\/www.banysarabs.cat\/fr\/wp-json\/wp\/v2\/pages\/603\/revisions"}],"predecessor-version":[{"id":606,"href":"https:\/\/www.banysarabs.cat\/fr\/wp-json\/wp\/v2\/pages\/603\/revisions\/606"}],"wp:attachment":[{"href":"https:\/\/www.banysarabs.cat\/fr\/wp-json\/wp\/v2\/media?parent=603"}],"wp:term":[{"taxonomy":"yst_prominent_words","embeddable":true,"href":"https:\/\/www.banysarabs.cat\/fr\/wp-json\/wp\/v2\/yst_prominent_words?post=603"}],"curies":[{"name":"wp","href":"https:\/\/api.w.org\/{rel}","templated":true}]}}