{"id":411,"date":"2019-05-17T08:33:34","date_gmt":"2019-05-17T08:33:34","guid":{"rendered":"https:\/\/www.banysarabs.cat\/cookies-2\/"},"modified":"2019-06-11T08:10:41","modified_gmt":"2019-06-11T08:10:41","slug":"cookies","status":"publish","type":"page","link":"https:\/\/www.banysarabs.cat\/es\/cookies\/","title":{"rendered":"Cookies"},"content":{"rendered":"<div class=\"wpb-content-wrapper\">[vc_row][vc_column]<div class=\"ult-spacer spacer-69e1cc8e13825\" data-id=\"69e1cc8e13825\" data-height=\"250\" data-height-mobile=\"250\" data-height-tab=\"250\" data-height-tab-portrait=\"\" data-height-mobile-landscape=\"\" style=\"clear:both;display:block;\"><\/div>[vc_column_text]\n<div class=\"wpb_text_column wpb_content_element \">\n<div class=\"wpb_wrapper\">\n<p class=\"p1\">Aquest lloc web utilitza cookies. Les cookies s\u00f3n petits arxius de text en els quals els navegadors emmagatzemen informaci\u00f3 durant les visites a les p\u00e0gines web.<br \/>\nA les cookies, s\u2019hi poden recollir dades com l\u2019adre\u00e7a IP, l\u2019adre\u00e7a que s\u2019est\u00e0 visitant, el sistema operatiu, l\u2019idioma de navegaci\u00f3, a m\u00e9s d\u2019altra informaci\u00f3. Aquesta informaci\u00f3 no queda associada a cap persona concreta sin\u00f3 que \u00e9s \u00fanicament informaci\u00f3 estad\u00edstica per analitzar la visibilitat dels diversos continguts del lloc web.<\/p>\n<p><b>Cookies que utilitza aquest lloc web:\u00a0<\/b><\/p>\n<p>Aquesta p\u00e0gina fa \u00fas de Google Analytics, un servei d\u2019an\u00e0lisi estad\u00edstic de Google, Inc., una companyia de Delaware amb seu a 1600 Amphitheatre Parkway, Mountain View (Calif\u00f2rnia), CA 94043, Estats Units.<br \/>\nGoogle Analytics utilitza galetes per a ajudar el website a analitzar l\u2019\u00fas que fan els usuaris del lloc web. La informaci\u00f3 que genera la cookie sobre el seu \u00fas del website (inclosa la seva adre\u00e7a IP) ser\u00e0 directament transmesa i arxivada per Google en els seus servidors.<br \/>\nGoogle recopilar\u00e0 informes de l\u2019activitat del website i prestar\u00e0 altres serveis relacionats amb l\u2019activitat del website i l\u2019\u00fas d\u2019Internet, d\u2019acord amb la seva\u00a0<a href=\"http:\/\/www.google.com\/intl\/es\/policies\/privacy\/\" target=\"_blank\" rel=\"noopener noreferrer\">Pol\u00edtica de privacitat<\/a>.<\/p>\n<p><b>Acceptaci\u00f3 de les cookies:\u00a0<\/b><\/p>\n<p>En utilitzar el website vost\u00e8 consent el tractament d\u2019informaci\u00f3 sobre vost\u00e8 per Google.<\/p>\n<p><b>Com modificar la configuraci\u00f3 de les cookies:\u00a0<\/b><\/p>\n<p>Pot evitar el tractament de les dades o la informaci\u00f3 rebutjant l\u2019\u00fas de galetes per mitj\u00e0 de la selecci\u00f3 de la configuraci\u00f3 del seu navegador, per\u00f2 si ho fa pot ser que no pugui fer \u00fas de totes les funcionalitats d\u2019aquest website. En cada navegador la operativa \u00e9s diferent, la funci\u00f3 d&#8217;\u201dAjuda\u201d de cada navegador li mostrar\u00e0 com fer-ho.<\/p>\n<\/div>\n<\/div>\n[\/vc_column_text]<div class=\"ult-spacer spacer-69e1cc8e1387b\" data-id=\"69e1cc8e1387b\" data-height=\"250\" data-height-mobile=\"250\" data-height-tab=\"250\" data-height-tab-portrait=\"\" data-height-mobile-landscape=\"\" style=\"clear:both;display:block;\"><\/div>[\/vc_column][vc_column][\/vc_column][\/vc_row]\n<\/div>","protected":false},"excerpt":{"rendered":"<p>[vc_row][vc_column][vc_column_text] Aquest lloc web utilitza cookies. Les cookies s\u00f3n petits arxius de text en els quals els navegadors emmagatzemen informaci\u00f3 durant les visites a les p\u00e0gines web. A les cookies, s\u2019hi poden recollir dades com l\u2019adre\u00e7a IP, l\u2019adre\u00e7a que s\u2019est\u00e0 visitant, el sistema operatiu, l\u2019idioma de navegaci\u00f3, a m\u00e9s d\u2019altra informaci\u00f3. Aquesta informaci\u00f3 no queda associada a cap persona concreta sin\u00f3 que \u00e9s \u00fanicament informaci\u00f3 estad\u00edstica per analitzar la visibilitat dels diversos continguts del lloc web. Cookies que utilitza aquest lloc web:\u00a0 Aquesta p\u00e0gina fa \u00fas de Google Analytics, un servei d\u2019an\u00e0lisi estad\u00edstic de Google, Inc., una companyia de Delaware amb seu a 1600 Amphitheatre Parkway, Mountain View (Calif\u00f2rnia), CA 94043, Estats Units. Google Analytics utilitza galetes per a ajudar el website a analitzar l\u2019\u00fas que fan els usuaris del lloc web. La informaci\u00f3 que genera la cookie sobre el seu \u00fas del website (inclosa la seva adre\u00e7a IP) ser\u00e0 directament transmesa i arxivada per Google en els seus servidors. Google recopilar\u00e0 informes de l\u2019activitat del website i prestar\u00e0 altres serveis relacionats amb l\u2019activitat del website i l\u2019\u00fas d\u2019Internet, d\u2019acord amb la seva\u00a0Pol\u00edtica de privacitat. Acceptaci\u00f3 de les cookies:\u00a0 En utilitzar el website vost\u00e8 consent el tractament d\u2019informaci\u00f3 sobre vost\u00e8 per Google. Com modificar la configuraci\u00f3 de les cookies:\u00a0 Pot evitar el tractament de les dades o la informaci\u00f3 rebutjant l\u2019\u00fas de galetes per mitj\u00e0 de la selecci\u00f3 de la configuraci\u00f3 del seu navegador, per\u00f2 si ho fa pot ser que no pugui fer \u00fas de totes les funcionalitats d\u2019aquest website. En cada navegador la operativa \u00e9s diferent, la funci\u00f3 d&#8217;\u201dAjuda\u201d de cada navegador li mostrar\u00e0 com fer-ho. [\/vc_column_text][\/vc_column][vc_column][\/vc_column][\/vc_row]<\/p>\n","protected":false},"author":1,"featured_media":0,"parent":0,"menu_order":0,"comment_status":"closed","ping_status":"closed","template":"","meta":{"_acf_changed":false,"footnotes":""},"yst_prominent_words":[],"class_list":["post-411","page","type-page","status-publish","hentry","entry","post-inner"],"acf":[],"_links":{"self":[{"href":"https:\/\/www.banysarabs.cat\/es\/wp-json\/wp\/v2\/pages\/411","targetHints":{"allow":["GET"]}}],"collection":[{"href":"https:\/\/www.banysarabs.cat\/es\/wp-json\/wp\/v2\/pages"}],"about":[{"href":"https:\/\/www.banysarabs.cat\/es\/wp-json\/wp\/v2\/types\/page"}],"author":[{"embeddable":true,"href":"https:\/\/www.banysarabs.cat\/es\/wp-json\/wp\/v2\/users\/1"}],"replies":[{"embeddable":true,"href":"https:\/\/www.banysarabs.cat\/es\/wp-json\/wp\/v2\/comments?post=411"}],"version-history":[{"count":3,"href":"https:\/\/www.banysarabs.cat\/es\/wp-json\/wp\/v2\/pages\/411\/revisions"}],"predecessor-version":[{"id":830,"href":"https:\/\/www.banysarabs.cat\/es\/wp-json\/wp\/v2\/pages\/411\/revisions\/830"}],"wp:attachment":[{"href":"https:\/\/www.banysarabs.cat\/es\/wp-json\/wp\/v2\/media?parent=411"}],"wp:term":[{"taxonomy":"yst_prominent_words","embeddable":true,"href":"https:\/\/www.banysarabs.cat\/es\/wp-json\/wp\/v2\/yst_prominent_words?post=411"}],"curies":[{"name":"wp","href":"https:\/\/api.w.org\/{rel}","templated":true}]}}