{"id":382,"date":"2019-03-26T08:18:12","date_gmt":"2019-03-26T08:18:12","guid":{"rendered":"https:\/\/www.banysarabs.cat\/apoditeri\/"},"modified":"2019-06-10T08:14:33","modified_gmt":"2019-06-10T08:14:33","slug":"apoditeri","status":"publish","type":"page","link":"https:\/\/www.banysarabs.cat\/es\/apoditeri\/","title":{"rendered":"Apoditerium"},"content":{"rendered":"<div class=\"wpb-content-wrapper\">[vc_row full_width=\u00bbstretch_row\u00bb bg_type=\u00bbimage\u00bb parallax_style=\u00bbvcpb-default\u00bb bg_image_new=\u00bbid^239|url^https:\/\/www.banysarabs.cat\/wp-content\/uploads\/2019\/03\/000apodit.jpg|caption^null|alt^null|title^000apodit|description^null\u00bb bg_image_repeat=\u00bbno-repeat\u00bb el_class=\u00bbfilaprimera\u00bb css=\u00bb.vc_custom_1553588615326{margin-top: 0px !important;margin-bottom: 0px !important;padding-top: 0px !important;padding-bottom: 0px !important;}\u00bb][vc_column css=\u00bb.vc_custom_1553502207797{margin-bottom: 0px !important;padding-bottom: 0px !important;}\u00bb]<div class=\"ult-spacer spacer-69f53bd85aa2d\" data-id=\"69f53bd85aa2d\" data-height=\"275\" data-height-mobile=\"275\" data-height-tab=\"275\" data-height-tab-portrait=\"\" data-height-mobile-landscape=\"\" style=\"clear:both;display:block;\"><\/div><div id=\"ultimate-heading-645469f53bd85aab1\" class=\"uvc-heading ult-adjust-bottom-margin ultimate-heading-645469f53bd85aab1 uvc-5418 \" data-hspacer=\"no_spacer\"  data-halign=\"center\" style=\"text-align:center\"><div class=\"uvc-heading-spacer no_spacer\" style=\"top\"><\/div><div class=\"uvc-sub-heading ult-responsive\"  data-ultimate-target='.uvc-heading.ultimate-heading-645469f53bd85aab1 .uvc-sub-heading '  data-responsive-json-new='{\"font-size\":\"desktop:60px;\",\"line-height\":\"\"}'  style=\"font-weight:normal;color:#ffffff;\">\n<p style=\"text-align: center;\"><span style=\"color: #ffffff; letter-spacing: 6px; font-weight: 300;\">APODITERIUM<\/span><\/p>\n<\/div><\/div><div class=\"ult-spacer spacer-69f53bd85ab18\" data-id=\"69f53bd85ab18\" data-height=\"285\" data-height-mobile=\"285\" data-height-tab=\"285\" data-height-tab-portrait=\"\" data-height-mobile-landscape=\"\" style=\"clear:both;display:block;\"><\/div>[\/vc_column][\/vc_row][vc_row full_width=\u00bbstretch_row\u00bb bg_type=\u00bbbg_color\u00bb css=\u00bb.vc_custom_1553588786383{margin-top: 4px !important;margin-bottom: 0px !important;padding-top: 0px !important;padding-bottom: 0px !important;}\u00bb bg_color_value=\u00bb#b2aea8&#8243; el_class=\u00bbfilasegona\u00bb][vc_column css=\u00bb.vc_custom_1553502260803{margin-top: 0px !important;margin-bottom: 0px !important;padding-top: 0px !important;padding-bottom: 0px !important;}\u00bb]<div class=\"ult-spacer spacer-69f53bd85ab5e\" data-id=\"69f53bd85ab5e\" data-height=\"88\" data-height-mobile=\"88\" data-height-tab=\"88\" data-height-tab-portrait=\"\" data-height-mobile-landscape=\"\" style=\"clear:both;display:block;\"><\/div><div id=\"ultimate-heading-843669f53bd85abd5\" class=\"uvc-heading ult-adjust-bottom-margin ultimate-heading-843669f53bd85abd5 uvc-8314 titol\" data-hspacer=\"no_spacer\"  data-halign=\"center\" style=\"text-align:center\"><div class=\"uvc-heading-spacer no_spacer\" style=\"top\"><\/div><div class=\"uvc-sub-heading ult-responsive\"  data-ultimate-target='.uvc-heading.ultimate-heading-843669f53bd85abd5 .uvc-sub-heading '  data-responsive-json-new='{\"font-size\":\"desktop:17px;\",\"line-height\":\"\"}'  style=\"font-family:&#039;Vollkorn SC&#039;;font-weight:normal;font-style:normal;color:#0a0a0a;\">\u2013 Los Ba\u00f1os \u00c1rabes \u2013<\/div><\/div><div id=\"ultimate-heading-298069f53bd85ac62\" class=\"uvc-heading ult-adjust-bottom-margin ultimate-heading-298069f53bd85ac62 uvc-2052 titol\" data-hspacer=\"no_spacer\"  data-halign=\"center\" style=\"text-align:center\"><div class=\"uvc-heading-spacer no_spacer\" style=\"top\"><\/div><div class=\"uvc-sub-heading ult-responsive\"  data-ultimate-target='.uvc-heading.ultimate-heading-298069f53bd85ac62 .uvc-sub-heading '  data-responsive-json-new='{\"font-size\":\"desktop:36px;\",\"line-height\":\"\"}'  style=\"font-family:&#039;Arapey&#039;;font-style:italic;font-weight:normal;color:#ffffff;\">\u00b7 Apoditerium \u00b7<\/div><\/div><div class=\"ult-spacer spacer-69f53bd85acd2\" data-id=\"69f53bd85acd2\" data-height=\"32\" data-height-mobile=\"32\" data-height-tab=\"32\" data-height-tab-portrait=\"\" data-height-mobile-landscape=\"\" style=\"clear:both;display:block;\"><\/div>[vc_row_inner][vc_column_inner width=\u00bb1\/6&#8243;][\/vc_column_inner][vc_column_inner width=\u00bb2\/6&#8243;][vc_column_text]El vestuario o apoditerium es la sala con m\u00e1s personalidad del conjunto. Los usuarios de los ba\u00f1os entraban y sal\u00edan por este espacio, donde, adem\u00e1s, conversaban y se cambiaban de ropa. De planta centralizada y contorno cuadrangular, est\u00e1 presidida por una peque\u00f1a piscina octogonal rodeada de columnas, y se proyecta al exterior con una linterna igualmente octogonal sostenida por arcos y columnas.[\/vc_column_text][\/vc_column_inner][vc_column_inner width=\u00bb2\/6&#8243;][vc_column_text]En los capiteles, abundan decoraciones vegetales y animales, que se interpretan como referencias simb\u00f3licas al para\u00edso terrenal cristiano. La cubierta est\u00e1 construida principalmente con piedra volc\u00e1nica, y se distinguen varias aberturas de tipo andalus\u00ed. El apoditerium daba paso o salida (seg\u00fan el sentido de la visita) a la sala del frigidarium. El aspecto actual del espacio es fruto de la restauraci\u00f3n practicada entre 1929 y 1932, cuando se abri\u00f3 al p\u00fablico.[\/vc_column_text][\/vc_column_inner][vc_column_inner width=\u00bb1\/6&#8243;][\/vc_column_inner][\/vc_row_inner][vc_single_image image=\u00bb473&#8243; img_size=\u00bbfull\u00bb alignment=\u00bbcenter\u00bb]<div class=\"ult-spacer spacer-69f53bd85ad12\" data-id=\"69f53bd85ad12\" data-height=\"47\" data-height-mobile=\"47\" data-height-tab=\"47\" data-height-tab-portrait=\"\" data-height-mobile-landscape=\"\" style=\"clear:both;display:block;\"><\/div>[\/vc_column][\/vc_row][vc_row full_width=\u00bbstretch_row\u00bb bg_type=\u00bbbg_color\u00bb css=\u00bb.vc_custom_1553589084311{margin-top: -5px !important;margin-bottom: 0px !important;padding-top: 0px !important;padding-bottom: 0px !important;}\u00bb bg_color_value=\u00bb#ffffff\u00bb el_class=\u00bbfilatercera\u00bb][vc_column css=\u00bb.vc_custom_1553502264611{margin-top: 0px !important;padding-top: 0px !important;}\u00bb]<div class=\"ult-spacer spacer-69f53bd85ad50\" data-id=\"69f53bd85ad50\" data-height=\"47\" data-height-mobile=\"47\" data-height-tab=\"47\" data-height-tab-portrait=\"\" data-height-mobile-landscape=\"\" style=\"clear:both;display:block;\"><\/div>[vc_row_inner][vc_column_inner width=\u00bb1\/12&#8243;][\/vc_column_inner][vc_column_inner width=\u00bb5\/12&#8243;][vc_single_image image=\u00bb470&#8243; img_size=\u00bbfull\u00bb alignment=\u00bbcenter\u00bb][\/vc_column_inner][vc_column_inner width=\u00bb5\/12&#8243;]<div class=\"ult-spacer spacer-69f53bd85ad8c\" data-id=\"69f53bd85ad8c\" data-height=\"30\" data-height-mobile=\"30\" data-height-tab=\"30\" data-height-tab-portrait=\"\" data-height-mobile-landscape=\"\" style=\"clear:both;display:block;\"><\/div><div id=\"ultimate-heading-399669f53bd85ade2\" class=\"uvc-heading ult-adjust-bottom-margin ultimate-heading-399669f53bd85ade2 uvc-3564 titol\" data-hspacer=\"no_spacer\"  data-halign=\"left\" style=\"text-align:left\"><div class=\"uvc-heading-spacer no_spacer\" style=\"top\"><\/div><div class=\"uvc-sub-heading ult-responsive\"  data-ultimate-target='.uvc-heading.ultimate-heading-399669f53bd85ade2 .uvc-sub-heading '  data-responsive-json-new='{\"font-size\":\"desktop:29px;\",\"line-height\":\"\"}'  style=\"font-family:&#039;Arapey&#039;;font-style:italic;font-weight:normal;color:#0a0a0a;margin-top:36px;\">Es la sala m\u00e1s espaciosa,<br \/>\ndonde se realizaba el contacto social<\/div><\/div>[\/vc_column_inner][vc_column_inner width=\u00bb1\/12&#8243;][\/vc_column_inner][\/vc_row_inner]<div class=\"ult-spacer spacer-69f53bd85ae82\" data-id=\"69f53bd85ae82\" data-height=\"32\" data-height-mobile=\"32\" data-height-tab=\"32\" data-height-tab-portrait=\"\" data-height-mobile-landscape=\"\" style=\"clear:both;display:block;\"><\/div>[\/vc_column][\/vc_row]\n<\/div>","protected":false},"excerpt":{"rendered":"<p>[vc_row full_width=\u00bbstretch_row\u00bb bg_type=\u00bbimage\u00bb parallax_style=\u00bbvcpb-default\u00bb bg_image_new=\u00bbid^239|url^https:\/\/www.banysarabs.cat\/wp-content\/uploads\/2019\/03\/000apodit.jpg|caption^null|alt^null|title^000apodit|description^null\u00bb bg_image_repeat=\u00bbno-repeat\u00bb el_class=\u00bbfilaprimera\u00bb css=\u00bb.vc_custom_1553588615326{margin-top: 0px !important;margin-bottom: 0px !important;padding-top: 0px !important;padding-bottom: 0px !important;}\u00bb][vc_column css=\u00bb.vc_custom_1553502207797{margin-bottom: 0px !important;padding-bottom: 0px !important;}\u00bb][\/vc_column][\/vc_row][vc_row full_width=\u00bbstretch_row\u00bb bg_type=\u00bbbg_color\u00bb css=\u00bb.vc_custom_1553588786383{margin-top: 4px !important;margin-bottom: 0px !important;padding-top: 0px !important;padding-bottom: 0px !important;}\u00bb bg_color_value=\u00bb#b2aea8&#8243; el_class=\u00bbfilasegona\u00bb][vc_column css=\u00bb.vc_custom_1553502260803{margin-top: 0px !important;margin-bottom: 0px !important;padding-top: 0px !important;padding-bottom: 0px !important;}\u00bb][vc_row_inner][vc_column_inner width=\u00bb1\/6&#8243;][\/vc_column_inner][vc_column_inner width=\u00bb2\/6&#8243;][vc_column_text]El vestuario o apoditerium es la sala con m\u00e1s personalidad del conjunto. Los usuarios de los ba\u00f1os entraban y sal\u00edan por este espacio, donde, adem\u00e1s, conversaban y se cambiaban de ropa. De planta centralizada y contorno cuadrangular, est\u00e1 presidida por una peque\u00f1a piscina octogonal rodeada de columnas, y se proyecta al exterior con una linterna igualmente octogonal sostenida por arcos y columnas.[\/vc_column_text][\/vc_column_inner][vc_column_inner width=\u00bb2\/6&#8243;][vc_column_text]En los capiteles, abundan decoraciones vegetales y animales, que se interpretan como referencias simb\u00f3licas al para\u00edso terrenal cristiano. La cubierta est\u00e1 construida principalmente con piedra volc\u00e1nica, y se distinguen varias aberturas de tipo andalus\u00ed. El apoditerium daba paso o salida (seg\u00fan el sentido de la visita) a la sala del frigidarium. El aspecto actual del espacio es fruto de la restauraci\u00f3n practicada entre 1929 y 1932, cuando se abri\u00f3 al p\u00fablico.[\/vc_column_text][\/vc_column_inner][vc_column_inner width=\u00bb1\/6&#8243;][\/vc_column_inner][\/vc_row_inner][vc_single_image image=\u00bb473&#8243; img_size=\u00bbfull\u00bb alignment=\u00bbcenter\u00bb][\/vc_column][\/vc_row][vc_row full_width=\u00bbstretch_row\u00bb bg_type=\u00bbbg_color\u00bb css=\u00bb.vc_custom_1553589084311{margin-top: -5px !important;margin-bottom: 0px !important;padding-top: 0px !important;padding-bottom: 0px !important;}\u00bb bg_color_value=\u00bb#ffffff\u00bb el_class=\u00bbfilatercera\u00bb][vc_column css=\u00bb.vc_custom_1553502264611{margin-top: 0px !important;padding-top: 0px !important;}\u00bb][vc_row_inner][vc_column_inner width=\u00bb1\/12&#8243;][\/vc_column_inner][vc_column_inner width=\u00bb5\/12&#8243;][vc_single_image image=\u00bb470&#8243; img_size=\u00bbfull\u00bb alignment=\u00bbcenter\u00bb][\/vc_column_inner][vc_column_inner width=\u00bb5\/12&#8243;][\/vc_column_inner][vc_column_inner width=\u00bb1\/12&#8243;][\/vc_column_inner][\/vc_row_inner][\/vc_column][\/vc_row]<\/p>\n","protected":false},"author":1,"featured_media":0,"parent":0,"menu_order":0,"comment_status":"closed","ping_status":"closed","template":"","meta":{"_acf_changed":false,"footnotes":""},"yst_prominent_words":[],"class_list":["post-382","page","type-page","status-publish","hentry","entry","post-inner"],"acf":[],"_links":{"self":[{"href":"https:\/\/www.banysarabs.cat\/es\/wp-json\/wp\/v2\/pages\/382","targetHints":{"allow":["GET"]}}],"collection":[{"href":"https:\/\/www.banysarabs.cat\/es\/wp-json\/wp\/v2\/pages"}],"about":[{"href":"https:\/\/www.banysarabs.cat\/es\/wp-json\/wp\/v2\/types\/page"}],"author":[{"embeddable":true,"href":"https:\/\/www.banysarabs.cat\/es\/wp-json\/wp\/v2\/users\/1"}],"replies":[{"embeddable":true,"href":"https:\/\/www.banysarabs.cat\/es\/wp-json\/wp\/v2\/comments?post=382"}],"version-history":[{"count":3,"href":"https:\/\/www.banysarabs.cat\/es\/wp-json\/wp\/v2\/pages\/382\/revisions"}],"predecessor-version":[{"id":658,"href":"https:\/\/www.banysarabs.cat\/es\/wp-json\/wp\/v2\/pages\/382\/revisions\/658"}],"wp:attachment":[{"href":"https:\/\/www.banysarabs.cat\/es\/wp-json\/wp\/v2\/media?parent=382"}],"wp:term":[{"taxonomy":"yst_prominent_words","embeddable":true,"href":"https:\/\/www.banysarabs.cat\/es\/wp-json\/wp\/v2\/yst_prominent_words?post=382"}],"curies":[{"name":"wp","href":"https:\/\/api.w.org\/{rel}","templated":true}]}}