{"id":378,"date":"2019-03-26T09:19:01","date_gmt":"2019-03-26T09:19:01","guid":{"rendered":"https:\/\/www.banysarabs.cat\/caldari\/"},"modified":"2023-03-07T17:57:19","modified_gmt":"2023-03-07T16:57:19","slug":"caldarium","status":"publish","type":"page","link":"https:\/\/www.banysarabs.cat\/es\/caldarium\/","title":{"rendered":"CALDARIUM"},"content":{"rendered":"<div class=\"wpb-content-wrapper\">[vc_row full_width=\u00bbstretch_row\u00bb bg_type=\u00bbimage\u00bb parallax_style=\u00bbvcpb-default\u00bb bg_image_new=\u00bbid^345|url^https:\/\/www.banysarabs.cat\/wp-content\/uploads\/2019\/04\/caldari.jpg|caption^null|alt^null|title^caldari|description^null\u00bb bg_image_repeat=\u00bbno-repeat\u00bb el_class=\u00bbfilaprimera\u00bb css=\u00bb.vc_custom_1556637381155{margin-top: 0px !important;margin-bottom: 0px !important;padding-top: 0px !important;padding-bottom: 0px !important;}\u00bb][vc_column css=\u00bb.vc_custom_1553502207797{margin-bottom: 0px !important;padding-bottom: 0px !important;}\u00bb]<div class=\"ult-spacer spacer-69e1e1e6da9f5\" data-id=\"69e1e1e6da9f5\" data-height=\"275\" data-height-mobile=\"275\" data-height-tab=\"275\" data-height-tab-portrait=\"\" data-height-mobile-landscape=\"\" style=\"clear:both;display:block;\"><\/div><div id=\"ultimate-heading-823869e1e1e6daa89\" class=\"uvc-heading ult-adjust-bottom-margin ultimate-heading-823869e1e1e6daa89 uvc-614 \" data-hspacer=\"no_spacer\"  data-halign=\"center\" style=\"text-align:center\"><div class=\"uvc-heading-spacer no_spacer\" style=\"top\"><\/div><div class=\"uvc-sub-heading ult-responsive\"  data-ultimate-target='.uvc-heading.ultimate-heading-823869e1e1e6daa89 .uvc-sub-heading '  data-responsive-json-new='{\"font-size\":\"desktop:60px;\",\"line-height\":\"\"}'  style=\"font-weight:normal;color:#ffffff;\">\n<p style=\"text-align: center;\"><span style=\"color: #ffffff; letter-spacing: 6px; font-weight: 300;\">CALDARIUM<\/span><\/p>\n<\/div><\/div><div class=\"ult-spacer spacer-69e1e1e6daae8\" data-id=\"69e1e1e6daae8\" data-height=\"285\" data-height-mobile=\"285\" data-height-tab=\"285\" data-height-tab-portrait=\"\" data-height-mobile-landscape=\"\" style=\"clear:both;display:block;\"><\/div>[\/vc_column][\/vc_row][vc_row full_width=\u00bbstretch_row\u00bb bg_type=\u00bbbg_color\u00bb css=\u00bb.vc_custom_1553588786383{margin-top: 4px !important;margin-bottom: 0px !important;padding-top: 0px !important;padding-bottom: 0px !important;}\u00bb bg_color_value=\u00bb#b2aea8&#8243; el_class=\u00bbfilasegona\u00bb][vc_column css=\u00bb.vc_custom_1553502260803{margin-top: 0px !important;margin-bottom: 0px !important;padding-top: 0px !important;padding-bottom: 0px !important;}\u00bb]<div class=\"ult-spacer spacer-69e1e1e6dab36\" data-id=\"69e1e1e6dab36\" data-height=\"88\" data-height-mobile=\"88\" data-height-tab=\"88\" data-height-tab-portrait=\"\" data-height-mobile-landscape=\"\" style=\"clear:both;display:block;\"><\/div><div id=\"ultimate-heading-343369e1e1e6dabb0\" class=\"uvc-heading ult-adjust-bottom-margin ultimate-heading-343369e1e1e6dabb0 uvc-1130 titol\" data-hspacer=\"no_spacer\"  data-halign=\"center\" style=\"text-align:center\"><div class=\"uvc-heading-spacer no_spacer\" style=\"top\"><\/div><div class=\"uvc-sub-heading ult-responsive\"  data-ultimate-target='.uvc-heading.ultimate-heading-343369e1e1e6dabb0 .uvc-sub-heading '  data-responsive-json-new='{\"font-size\":\"desktop:17px;\",\"line-height\":\"\"}'  style=\"font-family:&#039;Vollkorn SC&#039;;font-weight:normal;font-style:normal;color:#0a0a0a;\">\u2013 Los Ba\u00f1os \u00c1rabes \u2013<\/div><\/div><div id=\"ultimate-heading-671369e1e1e6dac34\" class=\"uvc-heading ult-adjust-bottom-margin ultimate-heading-671369e1e1e6dac34 uvc-8324 titol\" data-hspacer=\"no_spacer\"  data-halign=\"center\" style=\"text-align:center\"><div class=\"uvc-heading-spacer no_spacer\" style=\"top\"><\/div><div class=\"uvc-sub-heading ult-responsive\"  data-ultimate-target='.uvc-heading.ultimate-heading-671369e1e1e6dac34 .uvc-sub-heading '  data-responsive-json-new='{\"font-size\":\"desktop:36px;\",\"line-height\":\"\"}'  style=\"font-family:&#039;Arapey&#039;;font-style:italic;font-weight:normal;color:#ffffff;\">\u00b7 Caldarium \u00b7<\/div><\/div><div class=\"ult-spacer spacer-69e1e1e6dacaa\" data-id=\"69e1e1e6dacaa\" data-height=\"32\" data-height-mobile=\"32\" data-height-tab=\"32\" data-height-tab-portrait=\"\" data-height-mobile-landscape=\"\" style=\"clear:both;display:block;\"><\/div>[vc_row_inner][vc_column_inner width=\u00bb1\/6&#8243;][\/vc_column_inner][vc_column_inner width=\u00bb2\/6&#8243;][vc_column_text]Es el espacio m\u00e1s reducido y c\u00e1lido del conjunto, y pod\u00eda superar los 40 o 50 grados cent\u00edgrados de temperatura ambiente, acompa\u00f1ada de vapor abundante. En t\u00e9rminos modernos, ser\u00eda lo m\u00e1s parecido a una \u00absauna\u00bb. El aire se calentaba en un horno situado en una sala contigua, y se transmit\u00eda hacia el caldarium a trav\u00e9s de un hipocausto, o sea, una c\u00e1mara subterr\u00e1nea conectada con el horno. En el caldarium hab\u00eda una peque\u00f1a piscina situada en el \u00e1ngulo sureste de la c\u00e1mara, que era poco profunda y, como en ba\u00f1os musulmanes, no presentaba gradas de acceso.[\/vc_column_text][\/vc_column_inner][vc_column_inner width=\u00bb2\/6&#8243;][vc_column_text]Una tuber\u00eda de cer\u00e1mica vidriada empotrada en uno de los muros serv\u00eda para facilitar la circulaci\u00f3n de aire caliente proveniente del hipocausto.<\/p>\n<p>Varias intervenciones arqueol\u00f3gicas a finales del siglo XX han permitido conocer la complejidad constructiva del caldarium, el horno y el hipocausto, que a\u00fan hoy mantienen algunos interrogantes sobre su funcionamiento.[\/vc_column_text][\/vc_column_inner][vc_column_inner width=\u00bb1\/6&#8243;][\/vc_column_inner][\/vc_row_inner][vc_single_image image=\u00bb473&#8243; img_size=\u00bbfull\u00bb alignment=\u00bbcenter\u00bb]<div class=\"ult-spacer spacer-69e1e1e6dacf9\" data-id=\"69e1e1e6dacf9\" data-height=\"47\" data-height-mobile=\"47\" data-height-tab=\"47\" data-height-tab-portrait=\"\" data-height-mobile-landscape=\"\" style=\"clear:both;display:block;\"><\/div>[\/vc_column][\/vc_row][vc_row full_width=\u00bbstretch_row\u00bb bg_type=\u00bbbg_color\u00bb css=\u00bb.vc_custom_1553589084311{margin-top: -5px !important;margin-bottom: 0px !important;padding-top: 0px !important;padding-bottom: 0px !important;}\u00bb bg_color_value=\u00bb#ffffff\u00bb el_class=\u00bbfilatercera\u00bb][vc_column css=\u00bb.vc_custom_1553502264611{margin-top: 0px !important;padding-top: 0px !important;}\u00bb]<div class=\"ult-spacer spacer-69e1e1e6dad3f\" data-id=\"69e1e1e6dad3f\" data-height=\"47\" data-height-mobile=\"47\" data-height-tab=\"47\" data-height-tab-portrait=\"\" data-height-mobile-landscape=\"\" style=\"clear:both;display:block;\"><\/div>[vc_row_inner][vc_column_inner width=\u00bb1\/12&#8243;][\/vc_column_inner][vc_column_inner width=\u00bb5\/12&#8243;][vc_single_image image=\u00bb379&#8243; img_size=\u00bbfull\u00bb alignment=\u00bbcenter\u00bb][\/vc_column_inner][vc_column_inner width=\u00bb5\/12&#8243;]<div class=\"ult-spacer spacer-69e1e1e6dad89\" data-id=\"69e1e1e6dad89\" data-height=\"30\" data-height-mobile=\"30\" data-height-tab=\"30\" data-height-tab-portrait=\"\" data-height-mobile-landscape=\"\" style=\"clear:both;display:block;\"><\/div><div id=\"ultimate-heading-657769e1e1e6dadee\" class=\"uvc-heading ult-adjust-bottom-margin ultimate-heading-657769e1e1e6dadee uvc-8185 titol\" data-hspacer=\"no_spacer\"  data-halign=\"left\" style=\"text-align:left\"><div class=\"uvc-heading-spacer no_spacer\" style=\"top\"><\/div><div class=\"uvc-sub-heading ult-responsive\"  data-ultimate-target='.uvc-heading.ultimate-heading-657769e1e1e6dadee .uvc-sub-heading '  data-responsive-json-new='{\"font-size\":\"desktop:29px;\",\"line-height\":\"\"}'  style=\"font-family:&#039;Arapey&#039;;font-style:italic;font-weight:normal;color:#0a0a0a;margin-top:36px;\">Esta sala estaba llena de vapor, ideal para sudar y tomar ba\u00f1os calientes<\/div><\/div>[\/vc_column_inner][vc_column_inner width=\u00bb1\/12&#8243;][\/vc_column_inner][\/vc_row_inner]<div class=\"ult-spacer spacer-69e1e1e6dae59\" data-id=\"69e1e1e6dae59\" data-height=\"32\" data-height-mobile=\"32\" data-height-tab=\"32\" data-height-tab-portrait=\"\" data-height-mobile-landscape=\"\" style=\"clear:both;display:block;\"><\/div>[\/vc_column][\/vc_row]\n<\/div>","protected":false},"excerpt":{"rendered":"<p>[vc_row full_width=\u00bbstretch_row\u00bb bg_type=\u00bbimage\u00bb parallax_style=\u00bbvcpb-default\u00bb bg_image_new=\u00bbid^345|url^https:\/\/www.banysarabs.cat\/wp-content\/uploads\/2019\/04\/caldari.jpg|caption^null|alt^null|title^caldari|description^null\u00bb bg_image_repeat=\u00bbno-repeat\u00bb el_class=\u00bbfilaprimera\u00bb css=\u00bb.vc_custom_1556637381155{margin-top: 0px !important;margin-bottom: 0px !important;padding-top: 0px !important;padding-bottom: 0px !important;}\u00bb][vc_column css=\u00bb.vc_custom_1553502207797{margin-bottom: 0px !important;padding-bottom: 0px !important;}\u00bb][\/vc_column][\/vc_row][vc_row full_width=\u00bbstretch_row\u00bb bg_type=\u00bbbg_color\u00bb css=\u00bb.vc_custom_1553588786383{margin-top: 4px !important;margin-bottom: 0px !important;padding-top: 0px !important;padding-bottom: 0px !important;}\u00bb bg_color_value=\u00bb#b2aea8&#8243; el_class=\u00bbfilasegona\u00bb][vc_column css=\u00bb.vc_custom_1553502260803{margin-top: 0px !important;margin-bottom: 0px !important;padding-top: 0px !important;padding-bottom: 0px !important;}\u00bb][vc_row_inner][vc_column_inner width=\u00bb1\/6&#8243;][\/vc_column_inner][vc_column_inner width=\u00bb2\/6&#8243;][vc_column_text]Es el espacio m\u00e1s reducido y c\u00e1lido del conjunto, y pod\u00eda superar los 40 o 50 grados cent\u00edgrados de temperatura ambiente, acompa\u00f1ada de vapor abundante. En t\u00e9rminos modernos, ser\u00eda lo m\u00e1s parecido a una \u00absauna\u00bb. El aire se calentaba en un horno situado en una sala contigua, y se transmit\u00eda hacia el caldarium a trav\u00e9s de un hipocausto, o sea, una c\u00e1mara subterr\u00e1nea conectada con el horno. En el caldarium hab\u00eda una peque\u00f1a piscina situada en el \u00e1ngulo sureste de la c\u00e1mara, que era poco profunda y, como en ba\u00f1os musulmanes, no presentaba gradas de acceso.[\/vc_column_text][\/vc_column_inner][vc_column_inner width=\u00bb2\/6&#8243;][vc_column_text]Una tuber\u00eda de cer\u00e1mica vidriada empotrada en uno de los muros serv\u00eda para facilitar la circulaci\u00f3n de aire caliente proveniente del hipocausto. Varias intervenciones arqueol\u00f3gicas a finales del siglo XX han permitido conocer la complejidad constructiva del caldarium, el horno y el hipocausto, que a\u00fan hoy mantienen algunos interrogantes sobre su funcionamiento.[\/vc_column_text][\/vc_column_inner][vc_column_inner width=\u00bb1\/6&#8243;][\/vc_column_inner][\/vc_row_inner][vc_single_image image=\u00bb473&#8243; img_size=\u00bbfull\u00bb alignment=\u00bbcenter\u00bb][\/vc_column][\/vc_row][vc_row full_width=\u00bbstretch_row\u00bb bg_type=\u00bbbg_color\u00bb css=\u00bb.vc_custom_1553589084311{margin-top: -5px !important;margin-bottom: 0px !important;padding-top: 0px !important;padding-bottom: 0px !important;}\u00bb bg_color_value=\u00bb#ffffff\u00bb el_class=\u00bbfilatercera\u00bb][vc_column css=\u00bb.vc_custom_1553502264611{margin-top: 0px !important;padding-top: 0px !important;}\u00bb][vc_row_inner][vc_column_inner width=\u00bb1\/12&#8243;][\/vc_column_inner][vc_column_inner width=\u00bb5\/12&#8243;][vc_single_image image=\u00bb379&#8243; img_size=\u00bbfull\u00bb alignment=\u00bbcenter\u00bb][\/vc_column_inner][vc_column_inner width=\u00bb5\/12&#8243;][\/vc_column_inner][vc_column_inner width=\u00bb1\/12&#8243;][\/vc_column_inner][\/vc_row_inner][\/vc_column][\/vc_row]<\/p>\n","protected":false},"author":1,"featured_media":0,"parent":0,"menu_order":0,"comment_status":"closed","ping_status":"closed","template":"","meta":{"_acf_changed":false,"footnotes":""},"yst_prominent_words":[],"class_list":["post-378","page","type-page","status-publish","hentry","entry","post-inner"],"acf":[],"_links":{"self":[{"href":"https:\/\/www.banysarabs.cat\/es\/wp-json\/wp\/v2\/pages\/378","targetHints":{"allow":["GET"]}}],"collection":[{"href":"https:\/\/www.banysarabs.cat\/es\/wp-json\/wp\/v2\/pages"}],"about":[{"href":"https:\/\/www.banysarabs.cat\/es\/wp-json\/wp\/v2\/types\/page"}],"author":[{"embeddable":true,"href":"https:\/\/www.banysarabs.cat\/es\/wp-json\/wp\/v2\/users\/1"}],"replies":[{"embeddable":true,"href":"https:\/\/www.banysarabs.cat\/es\/wp-json\/wp\/v2\/comments?post=378"}],"version-history":[{"count":5,"href":"https:\/\/www.banysarabs.cat\/es\/wp-json\/wp\/v2\/pages\/378\/revisions"}],"predecessor-version":[{"id":1368,"href":"https:\/\/www.banysarabs.cat\/es\/wp-json\/wp\/v2\/pages\/378\/revisions\/1368"}],"wp:attachment":[{"href":"https:\/\/www.banysarabs.cat\/es\/wp-json\/wp\/v2\/media?parent=378"}],"wp:term":[{"taxonomy":"yst_prominent_words","embeddable":true,"href":"https:\/\/www.banysarabs.cat\/es\/wp-json\/wp\/v2\/yst_prominent_words?post=378"}],"curies":[{"name":"wp","href":"https:\/\/api.w.org\/{rel}","templated":true}]}}