{"id":360,"date":"2019-03-13T09:41:18","date_gmt":"2019-03-13T09:41:18","guid":{"rendered":"https:\/\/www.banysarabs.cat\/horaris-i-preus\/"},"modified":"2023-10-09T00:27:10","modified_gmt":"2023-10-08T22:27:10","slug":"horarios-y-precios","status":"publish","type":"page","link":"https:\/\/www.banysarabs.cat\/es\/horarios-y-precios\/","title":{"rendered":"horarios y precios"},"content":{"rendered":"<div class=\"wpb-content-wrapper\">[vc_row full_width=\u00bbstretch_row\u00bb bg_type=\u00bbimage\u00bb parallax_style=\u00bbvcpb-default\u00bb bg_image_new=\u00bbid^217|url^https:\/\/www.banysarabs.cat\/wp-content\/uploads\/2019\/03\/horaris.jpg|caption^null|alt^null|title^horaris|description^null\u00bb bg_image_repeat=\u00bbno-repeat\u00bb el_class=\u00bbfilaprimera\u00bb css=\u00bb.vc_custom_1553516682982{margin-bottom: 0px !important;padding-bottom: 0px !important;}\u00bb][vc_column]<div class=\"ult-spacer spacer-6a0096bc495aa\" data-id=\"6a0096bc495aa\" data-height=\"245\" data-height-mobile=\"245\" data-height-tab=\"245\" data-height-tab-portrait=\"\" data-height-mobile-landscape=\"\" style=\"clear:both;display:block;\"><\/div><div id=\"ultimate-heading-23966a0096bc4962c\" class=\"uvc-heading ult-adjust-bottom-margin ultimate-heading-23966a0096bc4962c uvc-9882 \" data-hspacer=\"no_spacer\"  data-halign=\"center\" style=\"text-align:center\"><div class=\"uvc-heading-spacer no_spacer\" style=\"top\"><\/div><div class=\"uvc-sub-heading ult-responsive\"  data-ultimate-target='.uvc-heading.ultimate-heading-23966a0096bc4962c .uvc-sub-heading '  data-responsive-json-new='{\"font-size\":\"desktop:60px;\",\"line-height\":\"\"}'  style=\"font-weight:normal;color:#ffffff;\">\n<p style=\"text-align: center;\"><span style=\"color: #ffffff; letter-spacing: 6px; font-weight: 300;\">HORARIOS Y PRECIOS<\/span><\/p>\n<\/div><\/div><div class=\"ult-spacer spacer-6a0096bc49695\" data-id=\"6a0096bc49695\" data-height=\"300\" data-height-mobile=\"300\" data-height-tab=\"300\" data-height-tab-portrait=\"\" data-height-mobile-landscape=\"\" style=\"clear:both;display:block;\"><\/div>[\/vc_column][\/vc_row][vc_row full_width=\u00bbstretch_row\u00bb content_placement=\u00bbtop\u00bb bg_type=\u00bbbg_color\u00bb css=\u00bb.vc_custom_1553518416300{margin-top: 6px !important;margin-right: 0px !important;margin-bottom: 0px !important;margin-left: 0px !important;padding-bottom: 0px !important;}\u00bb bg_color_value=\u00bb#e7e7e2&#8243;][vc_column]<div class=\"ult-spacer spacer-6a0096bc496df\" data-id=\"6a0096bc496df\" data-height=\"42\" data-height-mobile=\"42\" data-height-tab=\"42\" data-height-tab-portrait=\"\" data-height-mobile-landscape=\"\" style=\"clear:both;display:block;\"><\/div><div id=\"ultimate-heading-49666a0096bc49753\" class=\"uvc-heading ult-adjust-bottom-margin ultimate-heading-49666a0096bc49753 uvc-6079 titol\" data-hspacer=\"no_spacer\"  data-halign=\"center\" style=\"text-align:center\"><div class=\"uvc-heading-spacer no_spacer\" style=\"top\"><\/div><div class=\"uvc-sub-heading ult-responsive\"  data-ultimate-target='.uvc-heading.ultimate-heading-49666a0096bc49753 .uvc-sub-heading '  data-responsive-json-new='{\"font-size\":\"desktop:36px;\",\"line-height\":\"\"}'  style=\"font-family:&#039;Arapey&#039;;font-style:italic;font-weight:normal;color:#0a0a0a;\">\n<p style=\"text-align: center;\">\u00b7 Precios \u00b7<\/p>\n<\/div><\/div><div class=\"ult-spacer spacer-6a0096bc497cd\" data-id=\"6a0096bc497cd\" data-height=\"19\" data-height-mobile=\"19\" data-height-tab=\"19\" data-height-tab-portrait=\"\" data-height-mobile-landscape=\"\" style=\"clear:both;display:block;\"><\/div>[vc_row_inner css=\u00bb.vc_custom_1552481913065{padding-right: 85px !important;padding-left: 85px !important;}\u00bb][vc_column_inner width=\u00bb1\/3&#8243;]<div id=\"ultimate-heading-90496a0096bc49825\" class=\"uvc-heading ult-adjust-bottom-margin ultimate-heading-90496a0096bc49825 uvc-7335 titol\" data-hspacer=\"no_spacer\"  data-halign=\"center\" style=\"text-align:center\"><div class=\"uvc-heading-spacer no_spacer\" style=\"top\"><\/div><div class=\"uvc-sub-heading ult-responsive\"  data-ultimate-target='.uvc-heading.ultimate-heading-90496a0096bc49825 .uvc-sub-heading '  data-responsive-json-new='{\"font-size\":\"desktop:20px;\",\"line-height\":\"\"}'  style=\"font-family:&#039;Vollkorn SC&#039;;font-weight:normal;font-style:normal;color:#0a0a0a;\">\n<p style=\"text-align: center;\">\u2013 Entrada reducida \u2013<\/p>\n<\/div><\/div>[vc_column_text css=\u00bb.vc_custom_1592561908377{margin-top: 17px !important;}\u00bb]\n<p style=\"text-align: center;\"><span style=\"color: #706964;\">1 euro por persona para estudiantes, grupos de estudiantes (hasta un m\u00e1ximo de 30 euros por grupo), grupos de m\u00e1s de 15 personas, menores de 16 a\u00f1os, parados, familias numerosas y familias monoparentales.<\/span><\/p>\n[\/vc_column_text][\/vc_column_inner][vc_column_inner width=\u00bb1\/3&#8243;]<div id=\"ultimate-heading-74426a0096bc4989d\" class=\"uvc-heading ult-adjust-bottom-margin ultimate-heading-74426a0096bc4989d uvc-1564 titol\" data-hspacer=\"no_spacer\"  data-halign=\"center\" style=\"text-align:center\"><div class=\"uvc-heading-spacer no_spacer\" style=\"top\"><\/div><div class=\"uvc-sub-heading ult-responsive\"  data-ultimate-target='.uvc-heading.ultimate-heading-74426a0096bc4989d .uvc-sub-heading '  data-responsive-json-new='{\"font-size\":\"desktop:20px;\",\"line-height\":\"\"}'  style=\"font-family:&#039;Vollkorn SC&#039;;font-weight:normal;font-style:normal;color:#0a0a0a;\">\n<p style=\"text-align: center;\">\u2013 Entrada \u2013<\/p>\n<\/div><\/div>[vc_column_text css=\u00bb.vc_custom_1592561942834{margin-top: 17px !important;}\u00bb]\n<p style=\"text-align: center;\"><span style=\"color: #706964;\">3 euros por persona<\/span><\/p>\n[\/vc_column_text][\/vc_column_inner][vc_column_inner width=\u00bb1\/3&#8243;]<div id=\"ultimate-heading-12826a0096bc49913\" class=\"uvc-heading ult-adjust-bottom-margin ultimate-heading-12826a0096bc49913 uvc-3260 titol\" data-hspacer=\"no_spacer\"  data-halign=\"center\" style=\"text-align:center\"><div class=\"uvc-heading-spacer no_spacer\" style=\"top\"><\/div><div class=\"uvc-sub-heading ult-responsive\"  data-ultimate-target='.uvc-heading.ultimate-heading-12826a0096bc49913 .uvc-sub-heading '  data-responsive-json-new='{\"font-size\":\"desktop:20px;\",\"line-height\":\"\"}'  style=\"font-family:&#039;Vollkorn SC&#039;;font-weight:normal;font-style:normal;color:#0a0a0a;\">\n<p style=\"text-align: center;\">\u2013\u00a0Entrada Mayores de 65 \u2013<\/p>\n<\/div><\/div>[vc_column_text css=\u00bb.vc_custom_1592562035342{margin-top: 17px !important;}\u00bb]\n<p style=\"text-align: center;\"><span style=\"color: #706964;\">2 euros por persona<\/span><\/p>\n[\/vc_column_text]<div id=\"ultimate-heading-58246a0096bc49992\" class=\"uvc-heading ult-adjust-bottom-margin ultimate-heading-58246a0096bc49992 uvc-5068 titol\" data-hspacer=\"no_spacer\"  data-halign=\"center\" style=\"text-align:center\"><div class=\"uvc-heading-spacer no_spacer\" style=\"top\"><\/div><div class=\"uvc-sub-heading ult-responsive\"  data-ultimate-target='.uvc-heading.ultimate-heading-58246a0096bc49992 .uvc-sub-heading '  data-responsive-json-new='{\"font-size\":\"desktop:20px;\",\"line-height\":\"\"}'  style=\"font-family:&#039;Vollkorn SC&#039;;font-weight:normal;font-style:normal;color:#0a0a0a;\">\n<p style=\"text-align: center;\">\u2013\u00a0Entrada Menores de 8 \u2013<\/p>\n<\/div><\/div>[vc_column_text css=\u00bb.vc_custom_1592562082291{margin-top: 17px !important;}\u00bb]\n<p style=\"text-align: center;\"><span style=\"color: #706964;\">Gratuita<\/span><\/p>\n[\/vc_column_text][\/vc_column_inner][\/vc_row_inner]<div class=\"ult-spacer spacer-6a0096bc499f5\" data-id=\"6a0096bc499f5\" data-height=\"38\" data-height-mobile=\"38\" data-height-tab=\"38\" data-height-tab-portrait=\"\" data-height-mobile-landscape=\"\" style=\"clear:both;display:block;\"><\/div>[\/vc_column][\/vc_row][vc_row full_width=\u00bbstretch_row_content\u00bb content_placement=\u00bbmiddle\u00bb bg_type=\u00bbbg_color\u00bb ult_hide_row=\u00bbult_hide_row_value\u00bb ult_hide_row_mobile=\u00bbmobile\u00bb ult_hide_row_mobile_large=\u00bbxl_mobile\u00bb css=\u00bb.vc_custom_1553605299408{margin-top: 0px !important;margin-right: 0px !important;margin-bottom: 0px !important;margin-left: 0px !important;padding-top: 0px !important;padding-right: 0px !important;padding-bottom: 0px !important;padding-left: 0px !important;}\u00bb bg_color_value=\u00bb#ffffff\u00bb][vc_column css=\u00bb.vc_custom_1553517549864{margin-top: 0px !important;margin-right: 0px !important;margin-bottom: 0px !important;margin-left: 0px !important;padding-top: 0px !important;padding-right: 0px !important;padding-bottom: 0px !important;padding-left: 0px !important;}\u00bb][vc_single_image image=\u00bb478&#8243; img_size=\u00bbfull\u00bb alignment=\u00bbcenter\u00bb css=\u00bb.vc_custom_1553517543355{margin-top: 0px !important;margin-right: 0px !important;margin-bottom: 0px !important;margin-left: 0px !important;padding-top: 0px !important;padding-right: 0px !important;padding-bottom: 0px !important;padding-left: 0px !important;}\u00bb][\/vc_column][\/vc_row][vc_row full_width=\u00bbstretch_row_content\u00bb content_placement=\u00bbmiddle\u00bb bg_type=\u00bbimage\u00bb parallax_style=\u00bbvcpb-default\u00bb bg_image_new=\u00bbid^221|url^https:\/\/www.banysarabs.cat\/wp-content\/uploads\/2019\/03\/SEPARATOR.png|caption^null|alt^null|title^SEPARATOR|description^null\u00bb bg_image_repeat=\u00bbno-repeat\u00bb ult_hide_row=\u00bbult_hide_row_value\u00bb ult_hide_row_large_screen=\u00bblarge_screen\u00bb ult_hide_row_desktop=\u00bbdesktop\u00bb ult_hide_row_tablet=\u00bbtablet\u00bb ult_hide_row_tablet_small=\u00bbxs_tablet\u00bb css=\u00bb.vc_custom_1553605254261{margin-top: 0px !important;margin-right: 0px !important;margin-bottom: 0px !important;margin-left: 0px !important;padding-top: 0px !important;padding-right: 0px !important;padding-bottom: 0px !important;padding-left: 0px !important;}\u00bb][vc_column css=\u00bb.vc_custom_1553517549864{margin-top: 0px !important;margin-right: 0px !important;margin-bottom: 0px !important;margin-left: 0px !important;padding-top: 0px !important;padding-right: 0px !important;padding-bottom: 0px !important;padding-left: 0px !important;}\u00bb]<div class=\"ult-spacer spacer-6a0096bc49a36\" data-id=\"6a0096bc49a36\" data-height=\"65\" data-height-mobile=\"65\" data-height-tab=\"65\" data-height-tab-portrait=\"\" data-height-mobile-landscape=\"\" style=\"clear:both;display:block;\"><\/div>[\/vc_column][\/vc_row][vc_row full_width=\u00bbstretch_row\u00bb content_placement=\u00bbtop\u00bb bg_type=\u00bbimage\u00bb parallax_style=\u00bbvcpb-default\u00bb bg_image_new=\u00bbid^226|url^https:\/\/www.banysarabs.cat\/wp-content\/uploads\/2019\/03\/fonsfialhoraris.png|caption^null|alt^null|title^fonsfialhoraris|description^null\u00bb bg_image_repeat=\u00bbno-repeat\u00bb css=\u00bb.vc_custom_1553605088809{margin-top: 0px !important;margin-right: 3px !important;margin-bottom: 0px !important;margin-left: 3px !important;padding-top: 0px !important;padding-right: 56px !important;padding-left: 56px !important;}\u00bb][vc_column]<div class=\"ult-spacer spacer-6a0096bc49a75\" data-id=\"6a0096bc49a75\" data-height=\"42\" data-height-mobile=\"42\" data-height-tab=\"42\" data-height-tab-portrait=\"\" data-height-mobile-landscape=\"\" style=\"clear:both;display:block;\"><\/div><div id=\"ultimate-heading-13566a0096bc49ac6\" class=\"uvc-heading ult-adjust-bottom-margin ultimate-heading-13566a0096bc49ac6 uvc-4878 titol\" data-hspacer=\"no_spacer\"  data-halign=\"center\" style=\"text-align:center\"><div class=\"uvc-heading-spacer no_spacer\" style=\"top\"><\/div><div class=\"uvc-sub-heading ult-responsive\"  data-ultimate-target='.uvc-heading.ultimate-heading-13566a0096bc49ac6 .uvc-sub-heading '  data-responsive-json-new='{\"font-size\":\"desktop:36px;\",\"line-height\":\"\"}'  style=\"font-family:&#039;Arapey&#039;;font-style:italic;font-weight:normal;color:#0a0a0a;\">\n<p style=\"text-align: center;\">\u00b7 Horarios \u00b7<\/p>\n<\/div><\/div><div class=\"ult-spacer spacer-6a0096bc49b24\" data-id=\"6a0096bc49b24\" data-height=\"19\" data-height-mobile=\"19\" data-height-tab=\"19\" data-height-tab-portrait=\"\" data-height-mobile-landscape=\"\" style=\"clear:both;display:block;\"><\/div>[vc_row_inner css=\u00bb.vc_custom_1552480252732{padding-right: 56px !important;padding-left: 56px !important;}\u00bb][vc_column_inner]<div id=\"ultimate-heading-61246a0096bc49b75\" class=\"uvc-heading ult-adjust-bottom-margin ultimate-heading-61246a0096bc49b75 uvc-9243 titol\" data-hspacer=\"no_spacer\"  data-halign=\"center\" style=\"text-align:center\"><div class=\"uvc-heading-spacer no_spacer\" style=\"top\"><\/div><div class=\"uvc-sub-heading ult-responsive\"  data-ultimate-target='.uvc-heading.ultimate-heading-61246a0096bc49b75 .uvc-sub-heading '  data-responsive-json-new='{\"font-size\":\"desktop:20px;\",\"line-height\":\"\"}'  style=\"font-family:&#039;Vollkorn SC&#039;;font-weight:normal;font-style:normal;color:#0a0a0a;\">\n<p style=\"text-align: center;\">\u2013 Todo el a\u00f1o \u2013<\/p>\n<\/div><\/div>[vc_column_text css=\u00bb.vc_custom_1592562246959{margin-top: 17px !important;}\u00bb]\n<p style=\"text-align: center;\"><span style=\"color: #706964;\">De lunes a s\u00e1bado, de 10 a 18 horas<br \/>\nDomingos y festivos, de 10 a 14 horas<\/span><\/p>\n[\/vc_column_text][\/vc_column_inner][\/vc_row_inner][vc_column_text css=\u00bb.vc_custom_1640191073676{margin-top: 2px !important;}\u00bb]\n<p style=\"text-align: center;\"><span style=\"color: #000000;\">*Cerrado los d\u00edas 1 y 6 de enero, 24, 25 y 26 de diciembre<\/span><\/p>\n[\/vc_column_text]<div class=\"ult-spacer spacer-6a0096bc49be1\" data-id=\"6a0096bc49be1\" data-height=\"28\" data-height-mobile=\"28\" data-height-tab=\"28\" data-height-tab-portrait=\"\" data-height-mobile-landscape=\"\" style=\"clear:both;display:block;\"><\/div>[\/vc_column][\/vc_row][vc_row][vc_column width=\u00bb1\/6&#8243;][\/vc_column][vc_column width=\u00bb2\/3&#8243;]<div class=\"ult-spacer spacer-6a0096bc49c24\" data-id=\"6a0096bc49c24\" data-height=\"32\" data-height-mobile=\"32\" data-height-tab=\"32\" data-height-tab-portrait=\"\" data-height-mobile-landscape=\"\" style=\"clear:both;display:block;\"><\/div><div id=\"ultimate-heading-79956a0096bc49c75\" class=\"uvc-heading ult-adjust-bottom-margin ultimate-heading-79956a0096bc49c75 uvc-8378 titol\" data-hspacer=\"no_spacer\"  data-halign=\"center\" style=\"text-align:center\"><div class=\"uvc-heading-spacer no_spacer\" style=\"top\"><\/div><div class=\"uvc-sub-heading ult-responsive\"  data-ultimate-target='.uvc-heading.ultimate-heading-79956a0096bc49c75 .uvc-sub-heading '  data-responsive-json-new='{\"font-size\":\"desktop:17px;\",\"line-height\":\"\"}'  style=\"font-family:&#039;Vollkorn SC&#039;;font-weight:normal;font-style:normal;color:#0a0a0a;\">\n<p style=\"text-align: center;\">\u2013 Horas y D\u00edas \u2013<\/p>\n<\/div><\/div><div id=\"ultimate-heading-59106a0096bc49ce5\" class=\"uvc-heading ult-adjust-bottom-margin ultimate-heading-59106a0096bc49ce5 uvc-3556 titol\" data-hspacer=\"no_spacer\"  data-halign=\"center\" style=\"text-align:center\"><div class=\"uvc-heading-spacer no_spacer\" style=\"top\"><\/div><div class=\"uvc-sub-heading ult-responsive\"  data-ultimate-target='.uvc-heading.ultimate-heading-59106a0096bc49ce5 .uvc-sub-heading '  data-responsive-json-new='{\"font-size\":\"desktop:36px;\",\"line-height\":\"\"}'  style=\"font-family:&#039;Arapey&#039;;font-style:italic;font-weight:normal;color:#99908a;\">\n<p style=\"text-align: center;\">\u00b7 Visitas Guiadas \u00b7<\/p>\n<\/div><\/div><div class=\"ult-spacer spacer-6a0096bc49d3e\" data-id=\"6a0096bc49d3e\" data-height=\"32\" data-height-mobile=\"32\" data-height-tab=\"32\" data-height-tab-portrait=\"\" data-height-mobile-landscape=\"\" style=\"clear:both;display:block;\"><\/div><div class=\"ult-spacer spacer-6a0096bc49d7a\" data-id=\"6a0096bc49d7a\" data-height=\"42\" data-height-mobile=\"42\" data-height-tab=\"42\" data-height-tab-portrait=\"\" data-height-mobile-landscape=\"\" style=\"clear:both;display:block;\"><\/div>[vc_column_text]\n<div style=\"text-align: center;\"><strong>JORNADES EUROPES DEL PATRIMONI 2023<\/strong><br \/>\n<strong>Visites guiades als Banys \u00c0rabs de Girona<\/strong><\/div>\n<div>\n<p style=\"font-weight: 400; text-align: center;\">Data d&#8217;inici:\u00a014\/10\/2023<\/p>\n<p style=\"font-weight: 400; text-align: center;\">Data de finalitzaci\u00f3:\u00a015\/10\/2023<\/p>\n<p style=\"font-weight: 400; text-align: center;\">Horari:\u00a0D&#8217;11:30 h a 13:30 h<\/p>\n<p style=\"font-weight: 400; text-align: center;\">Preu:\u00a0<strong>Gratu\u00eft<\/strong><\/p>\n<p style=\"font-weight: 400; text-align: center;\">Audi\u00e8ncia:\u00a0<strong>P\u00fablic general<\/strong><\/p>\n<p style=\"font-weight: 400; text-align: center;\">Tipus d&#8217;activitat:\u00a0Visita guiada<\/p>\n<p style=\"font-weight: 400; text-align: center;\"><a href=\"https:\/\/patrimoni.gencat.cat\/ca\/activitat\/visites-guiades-als-banys-arabs-de-girona-0\" target=\"_blank\" rel=\"noopener\">https:\/\/patrimoni.gencat.cat\/ca\/activitat\/visites-guiades-als-banys-arabs-de-girona-0<\/a><\/p>\n<\/div>\n[\/vc_column_text]<div class=\"ult-spacer spacer-6a0096bc49db3\" data-id=\"6a0096bc49db3\" data-height=\"42\" data-height-mobile=\"42\" data-height-tab=\"42\" data-height-tab-portrait=\"\" data-height-mobile-landscape=\"\" style=\"clear:both;display:block;\"><\/div>[\/vc_column][vc_column width=\u00bb1\/6&#8243;][\/vc_column][\/vc_row]\n<\/div>","protected":false},"excerpt":{"rendered":"<p>[vc_row full_width=\u00bbstretch_row\u00bb bg_type=\u00bbimage\u00bb parallax_style=\u00bbvcpb-default\u00bb bg_image_new=\u00bbid^217|url^https:\/\/www.banysarabs.cat\/wp-content\/uploads\/2019\/03\/horaris.jpg|caption^null|alt^null|title^horaris|description^null\u00bb bg_image_repeat=\u00bbno-repeat\u00bb el_class=\u00bbfilaprimera\u00bb css=\u00bb.vc_custom_1553516682982{margin-bottom: 0px !important;padding-bottom: 0px !important;}\u00bb][vc_column][\/vc_column][\/vc_row][vc_row full_width=\u00bbstretch_row\u00bb content_placement=\u00bbtop\u00bb bg_type=\u00bbbg_color\u00bb css=\u00bb.vc_custom_1553518416300{margin-top: 6px !important;margin-right: 0px !important;margin-bottom: 0px !important;margin-left: 0px !important;padding-bottom: 0px !important;}\u00bb bg_color_value=\u00bb#e7e7e2&#8243;][vc_column][vc_row_inner css=\u00bb.vc_custom_1552481913065{padding-right: 85px !important;padding-left: 85px !important;}\u00bb][vc_column_inner width=\u00bb1\/3&#8243;][vc_column_text css=\u00bb.vc_custom_1592561908377{margin-top: 17px !important;}\u00bb] 1 euro por persona para estudiantes, grupos de estudiantes (hasta un m\u00e1ximo de 30 euros por grupo), grupos de m\u00e1s de 15 personas, menores de 16 a\u00f1os, parados, familias numerosas y familias monoparentales. [\/vc_column_text][\/vc_column_inner][vc_column_inner width=\u00bb1\/3&#8243;][vc_column_text css=\u00bb.vc_custom_1592561942834{margin-top: 17px !important;}\u00bb] 3 euros por persona [\/vc_column_text][\/vc_column_inner][vc_column_inner width=\u00bb1\/3&#8243;][vc_column_text css=\u00bb.vc_custom_1592562035342{margin-top: 17px !important;}\u00bb] 2 euros por persona [\/vc_column_text][vc_column_text css=\u00bb.vc_custom_1592562082291{margin-top: 17px !important;}\u00bb] Gratuita [\/vc_column_text][\/vc_column_inner][\/vc_row_inner][\/vc_column][\/vc_row][vc_row full_width=\u00bbstretch_row_content\u00bb content_placement=\u00bbmiddle\u00bb bg_type=\u00bbbg_color\u00bb ult_hide_row=\u00bbult_hide_row_value\u00bb ult_hide_row_mobile=\u00bbmobile\u00bb ult_hide_row_mobile_large=\u00bbxl_mobile\u00bb css=\u00bb.vc_custom_1553605299408{margin-top: 0px !important;margin-right: 0px !important;margin-bottom: 0px !important;margin-left: 0px !important;padding-top: 0px !important;padding-right: 0px !important;padding-bottom: 0px !important;padding-left: 0px !important;}\u00bb bg_color_value=\u00bb#ffffff\u00bb][vc_column css=\u00bb.vc_custom_1553517549864{margin-top: 0px !important;margin-right: 0px !important;margin-bottom: 0px !important;margin-left: 0px !important;padding-top: 0px !important;padding-right: 0px !important;padding-bottom: 0px !important;padding-left: 0px !important;}\u00bb][vc_single_image image=\u00bb478&#8243; img_size=\u00bbfull\u00bb alignment=\u00bbcenter\u00bb css=\u00bb.vc_custom_1553517543355{margin-top: 0px !important;margin-right: 0px !important;margin-bottom: 0px !important;margin-left: 0px !important;padding-top: 0px !important;padding-right: 0px !important;padding-bottom: 0px !important;padding-left: 0px !important;}\u00bb][\/vc_column][\/vc_row][vc_row full_width=\u00bbstretch_row_content\u00bb content_placement=\u00bbmiddle\u00bb bg_type=\u00bbimage\u00bb parallax_style=\u00bbvcpb-default\u00bb bg_image_new=\u00bbid^221|url^https:\/\/www.banysarabs.cat\/wp-content\/uploads\/2019\/03\/SEPARATOR.png|caption^null|alt^null|title^SEPARATOR|description^null\u00bb bg_image_repeat=\u00bbno-repeat\u00bb ult_hide_row=\u00bbult_hide_row_value\u00bb ult_hide_row_large_screen=\u00bblarge_screen\u00bb ult_hide_row_desktop=\u00bbdesktop\u00bb ult_hide_row_tablet=\u00bbtablet\u00bb ult_hide_row_tablet_small=\u00bbxs_tablet\u00bb css=\u00bb.vc_custom_1553605254261{margin-top: 0px !important;margin-right: 0px !important;margin-bottom: 0px !important;margin-left: 0px !important;padding-top: 0px !important;padding-right: 0px !important;padding-bottom: 0px !important;padding-left: 0px !important;}\u00bb][vc_column css=\u00bb.vc_custom_1553517549864{margin-top: 0px !important;margin-right: 0px !important;margin-bottom: 0px !important;margin-left: 0px !important;padding-top: 0px !important;padding-right: 0px !important;padding-bottom: 0px !important;padding-left: 0px !important;}\u00bb][\/vc_column][\/vc_row][vc_row full_width=\u00bbstretch_row\u00bb content_placement=\u00bbtop\u00bb bg_type=\u00bbimage\u00bb parallax_style=\u00bbvcpb-default\u00bb bg_image_new=\u00bbid^226|url^https:\/\/www.banysarabs.cat\/wp-content\/uploads\/2019\/03\/fonsfialhoraris.png|caption^null|alt^null|title^fonsfialhoraris|description^null\u00bb bg_image_repeat=\u00bbno-repeat\u00bb css=\u00bb.vc_custom_1553605088809{margin-top: 0px !important;margin-right: 3px !important;margin-bottom: 0px !important;margin-left: 3px !important;padding-top: 0px !important;padding-right: 56px !important;padding-left: 56px !important;}\u00bb][vc_column][vc_row_inner css=\u00bb.vc_custom_1552480252732{padding-right: 56px !important;padding-left: 56px !important;}\u00bb][vc_column_inner][vc_column_text css=\u00bb.vc_custom_1592562246959{margin-top: 17px !important;}\u00bb] De lunes a s\u00e1bado, de 10 a 18 horas Domingos y festivos, de 10 a 14 horas [\/vc_column_text][\/vc_column_inner][\/vc_row_inner][vc_column_text css=\u00bb.vc_custom_1640191073676{margin-top: 2px !important;}\u00bb] *Cerrado los d\u00edas 1 y 6 de enero, 24, 25 y 26 de diciembre [\/vc_column_text][\/vc_column][\/vc_row][vc_row][vc_column width=\u00bb1\/6&#8243;][\/vc_column][vc_column width=\u00bb2\/3&#8243;][vc_column_text] JORNADES EUROPES DEL PATRIMONI 2023 Visites guiades als Banys \u00c0rabs de Girona Data d&#8217;inici:\u00a014\/10\/2023 Data de finalitzaci\u00f3:\u00a015\/10\/2023 Horari:\u00a0D&#8217;11:30 h a 13:30 h Preu:\u00a0Gratu\u00eft Audi\u00e8ncia:\u00a0P\u00fablic general Tipus d&#8217;activitat:\u00a0Visita guiada https:\/\/patrimoni.gencat.cat\/ca\/activitat\/visites-guiades-als-banys-arabs-de-girona-0 [\/vc_column_text][\/vc_column][vc_column width=\u00bb1\/6&#8243;][\/vc_column][\/vc_row]<\/p>\n","protected":false},"author":1,"featured_media":0,"parent":0,"menu_order":0,"comment_status":"closed","ping_status":"closed","template":"","meta":{"_acf_changed":false,"footnotes":""},"yst_prominent_words":[],"class_list":["post-360","page","type-page","status-publish","hentry","entry","post-inner"],"acf":[],"_links":{"self":[{"href":"https:\/\/www.banysarabs.cat\/es\/wp-json\/wp\/v2\/pages\/360","targetHints":{"allow":["GET"]}}],"collection":[{"href":"https:\/\/www.banysarabs.cat\/es\/wp-json\/wp\/v2\/pages"}],"about":[{"href":"https:\/\/www.banysarabs.cat\/es\/wp-json\/wp\/v2\/types\/page"}],"author":[{"embeddable":true,"href":"https:\/\/www.banysarabs.cat\/es\/wp-json\/wp\/v2\/users\/1"}],"replies":[{"embeddable":true,"href":"https:\/\/www.banysarabs.cat\/es\/wp-json\/wp\/v2\/comments?post=360"}],"version-history":[{"count":16,"href":"https:\/\/www.banysarabs.cat\/es\/wp-json\/wp\/v2\/pages\/360\/revisions"}],"predecessor-version":[{"id":1474,"href":"https:\/\/www.banysarabs.cat\/es\/wp-json\/wp\/v2\/pages\/360\/revisions\/1474"}],"wp:attachment":[{"href":"https:\/\/www.banysarabs.cat\/es\/wp-json\/wp\/v2\/media?parent=360"}],"wp:term":[{"taxonomy":"yst_prominent_words","embeddable":true,"href":"https:\/\/www.banysarabs.cat\/es\/wp-json\/wp\/v2\/yst_prominent_words?post=360"}],"curies":[{"name":"wp","href":"https:\/\/api.w.org\/{rel}","templated":true}]}}