{"id":356,"date":"2019-03-26T08:49:33","date_gmt":"2019-03-26T08:49:33","guid":{"rendered":"https:\/\/www.banysarabs.cat\/tepidari\/"},"modified":"2019-06-10T08:26:31","modified_gmt":"2019-06-10T08:26:31","slug":"tepidarium","status":"publish","type":"page","link":"https:\/\/www.banysarabs.cat\/es\/tepidarium\/","title":{"rendered":"TEPIDARIUM"},"content":{"rendered":"<div class=\"wpb-content-wrapper\">[vc_row full_width=\u00bbstretch_row\u00bb bg_type=\u00bbimage\u00bb parallax_style=\u00bbvcpb-default\u00bb bg_image_new=\u00bbid^260|url^https:\/\/www.banysarabs.cat\/wp-content\/uploads\/2019\/03\/0000tepid.jpg|caption^null|alt^null|title^0000tepid|description^null\u00bb bg_image_repeat=\u00bbno-repeat\u00bb el_class=\u00bbfilaprimera\u00bb css=\u00bb.vc_custom_1553590161846{margin-top: 0px !important;margin-bottom: 0px !important;padding-top: 0px !important;padding-bottom: 0px !important;}\u00bb][vc_column css=\u00bb.vc_custom_1553502207797{margin-bottom: 0px !important;padding-bottom: 0px !important;}\u00bb]<div class=\"ult-spacer spacer-69e1cc6db5cf1\" data-id=\"69e1cc6db5cf1\" data-height=\"275\" data-height-mobile=\"275\" data-height-tab=\"275\" data-height-tab-portrait=\"\" data-height-mobile-landscape=\"\" style=\"clear:both;display:block;\"><\/div><div id=\"ultimate-heading-938369e1cc6db5d7e\" class=\"uvc-heading ult-adjust-bottom-margin ultimate-heading-938369e1cc6db5d7e uvc-9320 \" data-hspacer=\"no_spacer\"  data-halign=\"center\" style=\"text-align:center\"><div class=\"uvc-heading-spacer no_spacer\" style=\"top\"><\/div><div class=\"uvc-sub-heading ult-responsive\"  data-ultimate-target='.uvc-heading.ultimate-heading-938369e1cc6db5d7e .uvc-sub-heading '  data-responsive-json-new='{\"font-size\":\"desktop:60px;\",\"line-height\":\"\"}'  style=\"font-weight:normal;color:#ffffff;\">\n<p style=\"text-align: center;\"><span style=\"color: #ffffff; letter-spacing: 6px; font-weight: 300;\">TEPIDARIUM<\/span><\/p>\n<\/div><\/div><div class=\"ult-spacer spacer-69e1cc6db5e36\" data-id=\"69e1cc6db5e36\" data-height=\"285\" data-height-mobile=\"285\" data-height-tab=\"285\" data-height-tab-portrait=\"\" data-height-mobile-landscape=\"\" style=\"clear:both;display:block;\"><\/div>[\/vc_column][\/vc_row][vc_row full_width=\u00bbstretch_row\u00bb bg_type=\u00bbbg_color\u00bb css=\u00bb.vc_custom_1553588786383{margin-top: 4px !important;margin-bottom: 0px !important;padding-top: 0px !important;padding-bottom: 0px !important;}\u00bb bg_color_value=\u00bb#b2aea8&#8243; el_class=\u00bbfilasegona\u00bb][vc_column css=\u00bb.vc_custom_1553502260803{margin-top: 0px !important;margin-bottom: 0px !important;padding-top: 0px !important;padding-bottom: 0px !important;}\u00bb]<div class=\"ult-spacer spacer-69e1cc6db5eb0\" data-id=\"69e1cc6db5eb0\" data-height=\"88\" data-height-mobile=\"88\" data-height-tab=\"88\" data-height-tab-portrait=\"\" data-height-mobile-landscape=\"\" style=\"clear:both;display:block;\"><\/div><div id=\"ultimate-heading-918769e1cc6db5f2d\" class=\"uvc-heading ult-adjust-bottom-margin ultimate-heading-918769e1cc6db5f2d uvc-4369 titol\" data-hspacer=\"no_spacer\"  data-halign=\"center\" style=\"text-align:center\"><div class=\"uvc-heading-spacer no_spacer\" style=\"top\"><\/div><div class=\"uvc-sub-heading ult-responsive\"  data-ultimate-target='.uvc-heading.ultimate-heading-918769e1cc6db5f2d .uvc-sub-heading '  data-responsive-json-new='{\"font-size\":\"desktop:17px;\",\"line-height\":\"\"}'  style=\"font-family:&#039;Vollkorn SC&#039;;font-weight:normal;font-style:normal;color:#0a0a0a;\">\u2013 Los Ba\u00f1os \u00c1rabes \u2013<\/div><\/div><div id=\"ultimate-heading-582869e1cc6db5fc0\" class=\"uvc-heading ult-adjust-bottom-margin ultimate-heading-582869e1cc6db5fc0 uvc-1408 titol\" data-hspacer=\"no_spacer\"  data-halign=\"center\" style=\"text-align:center\"><div class=\"uvc-heading-spacer no_spacer\" style=\"top\"><\/div><div class=\"uvc-sub-heading ult-responsive\"  data-ultimate-target='.uvc-heading.ultimate-heading-582869e1cc6db5fc0 .uvc-sub-heading '  data-responsive-json-new='{\"font-size\":\"desktop:36px;\",\"line-height\":\"\"}'  style=\"font-family:&#039;Arapey&#039;;font-style:italic;font-weight:normal;color:#ffffff;\">\u00b7 Tepidarium \u00b7<\/div><\/div><div class=\"ult-spacer spacer-69e1cc6db6030\" data-id=\"69e1cc6db6030\" data-height=\"32\" data-height-mobile=\"32\" data-height-tab=\"32\" data-height-tab-portrait=\"\" data-height-mobile-landscape=\"\" style=\"clear:both;display:block;\"><\/div>[vc_row_inner][vc_column_inner width=\u00bb1\/6&#8243;][\/vc_column_inner][vc_column_inner width=\u00bb2\/6&#8243;][vc_column_text]La sala tibia o tepidarium necesariamente se encontraba en un punto intermedio del recorrido, entre la zona m\u00e1s caliente y la m\u00e1s fr\u00eda. Se trata de una sala m\u00e1s amplia, la segunda m\u00e1s grande despu\u00e9s del apoditerium. Aqu\u00ed los usuarios se rehac\u00edan del calor extremo (si ven\u00edan del caldarium) o del fr\u00edo intenso (si ven\u00edan del frigidarium), y pod\u00edan conversar, recibir masajes o incluso comer y beber.[\/vc_column_text][\/vc_column_inner][vc_column_inner width=\u00bb2\/6&#8243;][vc_column_text]El suelo conectaba por debajo con el hipocausto del caldarium, para mantener una temperatura agradable. La sala est\u00e1 cubierta con b\u00f3veda de ca\u00f1\u00f3n y presenta en el sector sur una galer\u00eda de tres arcos sostenidos por columnas, con el suelo ligeramente m\u00e1s elevado. Observando el tama\u00f1o y disposici\u00f3n del espacio, parece que las monjas capuchinas (antiguas propietarias del espacio) la hab\u00edan utilizado como cocina de su convento.[\/vc_column_text][\/vc_column_inner][vc_column_inner width=\u00bb1\/6&#8243;][\/vc_column_inner][\/vc_row_inner][vc_single_image image=\u00bb473&#8243; img_size=\u00bbfull\u00bb alignment=\u00bbcenter\u00bb]<div class=\"ult-spacer spacer-69e1cc6db6072\" data-id=\"69e1cc6db6072\" data-height=\"47\" data-height-mobile=\"47\" data-height-tab=\"47\" data-height-tab-portrait=\"\" data-height-mobile-landscape=\"\" style=\"clear:both;display:block;\"><\/div>[\/vc_column][\/vc_row][vc_row full_width=\u00bbstretch_row\u00bb bg_type=\u00bbbg_color\u00bb css=\u00bb.vc_custom_1553589084311{margin-top: -5px !important;margin-bottom: 0px !important;padding-top: 0px !important;padding-bottom: 0px !important;}\u00bb bg_color_value=\u00bb#ffffff\u00bb el_class=\u00bbfilatercera\u00bb][vc_column css=\u00bb.vc_custom_1553502264611{margin-top: 0px !important;padding-top: 0px !important;}\u00bb]<div class=\"ult-spacer spacer-69e1cc6db60b9\" data-id=\"69e1cc6db60b9\" data-height=\"47\" data-height-mobile=\"47\" data-height-tab=\"47\" data-height-tab-portrait=\"\" data-height-mobile-landscape=\"\" style=\"clear:both;display:block;\"><\/div>[vc_row_inner][vc_column_inner width=\u00bb1\/12&#8243;][\/vc_column_inner][vc_column_inner width=\u00bb5\/12&#8243;][vc_single_image image=\u00bb460&#8243; img_size=\u00bbfull\u00bb alignment=\u00bbcenter\u00bb][\/vc_column_inner][vc_column_inner width=\u00bb5\/12&#8243;]<div class=\"ult-spacer spacer-69e1cc6db60f6\" data-id=\"69e1cc6db60f6\" data-height=\"30\" data-height-mobile=\"30\" data-height-tab=\"30\" data-height-tab-portrait=\"\" data-height-mobile-landscape=\"\" style=\"clear:both;display:block;\"><\/div><div id=\"ultimate-heading-916169e1cc6db614c\" class=\"uvc-heading ult-adjust-bottom-margin ultimate-heading-916169e1cc6db614c uvc-2870 titol\" data-hspacer=\"no_spacer\"  data-halign=\"left\" style=\"text-align:left\"><div class=\"uvc-heading-spacer no_spacer\" style=\"top\"><\/div><div class=\"uvc-sub-heading ult-responsive\"  data-ultimate-target='.uvc-heading.ultimate-heading-916169e1cc6db614c .uvc-sub-heading '  data-responsive-json-new='{\"font-size\":\"desktop:29px;\",\"line-height\":\"\"}'  style=\"font-family:&#039;Arapey&#039;;font-style:italic;font-weight:normal;color:#0a0a0a;margin-top:36px;\">La sala tibia, donde los usuarios recib\u00edan masajes,\u00a0hac\u00edan debates y descansaban<\/div><\/div>[\/vc_column_inner][vc_column_inner width=\u00bb1\/12&#8243;][\/vc_column_inner][\/vc_row_inner]<div class=\"ult-spacer spacer-69e1cc6db61ac\" data-id=\"69e1cc6db61ac\" data-height=\"32\" data-height-mobile=\"32\" data-height-tab=\"32\" data-height-tab-portrait=\"\" data-height-mobile-landscape=\"\" style=\"clear:both;display:block;\"><\/div>[\/vc_column][\/vc_row]\n<\/div>","protected":false},"excerpt":{"rendered":"<p>[vc_row full_width=\u00bbstretch_row\u00bb bg_type=\u00bbimage\u00bb parallax_style=\u00bbvcpb-default\u00bb bg_image_new=\u00bbid^260|url^https:\/\/www.banysarabs.cat\/wp-content\/uploads\/2019\/03\/0000tepid.jpg|caption^null|alt^null|title^0000tepid|description^null\u00bb bg_image_repeat=\u00bbno-repeat\u00bb el_class=\u00bbfilaprimera\u00bb css=\u00bb.vc_custom_1553590161846{margin-top: 0px !important;margin-bottom: 0px !important;padding-top: 0px !important;padding-bottom: 0px !important;}\u00bb][vc_column css=\u00bb.vc_custom_1553502207797{margin-bottom: 0px !important;padding-bottom: 0px !important;}\u00bb][\/vc_column][\/vc_row][vc_row full_width=\u00bbstretch_row\u00bb bg_type=\u00bbbg_color\u00bb css=\u00bb.vc_custom_1553588786383{margin-top: 4px !important;margin-bottom: 0px !important;padding-top: 0px !important;padding-bottom: 0px !important;}\u00bb bg_color_value=\u00bb#b2aea8&#8243; el_class=\u00bbfilasegona\u00bb][vc_column css=\u00bb.vc_custom_1553502260803{margin-top: 0px !important;margin-bottom: 0px !important;padding-top: 0px !important;padding-bottom: 0px !important;}\u00bb][vc_row_inner][vc_column_inner width=\u00bb1\/6&#8243;][\/vc_column_inner][vc_column_inner width=\u00bb2\/6&#8243;][vc_column_text]La sala tibia o tepidarium necesariamente se encontraba en un punto intermedio del recorrido, entre la zona m\u00e1s caliente y la m\u00e1s fr\u00eda. Se trata de una sala m\u00e1s amplia, la segunda m\u00e1s grande despu\u00e9s del apoditerium. Aqu\u00ed los usuarios se rehac\u00edan del calor extremo (si ven\u00edan del caldarium) o del fr\u00edo intenso (si ven\u00edan del frigidarium), y pod\u00edan conversar, recibir masajes o incluso comer y beber.[\/vc_column_text][\/vc_column_inner][vc_column_inner width=\u00bb2\/6&#8243;][vc_column_text]El suelo conectaba por debajo con el hipocausto del caldarium, para mantener una temperatura agradable. La sala est\u00e1 cubierta con b\u00f3veda de ca\u00f1\u00f3n y presenta en el sector sur una galer\u00eda de tres arcos sostenidos por columnas, con el suelo ligeramente m\u00e1s elevado. Observando el tama\u00f1o y disposici\u00f3n del espacio, parece que las monjas capuchinas (antiguas propietarias del espacio) la hab\u00edan utilizado como cocina de su convento.[\/vc_column_text][\/vc_column_inner][vc_column_inner width=\u00bb1\/6&#8243;][\/vc_column_inner][\/vc_row_inner][vc_single_image image=\u00bb473&#8243; img_size=\u00bbfull\u00bb alignment=\u00bbcenter\u00bb][\/vc_column][\/vc_row][vc_row full_width=\u00bbstretch_row\u00bb bg_type=\u00bbbg_color\u00bb css=\u00bb.vc_custom_1553589084311{margin-top: -5px !important;margin-bottom: 0px !important;padding-top: 0px !important;padding-bottom: 0px !important;}\u00bb bg_color_value=\u00bb#ffffff\u00bb el_class=\u00bbfilatercera\u00bb][vc_column css=\u00bb.vc_custom_1553502264611{margin-top: 0px !important;padding-top: 0px !important;}\u00bb][vc_row_inner][vc_column_inner width=\u00bb1\/12&#8243;][\/vc_column_inner][vc_column_inner width=\u00bb5\/12&#8243;][vc_single_image image=\u00bb460&#8243; img_size=\u00bbfull\u00bb alignment=\u00bbcenter\u00bb][\/vc_column_inner][vc_column_inner width=\u00bb5\/12&#8243;][\/vc_column_inner][vc_column_inner width=\u00bb1\/12&#8243;][\/vc_column_inner][\/vc_row_inner][\/vc_column][\/vc_row]<\/p>\n","protected":false},"author":1,"featured_media":0,"parent":0,"menu_order":0,"comment_status":"closed","ping_status":"closed","template":"","meta":{"_acf_changed":false,"footnotes":""},"yst_prominent_words":[],"class_list":["post-356","page","type-page","status-publish","hentry","entry","post-inner"],"acf":[],"_links":{"self":[{"href":"https:\/\/www.banysarabs.cat\/es\/wp-json\/wp\/v2\/pages\/356","targetHints":{"allow":["GET"]}}],"collection":[{"href":"https:\/\/www.banysarabs.cat\/es\/wp-json\/wp\/v2\/pages"}],"about":[{"href":"https:\/\/www.banysarabs.cat\/es\/wp-json\/wp\/v2\/types\/page"}],"author":[{"embeddable":true,"href":"https:\/\/www.banysarabs.cat\/es\/wp-json\/wp\/v2\/users\/1"}],"replies":[{"embeddable":true,"href":"https:\/\/www.banysarabs.cat\/es\/wp-json\/wp\/v2\/comments?post=356"}],"version-history":[{"count":5,"href":"https:\/\/www.banysarabs.cat\/es\/wp-json\/wp\/v2\/pages\/356\/revisions"}],"predecessor-version":[{"id":666,"href":"https:\/\/www.banysarabs.cat\/es\/wp-json\/wp\/v2\/pages\/356\/revisions\/666"}],"wp:attachment":[{"href":"https:\/\/www.banysarabs.cat\/es\/wp-json\/wp\/v2\/media?parent=356"}],"wp:term":[{"taxonomy":"yst_prominent_words","embeddable":true,"href":"https:\/\/www.banysarabs.cat\/es\/wp-json\/wp\/v2\/yst_prominent_words?post=356"}],"curies":[{"name":"wp","href":"https:\/\/api.w.org\/{rel}","templated":true}]}}