{"id":430,"date":"2019-03-27T08:21:07","date_gmt":"2019-03-27T08:21:07","guid":{"rendered":"https:\/\/www.banysarabs.cat\/avis-legal\/"},"modified":"2019-06-17T10:34:23","modified_gmt":"2019-06-17T10:34:23","slug":"legal-warning","status":"publish","type":"page","link":"https:\/\/www.banysarabs.cat\/en\/legal-warning\/","title":{"rendered":"Legal Warning"},"content":{"rendered":"<div class=\"wpb-content-wrapper\">[vc_row full_width=&#8221;stretch_row&#8221; bg_type=&#8221;image&#8221; parallax_style=&#8221;vcpb-default&#8221; bg_image_new=&#8221;id^329|url^https:\/\/www.banysarabs.cat\/wp-content\/uploads\/2019\/03\/00avis.jpg|caption^null|alt^null|title^00avis|description^null&#8221; bg_image_repeat=&#8221;no-repeat&#8221; el_class=&#8221;filaprimera&#8221; css=&#8221;.vc_custom_1553675232542{margin-bottom: 0px !important;padding-bottom: 0px !important;}&#8221;][vc_column css=&#8221;.vc_custom_1553502207797{margin-bottom: 0px !important;padding-bottom: 0px !important;}&#8221;]<div class=\"ult-spacer spacer-69e7386c616d4\" data-id=\"69e7386c616d4\" data-height=\"275\" data-height-mobile=\"275\" data-height-tab=\"275\" data-height-tab-portrait=\"\" data-height-mobile-landscape=\"\" style=\"clear:both;display:block;\"><\/div><div id=\"ultimate-heading-726769e7386c61762\" class=\"uvc-heading ult-adjust-bottom-margin ultimate-heading-726769e7386c61762 uvc-3500 \" data-hspacer=\"no_spacer\"  data-halign=\"center\" style=\"text-align:center\"><div class=\"uvc-heading-spacer no_spacer\" style=\"top\"><\/div><div class=\"uvc-sub-heading ult-responsive\"  data-ultimate-target='.uvc-heading.ultimate-heading-726769e7386c61762 .uvc-sub-heading '  data-responsive-json-new='{\"font-size\":\"desktop:60px;\",\"line-height\":\"\"}'  style=\"font-weight:normal;color:#0a0a0a;\">\n<p style=\"text-align: center;\"><span style=\"color: #ffffff; letter-spacing: 6px; font-weight: 300;\">LEGAL WARNING<\/span><\/p>\n<\/div><\/div><div class=\"ult-spacer spacer-69e7386c617cb\" data-id=\"69e7386c617cb\" data-height=\"285\" data-height-mobile=\"285\" data-height-tab=\"285\" data-height-tab-portrait=\"\" data-height-mobile-landscape=\"\" style=\"clear:both;display:block;\"><\/div>[\/vc_column][\/vc_row][vc_row full_width=&#8221;stretch_row&#8221; bg_type=&#8221;bg_color&#8221; css=&#8221;.vc_custom_1553675091757{margin-top: 4px !important;margin-bottom: 5px !important;padding-top: 0px !important;padding-bottom: 0px !important;}&#8221; bg_color_value=&#8221;#cec9c2&#8243; el_class=&#8221;filasegona&#8221;][vc_column css=&#8221;.vc_custom_1553502260803{margin-top: 0px !important;margin-bottom: 0px !important;padding-top: 0px !important;padding-bottom: 0px !important;}&#8221;]<div class=\"ult-spacer spacer-69e7386c61813\" data-id=\"69e7386c61813\" data-height=\"88\" data-height-mobile=\"88\" data-height-tab=\"88\" data-height-tab-portrait=\"\" data-height-mobile-landscape=\"\" style=\"clear:both;display:block;\"><\/div>[vc_column_text]Aquest lloc i el domini <strong>banysarabs.cat<\/strong>\u00a0pertanyen al\u00a0<b>Consell Comarcal del Giron\u00e8s<\/b>, amb domicili al carrer Riera de Mus, 1-A de Girona (CP &#8211; 17003), tel. + 34 972 213 262, fax + 34 972 213 573, correu electr\u00f2nic\u00a0<b>info@girones.cat<\/b>\u00a0i\u00a0<b>CIF P6700003D<\/b>.<\/p>\n<p><b>Propietat intel\u2022lectual<\/b><\/p>\n<hr \/>\n<p>La totalitat del contingut d\u2019aquest lloc web, tant els logotips, textos, fotografies, dissenys o altres elements gr\u00e0fics, aix\u00ed com l\u2019estructura del disseny, combinacions de colors o forma de presentaci\u00f3 dels continguts, estan afectats per drets de propietat intel\u2022lectual protegits per la llei, drets que els usuaris del web han de respectar. Pertanyen al Consell Comarcal del Giron\u00e8s o a terceres persones amb qui el Consell Comarcal del Giron\u00e8s n\u2019ha acordat la utilitzaci\u00f3 i comunicaci\u00f3. Configuren i s\u2019han incl\u00f2s a aquest lloc amb finalitats d\u2019informaci\u00f3 i prestaci\u00f3 de serveis. \u00danicament poden ser utilitzats per a aquestes finalitats i citant sempre la seva proced\u00e8ncia i refer\u00e8ncies d\u2019identificaci\u00f3. No \u00e9s l\u00edcita la seva transformaci\u00f3 o alteraci\u00f3, ni tampoc la comunicaci\u00f3 p\u00fablica, ni qualsevol altra forma d\u2019explotaci\u00f3 per qualsevol t\u00e8cnica o procediment sense autoritzaci\u00f3 expressa del Consell Comarcal del Giron\u00e8s.<\/p>\n<p>El Consell Comarcal del Giron\u00e8s informa que el seu logotip pot ser utilitzat \u00fanicament per a identificar activitats o iniciatives pr\u00f2pies del Consell Comarcal del Giron\u00e8s, o d\u2019altres persones o institucions quan aquestes iniciatives o activitats compten amb el suport expl\u00edcit o la participaci\u00f3 del Consell Comarcal del Giron\u00e8s.<\/p>\n<p>No s\u2019autoritzen presentacions dels continguts d\u2019aquest lloc en un finestra aliena (framing) sense autoritzaci\u00f3 expressa i per escrit del Consell Comarcal del Giron\u00e8s.<\/p>\n<p><b>Utilitzaci\u00f3 de cookies<\/b><\/p>\n<hr \/>\n<p>El Consell Comarcal del Giron\u00e8s informa que aquest lloc web utilitza galetes (cookies) de tercers exclusivament per obtenir informaci\u00f3 estad\u00edstica sobre la navegaci\u00f3. Navegar per aquest lloc web implica que se n\u2019accepta l\u2019\u00fas. Podeu obtenir m\u00e9s informaci\u00f3 consultant la nostra\u00a0<a href=\"https:\/\/www.banysarabs.cat\/en\/cookies\/\" target=\"_blank\" rel=\"noopener noreferrer\"><b>pol\u00edtica de cookies<\/b><\/a>.<\/p>\n<p><b>Responsabilitats sobre el funcionament del lloc i enlla\u00e7os<\/b><\/p>\n<hr \/>\n<p>El Consell Comarcal del Giron\u00e8s no es fa responsable davant dels usuaris del seu lloc web dels possibles danys o perjudicis que es puguin derivar d\u2019interfer\u00e8ncies,omissions, interrupcions, virus inform\u00e0tics, sobrec\u00e0rrega de les l\u00ednies, avaries o desconnexions quan estiguin motivades per causes que li s\u00f3n alienes. Tampoc no se\u2019n fa dels danys que puguin ser causats per terceres persones mitjan\u00e7ant intromissions il\u2022leg\u00edtimes fora del control del Consell Comarcal del Giron\u00e8s. No obstant es compromet a advertir pr\u00e8viament de les interrupcions en el funcionament del web i dels serveis.<\/p>\n<p>El Consell Comarcal del Giron\u00e8s no es fa responsable del contingut, exactitud i actualitzaci\u00f3 de la informaci\u00f3 d\u2019altres persones f\u00edsiques o jur\u00eddiques a la que es remeti per mitj\u00e0 d\u2019enlla\u00e7os o d\u2019altres sistemes.<\/p>\n<p><b>Condicions d\u2019\u00fas<\/b><\/p>\n<hr \/>\n<p>L\u2019\u00fas d\u2019aquest web implica l\u2019acceptaci\u00f3 plena i sense reserves dels termes i condicions del present av\u00eds legal. Els possibles conflictes relatius a aquest web es regiran exclusivament pel dret de l&#8217;Estat espanyol. Tota persona usu\u00e0ria del web, independentment de la jurisdicci\u00f3 territorial des de la qual es produeixi el seu acc\u00e9s, accepta el compliment i respecte d\u2019aquestes cl\u00e0usules.[\/vc_column_text]<div class=\"ult-spacer spacer-69e7386c61852\" data-id=\"69e7386c61852\" data-height=\"52\" data-height-mobile=\"52\" data-height-tab=\"52\" data-height-tab-portrait=\"\" data-height-mobile-landscape=\"\" style=\"clear:both;display:block;\"><\/div>[\/vc_column][\/vc_row]\n<\/div>","protected":false},"excerpt":{"rendered":"<p>[vc_row full_width=&#8221;stretch_row&#8221; bg_type=&#8221;image&#8221; parallax_style=&#8221;vcpb-default&#8221; bg_image_new=&#8221;id^329|url^https:\/\/www.banysarabs.cat\/wp-content\/uploads\/2019\/03\/00avis.jpg|caption^null|alt^null|title^00avis|description^null&#8221; bg_image_repeat=&#8221;no-repeat&#8221; el_class=&#8221;filaprimera&#8221; css=&#8221;.vc_custom_1553675232542{margin-bottom: 0px !important;padding-bottom: 0px !important;}&#8221;][vc_column css=&#8221;.vc_custom_1553502207797{margin-bottom: 0px !important;padding-bottom: 0px !important;}&#8221;][\/vc_column][\/vc_row][vc_row full_width=&#8221;stretch_row&#8221; bg_type=&#8221;bg_color&#8221; css=&#8221;.vc_custom_1553675091757{margin-top: 4px !important;margin-bottom: 5px !important;padding-top: 0px !important;padding-bottom: 0px !important;}&#8221; bg_color_value=&#8221;#cec9c2&#8243; el_class=&#8221;filasegona&#8221;][vc_column css=&#8221;.vc_custom_1553502260803{margin-top: 0px !important;margin-bottom: 0px !important;padding-top: 0px !important;padding-bottom: 0px !important;}&#8221;][vc_column_text]Aquest lloc i el domini banysarabs.cat\u00a0pertanyen al\u00a0Consell Comarcal del Giron\u00e8s, amb domicili al carrer Riera de Mus, 1-A de Girona (CP &#8211; 17003), tel. + 34 972 213 262, fax + 34 972 213 573, correu electr\u00f2nic\u00a0info@girones.cat\u00a0i\u00a0CIF P6700003D. Propietat intel\u2022lectual La totalitat del contingut d\u2019aquest lloc web, tant els logotips, textos, fotografies, dissenys o altres elements gr\u00e0fics, aix\u00ed com l\u2019estructura del disseny, combinacions de colors o forma de presentaci\u00f3 dels continguts, estan afectats per drets de propietat intel\u2022lectual protegits per la llei, drets que els usuaris del web han de respectar. Pertanyen al Consell Comarcal del Giron\u00e8s o a terceres persones amb qui el Consell Comarcal del Giron\u00e8s n\u2019ha acordat la utilitzaci\u00f3 i comunicaci\u00f3. Configuren i s\u2019han incl\u00f2s a aquest lloc amb finalitats d\u2019informaci\u00f3 i prestaci\u00f3 de serveis. \u00danicament poden ser utilitzats per a aquestes finalitats i citant sempre la seva proced\u00e8ncia i refer\u00e8ncies d\u2019identificaci\u00f3. No \u00e9s l\u00edcita la seva transformaci\u00f3 o alteraci\u00f3, ni tampoc la comunicaci\u00f3 p\u00fablica, ni qualsevol altra forma d\u2019explotaci\u00f3 per qualsevol t\u00e8cnica o procediment sense autoritzaci\u00f3 expressa del Consell Comarcal del Giron\u00e8s. El Consell Comarcal del Giron\u00e8s informa que el seu logotip pot ser utilitzat \u00fanicament per a identificar activitats o iniciatives pr\u00f2pies del Consell Comarcal del Giron\u00e8s, o d\u2019altres persones o institucions quan aquestes iniciatives o activitats compten amb el suport expl\u00edcit o la participaci\u00f3 del Consell Comarcal del Giron\u00e8s. No s\u2019autoritzen presentacions dels continguts d\u2019aquest lloc en un finestra aliena (framing) sense autoritzaci\u00f3 expressa i per escrit del Consell Comarcal del Giron\u00e8s. Utilitzaci\u00f3 de cookies El Consell Comarcal del Giron\u00e8s informa que aquest lloc web utilitza galetes (cookies) de tercers exclusivament per obtenir informaci\u00f3 estad\u00edstica sobre la navegaci\u00f3. Navegar per aquest lloc web implica que se n\u2019accepta l\u2019\u00fas. Podeu obtenir m\u00e9s informaci\u00f3 consultant la nostra\u00a0pol\u00edtica de cookies. Responsabilitats sobre el funcionament del lloc i enlla\u00e7os El Consell Comarcal del Giron\u00e8s no es fa responsable davant dels usuaris del seu lloc web dels possibles danys o perjudicis que es puguin derivar d\u2019interfer\u00e8ncies,omissions, interrupcions, virus inform\u00e0tics, sobrec\u00e0rrega de les l\u00ednies, avaries o desconnexions quan estiguin motivades per causes que li s\u00f3n alienes. Tampoc no se\u2019n fa dels danys que puguin ser causats per terceres persones mitjan\u00e7ant intromissions il\u2022leg\u00edtimes fora del control del Consell Comarcal del Giron\u00e8s. No obstant es compromet a advertir pr\u00e8viament de les interrupcions en el funcionament del web i dels serveis. El Consell Comarcal del Giron\u00e8s no es fa responsable del contingut, exactitud i actualitzaci\u00f3 de la informaci\u00f3 d\u2019altres persones f\u00edsiques o jur\u00eddiques a la que es remeti per mitj\u00e0 d\u2019enlla\u00e7os o d\u2019altres sistemes. Condicions d\u2019\u00fas L\u2019\u00fas d\u2019aquest web implica l\u2019acceptaci\u00f3 plena i sense reserves dels termes i condicions del present av\u00eds legal. Els possibles conflictes relatius a aquest web es regiran exclusivament pel dret de l&#8217;Estat espanyol. Tota persona usu\u00e0ria del web, independentment de la jurisdicci\u00f3 territorial des de la qual es produeixi el seu acc\u00e9s, accepta el compliment i respecte d\u2019aquestes cl\u00e0usules.[\/vc_column_text][\/vc_column][\/vc_row]<\/p>\n","protected":false},"author":1,"featured_media":0,"parent":0,"menu_order":0,"comment_status":"closed","ping_status":"closed","template":"","meta":{"_acf_changed":false,"footnotes":""},"yst_prominent_words":[],"class_list":["post-430","page","type-page","status-publish","hentry","entry","post-inner"],"acf":[],"_links":{"self":[{"href":"https:\/\/www.banysarabs.cat\/en\/wp-json\/wp\/v2\/pages\/430","targetHints":{"allow":["GET"]}}],"collection":[{"href":"https:\/\/www.banysarabs.cat\/en\/wp-json\/wp\/v2\/pages"}],"about":[{"href":"https:\/\/www.banysarabs.cat\/en\/wp-json\/wp\/v2\/types\/page"}],"author":[{"embeddable":true,"href":"https:\/\/www.banysarabs.cat\/en\/wp-json\/wp\/v2\/users\/1"}],"replies":[{"embeddable":true,"href":"https:\/\/www.banysarabs.cat\/en\/wp-json\/wp\/v2\/comments?post=430"}],"version-history":[{"count":8,"href":"https:\/\/www.banysarabs.cat\/en\/wp-json\/wp\/v2\/pages\/430\/revisions"}],"predecessor-version":[{"id":964,"href":"https:\/\/www.banysarabs.cat\/en\/wp-json\/wp\/v2\/pages\/430\/revisions\/964"}],"wp:attachment":[{"href":"https:\/\/www.banysarabs.cat\/en\/wp-json\/wp\/v2\/media?parent=430"}],"wp:term":[{"taxonomy":"yst_prominent_words","embeddable":true,"href":"https:\/\/www.banysarabs.cat\/en\/wp-json\/wp\/v2\/yst_prominent_words?post=430"}],"curies":[{"name":"wp","href":"https:\/\/api.w.org\/{rel}","templated":true}]}}